{"id":6158,"date":"2024-12-09T08:30:27","date_gmt":"2024-12-09T08:30:27","guid":{"rendered":"https:\/\/bubaclub.com\/avis-legal\/"},"modified":"2025-01-09T08:52:44","modified_gmt":"2025-01-09T08:52:44","slug":"avis-legal","status":"publish","type":"page","link":"https:\/\/bubaclub.com\/ca\/avis-legal\/","title":{"rendered":"Av\u00eds Legal"},"content":{"rendered":"\t\t<div data-elementor-type=\"wp-page\" data-elementor-id=\"6158\" class=\"elementor elementor-6158 elementor-5757\" data-elementor-post-type=\"page\">\n\t\t\t\t<div class=\"elementor-element elementor-element-9b64332 e-flex e-con-boxed e-con e-parent\" data-id=\"9b64332\" data-element_type=\"container\" data-e-type=\"container\">\n\t\t\t\t\t<div class=\"e-con-inner\">\n\t\t\t\t<div class=\"elementor-element elementor-element-5085472 elementor-widget elementor-widget-heading\" data-id=\"5085472\" data-element_type=\"widget\" data-e-type=\"widget\" data-widget_type=\"heading.default\">\n\t\t\t\t<div class=\"elementor-widget-container\">\n\t\t\t\t\t<h1 class=\"elementor-heading-title elementor-size-default\">AV\u00cdS LEGAL<\/h1>\t\t\t\t<\/div>\n\t\t\t\t<\/div>\n\t\t\t\t\t<\/div>\n\t\t\t\t<\/div>\n\t\t<div class=\"elementor-element elementor-element-022c8c5 e-flex e-con-boxed e-con e-parent\" data-id=\"022c8c5\" data-element_type=\"container\" data-e-type=\"container\">\n\t\t\t\t\t<div class=\"e-con-inner\">\n\t\t\t\t<div class=\"elementor-element elementor-element-4dbcde6 texto elementor-widget elementor-widget-text-editor\" data-id=\"4dbcde6\" data-element_type=\"widget\" data-e-type=\"widget\" data-widget_type=\"text-editor.default\">\n\t\t\t\t<div class=\"elementor-widget-container\">\n\t\t\t\t\t\t\t\t\t<p class=\"has-white-color has-text-color has-link-color wp-elements-870fbb11df3bc0ba62009a19fca49737\"><strong>Responsable del tractament de les dades:<\/strong> GIMN\u00c0S INDEPENDENCIA S.L.<\/p>\n<p class=\"has-white-color has-text-color has-link-color wp-elements-016c40405ff6f869ff9177fd01e9b3a9\"><strong>Finalitat del tractament: <\/strong>Gesti\u00f3 comercial i administrativa de la informaci\u00f3, els serveis, o productes sol\u00b7licitats.<\/p>\n<p class=\"has-white-color has-text-color has-link-color wp-elements-de4b7fc21c68d2286ae01ad534cedb68\"><strong>Legitimaci\u00f3 del tractament:<\/strong> Consentiment de l&#8217;interessat<strong>. <\/strong>Relaci\u00f3 precontractual o contractual.<\/p>\n<p class=\"has-white-color has-text-color has-link-color wp-elements-80223b34a88788c7c33423432ce82243\"><strong>Destinataris: <\/strong>Les dades que ens facilitis seran incorporats a una base de dades pertanyent a GIMN\u00c0S INDEPENDENCIA S.L i no seran cedits a tercers.<\/p>\n<p class=\"has-white-color has-text-color has-link-color wp-elements-71d5468808d79c52cc01c47deba3a6ed\"><strong>Drets:<\/strong> Tens dret a Accedir, rectificar i suprimir les teves dades, aix\u00ed com els altres drets previstos per la normativa vigent.<\/p>\n<p class=\"has-white-color has-text-color has-link-color wp-elements-b8ac40867ef3225ec3163c24580f200e\">Pots exercir els teus drets en el seg\u00fcent enlla\u00e7: <a href=\"https:\/\/bubaclub.com\/ca\/dades-personals\/\">Exerceix els teus Drets<\/a><\/p>\n<p class=\"has-white-color has-text-color has-link-color wp-elements-31bf7e79d98ef6a8bd406aa45e36c6f5\">Si desitges m\u00e9s informaci\u00f3, consulta la nostra <a href=\"\/politica-de-privacitat\/ca\">Pol\u00edtica de Privacitat<\/a> i la nostra <a href=\"\/politica-de-cookies\/ca\">Pol\u00edtica de Cookies<\/a><\/p>\n<p class=\"has-white-color has-text-color has-link-color wp-elements-3c13a0df1b8b0727e4fabb098ba979af\"><strong>Reclamacions davant l&#8217;Autoritat de protecci\u00f3 de dades:<\/strong> pots dirigir les reclamacions derivades del tractament de les seves dades de car\u00e0cter personal a l&#8217;Ag\u00e8ncia Espanyola de Protecci\u00f3 de Dades (<a href=\"http:\/\/www.agpd.es\/\">www.agpd.es<\/a>).<\/p><\/p>\n\t\t\t\t\t\t\t\t<\/div>\n\t\t\t\t<\/div>\n\t\t\t\t\t<\/div>\n\t\t\t\t<\/div>\n\t\t\t\t<\/div>\n\t\t","protected":false},"excerpt":{"rendered":"<p>AV\u00cdS LEGAL Responsable del tractament de les dades: GIMN\u00c0S INDEPENDENCIA S.L. Finalitat del tractament: Gesti\u00f3 comercial i administrativa de la informaci\u00f3, els serveis, o productes sol\u00b7licitats. Legitimaci\u00f3 del tractament: Consentiment de l&#8217;interessat. Relaci\u00f3 precontractual o contractual. Destinataris: Les dades que ens facilitis seran incorporats a una base de dades pertanyent a GIMN\u00c0S INDEPENDENCIA S.L i&#8230;<\/p>\n<div class=\"read-more-link-wrapper\"><a class=\"read-more-link\" href=\"https:\/\/bubaclub.com\/ca\/avis-legal\/\">Leer m\u00e1s<i class=\"icon-next\"><\/i><\/a><\/div>\n","protected":false},"author":7,"featured_media":0,"parent":0,"menu_order":0,"comment_status":"closed","ping_status":"closed","template":"","meta":{"_uf_show_specific_survey":0,"_uf_disable_surveys":false,"footnotes":""},"class_list":["post-6158","page","type-page","status-publish","hentry"],"yoast_head":"<!-- This site is optimized with the Yoast SEO plugin v27.1.1 - https:\/\/yoast.com\/product\/yoast-seo-wordpress\/ -->\n<title>Av\u00eds Legal - Buba Club<\/title>\n<meta name=\"description\" content=\"Llegeix l\u00b4av\u00eds legal de Buba Fitness Club per con\u00e8ixer les nostres condicions, drets i responsabilitats en utilitzar els nostres serveis i web.\" \/>\n<meta name=\"robots\" content=\"index, follow, max-snippet:-1, max-image-preview:large, max-video-preview:-1\" \/>\n<link rel=\"canonical\" href=\"https:\/\/bubaclub.com\/ca\/avis-legal\/\" \/>\n<meta property=\"og:locale\" content=\"ca_ES\" \/>\n<meta property=\"og:type\" content=\"article\" \/>\n<meta property=\"og:title\" content=\"Av\u00eds Legal - Buba Club\" \/>\n<meta property=\"og:description\" content=\"Llegeix l\u00b4av\u00eds legal de Buba Fitness Club per con\u00e8ixer les nostres condicions, drets i responsabilitats en utilitzar els nostres serveis i web.\" \/>\n<meta property=\"og:url\" content=\"https:\/\/bubaclub.com\/ca\/avis-legal\/\" \/>\n<meta property=\"og:site_name\" content=\"Buba Club\" \/>\n<meta property=\"article:modified_time\" content=\"2025-01-09T08:52:44+00:00\" \/>\n<meta name=\"twitter:card\" content=\"summary_large_image\" \/>\n<meta name=\"twitter:label1\" content=\"Temps estimat de lectura\" \/>\n\t<meta name=\"twitter:data1\" content=\"1 minut\" \/>\n<script type=\"application\/ld+json\" class=\"yoast-schema-graph\">{\"@context\":\"https:\/\/schema.org\",\"@graph\":[{\"@type\":\"WebPage\",\"@id\":\"https:\/\/bubaclub.com\/ca\/avis-legal\/\",\"url\":\"https:\/\/bubaclub.com\/ca\/avis-legal\/\",\"name\":\"Av\u00eds Legal - Buba Club\",\"isPartOf\":{\"@id\":\"https:\/\/bubaclub.com\/es\/#website\"},\"datePublished\":\"2024-12-09T08:30:27+00:00\",\"dateModified\":\"2025-01-09T08:52:44+00:00\",\"description\":\"Llegeix l\u00b4av\u00eds legal de Buba Fitness Club per con\u00e8ixer les nostres condicions, drets i responsabilitats en utilitzar els nostres serveis i web.\",\"breadcrumb\":{\"@id\":\"https:\/\/bubaclub.com\/ca\/avis-legal\/#breadcrumb\"},\"inLanguage\":\"ca\",\"potentialAction\":[{\"@type\":\"ReadAction\",\"target\":[\"https:\/\/bubaclub.com\/ca\/avis-legal\/\"]}]},{\"@type\":\"BreadcrumbList\",\"@id\":\"https:\/\/bubaclub.com\/ca\/avis-legal\/#breadcrumb\",\"itemListElement\":[{\"@type\":\"ListItem\",\"position\":1,\"name\":\"Home\",\"item\":\"https:\/\/bubaclub.com\/ca\/home\/\"},{\"@type\":\"ListItem\",\"position\":2,\"name\":\"Av\u00eds Legal\"}]},{\"@type\":\"WebSite\",\"@id\":\"https:\/\/bubaclub.com\/es\/#website\",\"url\":\"https:\/\/bubaclub.com\/es\/\",\"name\":\"Buba Club\",\"description\":\"Buba Club\",\"publisher\":{\"@id\":\"https:\/\/bubaclub.com\/es\/#organization\"},\"potentialAction\":[{\"@type\":\"SearchAction\",\"target\":{\"@type\":\"EntryPoint\",\"urlTemplate\":\"https:\/\/bubaclub.com\/es\/?s={search_term_string}\"},\"query-input\":{\"@type\":\"PropertyValueSpecification\",\"valueRequired\":true,\"valueName\":\"search_term_string\"}}],\"inLanguage\":\"ca\"},{\"@type\":\"Organization\",\"@id\":\"https:\/\/bubaclub.com\/es\/#organization\",\"name\":\"Buba Club\",\"url\":\"https:\/\/bubaclub.com\/es\/\",\"logo\":{\"@type\":\"ImageObject\",\"inLanguage\":\"ca\",\"@id\":\"https:\/\/bubaclub.com\/es\/#\/schema\/logo\/image\/\",\"url\":\"https:\/\/bubaclub.com\/wp-content\/uploads\/2023\/12\/Buba_logo_Horizontal-nwew-.png\",\"contentUrl\":\"https:\/\/bubaclub.com\/wp-content\/uploads\/2023\/12\/Buba_logo_Horizontal-nwew-.png\",\"width\":1548,\"height\":633,\"caption\":\"Buba Club\"},\"image\":{\"@id\":\"https:\/\/bubaclub.com\/es\/#\/schema\/logo\/image\/\"}}]}<\/script>\n<!-- \/ Yoast SEO plugin. -->","yoast_head_json":{"title":"Av\u00eds Legal - Buba Club","description":"Llegeix l\u00b4av\u00eds legal de Buba Fitness Club per con\u00e8ixer les nostres condicions, drets i responsabilitats en utilitzar els nostres serveis i web.","robots":{"index":"index","follow":"follow","max-snippet":"max-snippet:-1","max-image-preview":"max-image-preview:large","max-video-preview":"max-video-preview:-1"},"canonical":"https:\/\/bubaclub.com\/ca\/avis-legal\/","og_locale":"ca_ES","og_type":"article","og_title":"Av\u00eds Legal - Buba Club","og_description":"Llegeix l\u00b4av\u00eds legal de Buba Fitness Club per con\u00e8ixer les nostres condicions, drets i responsabilitats en utilitzar els nostres serveis i web.","og_url":"https:\/\/bubaclub.com\/ca\/avis-legal\/","og_site_name":"Buba Club","article_modified_time":"2025-01-09T08:52:44+00:00","twitter_card":"summary_large_image","twitter_misc":{"Temps estimat de lectura":"1 minut"},"schema":{"@context":"https:\/\/schema.org","@graph":[{"@type":"WebPage","@id":"https:\/\/bubaclub.com\/ca\/avis-legal\/","url":"https:\/\/bubaclub.com\/ca\/avis-legal\/","name":"Av\u00eds Legal - Buba Club","isPartOf":{"@id":"https:\/\/bubaclub.com\/es\/#website"},"datePublished":"2024-12-09T08:30:27+00:00","dateModified":"2025-01-09T08:52:44+00:00","description":"Llegeix l\u00b4av\u00eds legal de Buba Fitness Club per con\u00e8ixer les nostres condicions, drets i responsabilitats en utilitzar els nostres serveis i web.","breadcrumb":{"@id":"https:\/\/bubaclub.com\/ca\/avis-legal\/#breadcrumb"},"inLanguage":"ca","potentialAction":[{"@type":"ReadAction","target":["https:\/\/bubaclub.com\/ca\/avis-legal\/"]}]},{"@type":"BreadcrumbList","@id":"https:\/\/bubaclub.com\/ca\/avis-legal\/#breadcrumb","itemListElement":[{"@type":"ListItem","position":1,"name":"Home","item":"https:\/\/bubaclub.com\/ca\/home\/"},{"@type":"ListItem","position":2,"name":"Av\u00eds Legal"}]},{"@type":"WebSite","@id":"https:\/\/bubaclub.com\/es\/#website","url":"https:\/\/bubaclub.com\/es\/","name":"Buba Club","description":"Buba Club","publisher":{"@id":"https:\/\/bubaclub.com\/es\/#organization"},"potentialAction":[{"@type":"SearchAction","target":{"@type":"EntryPoint","urlTemplate":"https:\/\/bubaclub.com\/es\/?s={search_term_string}"},"query-input":{"@type":"PropertyValueSpecification","valueRequired":true,"valueName":"search_term_string"}}],"inLanguage":"ca"},{"@type":"Organization","@id":"https:\/\/bubaclub.com\/es\/#organization","name":"Buba Club","url":"https:\/\/bubaclub.com\/es\/","logo":{"@type":"ImageObject","inLanguage":"ca","@id":"https:\/\/bubaclub.com\/es\/#\/schema\/logo\/image\/","url":"https:\/\/bubaclub.com\/wp-content\/uploads\/2023\/12\/Buba_logo_Horizontal-nwew-.png","contentUrl":"https:\/\/bubaclub.com\/wp-content\/uploads\/2023\/12\/Buba_logo_Horizontal-nwew-.png","width":1548,"height":633,"caption":"Buba Club"},"image":{"@id":"https:\/\/bubaclub.com\/es\/#\/schema\/logo\/image\/"}}]}},"_links":{"self":[{"href":"https:\/\/bubaclub.com\/ca\/wp-json\/wp\/v2\/pages\/6158","targetHints":{"allow":["GET"]}}],"collection":[{"href":"https:\/\/bubaclub.com\/ca\/wp-json\/wp\/v2\/pages"}],"about":[{"href":"https:\/\/bubaclub.com\/ca\/wp-json\/wp\/v2\/types\/page"}],"author":[{"embeddable":true,"href":"https:\/\/bubaclub.com\/ca\/wp-json\/wp\/v2\/users\/7"}],"replies":[{"embeddable":true,"href":"https:\/\/bubaclub.com\/ca\/wp-json\/wp\/v2\/comments?post=6158"}],"version-history":[{"count":3,"href":"https:\/\/bubaclub.com\/ca\/wp-json\/wp\/v2\/pages\/6158\/revisions"}],"predecessor-version":[{"id":6379,"href":"https:\/\/bubaclub.com\/ca\/wp-json\/wp\/v2\/pages\/6158\/revisions\/6379"}],"wp:attachment":[{"href":"https:\/\/bubaclub.com\/ca\/wp-json\/wp\/v2\/media?parent=6158"}],"curies":[{"name":"wp","href":"https:\/\/api.w.org\/{rel}","templated":true}]}}