{"id":6160,"date":"2024-12-05T14:25:28","date_gmt":"2024-12-05T14:25:28","guid":{"rendered":"https:\/\/bubaclub.com\/campus-destiu\/"},"modified":"2026-04-29T09:57:26","modified_gmt":"2026-04-29T09:57:26","slug":"campus-destiu","status":"publish","type":"page","link":"https:\/\/bubaclub.com\/ca\/campus-destiu\/","title":{"rendered":"Campus d&#8217;Estiu"},"content":{"rendered":"\t\t<div data-elementor-type=\"wp-page\" data-elementor-id=\"6160\" class=\"elementor elementor-6160 elementor-5566\" data-elementor-post-type=\"page\">\n\t\t\t\t<div class=\"elementor-element elementor-element-a6496d6 e-flex e-con-boxed e-con e-parent\" data-id=\"a6496d6\" data-element_type=\"container\" data-e-type=\"container\">\n\t\t\t\t\t<div class=\"e-con-inner\">\n\t\t\t\t<div class=\"elementor-element elementor-element-ce88bcb elementor-widget elementor-widget-heading\" data-id=\"ce88bcb\" data-element_type=\"widget\" data-e-type=\"widget\" data-widget_type=\"heading.default\">\n\t\t\t\t<div class=\"elementor-widget-container\">\n\t\t\t\t\t<h1 class=\"elementor-heading-title elementor-size-default\">CAMPUS D'ESTIU<\/h1>\t\t\t\t<\/div>\n\t\t\t\t<\/div>\n\t\t\t\t\t<\/div>\n\t\t\t\t<\/div>\n\t\t<div class=\"elementor-element elementor-element-337f2e6 e-flex e-con-boxed e-con e-parent\" data-id=\"337f2e6\" data-element_type=\"container\" data-e-type=\"container\">\n\t\t\t\t\t<div class=\"e-con-inner\">\n\t\t\t\t<div class=\"elementor-element elementor-element-7c67f50 elementor-widget elementor-widget-text-editor\" data-id=\"7c67f50\" data-element_type=\"widget\" data-e-type=\"widget\" data-widget_type=\"text-editor.default\">\n\t\t\t\t<div class=\"elementor-widget-container\">\n\t\t\t\t\t\t\t\t\t<h3><strong style=\"color: #ffffff;\"><strong style=\"color: #ffffff;\">XII EDICI\u00d3 DEL NOSTRE CAMPUS D&#8217;ESTIU 2026!<\/strong><\/strong><\/h3>\t\t\t\t\t\t\t\t<\/div>\n\t\t\t\t<\/div>\n\t\t<div class=\"elementor-element elementor-element-1d29f25 e-con-full e-flex e-con e-child\" data-id=\"1d29f25\" data-element_type=\"container\" data-e-type=\"container\">\n\t\t\t\t<div class=\"elementor-element elementor-element-1b3a688 elementor-widget__width-initial elementor-widget-tablet__width-inherit elementor-widget elementor-widget-text-editor\" data-id=\"1b3a688\" data-element_type=\"widget\" data-e-type=\"widget\" data-widget_type=\"text-editor.default\">\n\t\t\t\t<div class=\"elementor-widget-container\">\n\t\t\t\t\t\t\t\t\t<div><span style=\"font-size: 1rem; letter-spacing: 0px;\">Totes les activitats del campus d&#8217;estiu estan adaptades a l&#8217;edat i nivell psicoevolutiu dels participants (dels 6 als 13 anys).<\/span><\/div><p>L&#8217;objectiu principal, per tant, \u00e9s que els nens, gr\u00e0cies a la pr\u00e0ctica de diferents modalitats esportives, puguin desenvolupar no sols les seves habilitats socials i cognitives, sin\u00f3 tamb\u00e9 les seves destreses f\u00edsiques. A m\u00e9s, els nens i nenes tindran l&#8217;oportunitat de divertir-se mentre adquireixen h\u00e0bits de vida saludables d&#8217;una forma creativa i motivadora. <\/p><p>De la m\u00e0 dels nostres monitors titulats i qualificats per a cada activitat, els nens gaudiran d&#8217;una gran varietat d&#8217;activitats, tant dins com fora del centre esportiu. Entre aquestes, s&#8217;inclouen esports aer\u00f2bics, funcionals, jocs i balls, a m\u00e9s de nataci\u00f3 i esports d&#8217;aigua que realitzarem en la nostra <a href=\"https:\/\/bubaclub.com\/ca\/piscina-spa\/\" target=\"_blank\" rel=\"noopener\">piscina <\/a>i\/o en el centre <strong>Espai Mar CNB.<\/strong> <\/p>\t\t\t\t\t\t\t\t<\/div>\n\t\t\t\t<\/div>\n\t\t\t\t<div class=\"elementor-element elementor-element-16a059b elementor-widget__width-initial elementor-widget elementor-widget-image\" data-id=\"16a059b\" data-element_type=\"widget\" data-e-type=\"widget\" data-widget_type=\"image.default\">\n\t\t\t\t<div class=\"elementor-widget-container\">\n\t\t\t\t\t\t\t\t\t\t\t\t\t\t\t<img fetchpriority=\"high\" decoding=\"async\" width=\"1024\" height=\"696\" src=\"https:\/\/bubaclub.com\/wp-content\/uploads\/2026\/04\/capus-verano-1024x696.png\" class=\"attachment-large size-large wp-image-7477\" alt=\"\" srcset=\"https:\/\/bubaclub.com\/wp-content\/uploads\/2026\/04\/capus-verano-1024x696.png 1024w, https:\/\/bubaclub.com\/wp-content\/uploads\/2026\/04\/capus-verano-300x204.png 300w, https:\/\/bubaclub.com\/wp-content\/uploads\/2026\/04\/capus-verano-768x522.png 768w, https:\/\/bubaclub.com\/wp-content\/uploads\/2026\/04\/capus-verano.png 1410w\" sizes=\"(max-width: 1024px) 100vw, 1024px\" \/>\t\t\t\t\t\t\t\t\t\t\t\t\t\t\t<\/div>\n\t\t\t\t<\/div>\n\t\t\t\t<\/div>\n\t\t\t\t<div class=\"elementor-element elementor-element-36a4b1e elementor-widget elementor-widget-text-editor\" data-id=\"36a4b1e\" data-element_type=\"widget\" data-e-type=\"widget\" data-widget_type=\"text-editor.default\">\n\t\t\t\t<div class=\"elementor-widget-container\">\n\t\t\t\t\t\t\t\t\t<h3><strong style=\"color: #ffffff;\">TIPOLOGIA D&#8217;ACTIVITATS al campus d&#8217;estiu:<\/strong><\/h3><p>Totes les activitats, per descomptat, s\u00f3n de car\u00e0cter din\u00e0mic i en\u00e8rgic. Aix\u00ed mateix, estan completament adaptades a les necessitats del grup, i estan enfocades en la pr\u00e0ctica i el coneixement de diferents modalitats esportives, com per exemple: <\/p><ul><li><strong>Esports<\/strong>: cycling, pilates, hbx boxing, caiac etc.<\/li><li><strong>Activitats aqu\u00e0tiques: <\/strong>Curset de nataci\u00f3, Waterpolo, Aiguagim, Aquadance, jocs d\u2019aigua\u2026<\/li><li>Activitats en la mar: Kayak, paddle surf, big paddle, vela i jocs a la platja.<\/li><\/ul><p>A m\u00e9s, combinarem les modalitats esportives amb:<\/p><ul><li>Jocs cooperatius, de coneixement, tradicionals i de confian\u00e7a.<\/li><li>Activitats i jocs amb suport musical.<\/li><li>Jocs i circuits de psicomotricitat.<\/li><li>Activitats d&#8217;expressi\u00f3 corporal.<\/li><\/ul><h3><strong style=\"color: #ffffff;\">SORTIDES<\/strong><\/h3><p>Els nens i joves del campus d&#8217;estiu de <strong>BUBA CLUB<\/strong>, realitzen una sortida a la setmana a la platja de Badalona, realitzant jocs a la platja i esport de mar en el centre Espai Mar CNB.<\/p><div><div><h3><strong style=\"color: #ffffff;\">EDATS I DESTINATARIS<\/strong><\/h3><p><strong>Nens i nenes de 6 a 13 anys. <\/strong><\/p><p>Segons l&#8217;art. 12 del Decret 267\/2016, \u00e9s obligatori presentar la targeta sanit\u00e0ria i el carnet de vacunaci\u00f3 del menor per a la seva inscripci\u00f3.<\/p><p>Addre\u00e7a: C\/Girona 35-37, Badalona<\/p><p><strong>Places limitades a 40 nens per setmana.<\/strong><\/p><\/div><div><h3><strong style=\"color: #ffffff;\">SETMANES<\/strong><\/h3><ul><li><strong>Setmana 1. <\/strong>Del 29 de juny al 3 de juliol.<\/li><li><strong>Setmana 2. <\/strong>Del 6 al 10 de juliol.<\/li><li><strong>Setmana 3. <\/strong>Del 13 al 17 de juliol.<\/li><li><strong>Setmana 4. <\/strong>Del 20 al 24 de juliol.<\/li><li><strong>Setmana 5.<\/strong> Del 27 al 31 de juliol.<\/li><\/ul><\/div><div><h3><strong style=\"color: #ffffff;\">Preus i horaris del campus d&#8217;estiu<\/strong><\/h3><p><strong>Preu per setmana<\/strong>: 92\u20ac<\/p><p><strong>Segur m\u00e8dic obligatori<\/strong>: 4,99\u20ac<\/p><p><strong>Horari<\/strong>: De 9 a 14:00h. De dilluns a divendres.<\/p><\/div><\/div>\t\t\t\t\t\t\t\t<\/div>\n\t\t\t\t<\/div>\n\t\t\t\t\t<\/div>\n\t\t\t\t<\/div>\n\t\t<div class=\"elementor-element elementor-element-c045abc e-flex e-con-boxed e-con e-parent\" data-id=\"c045abc\" data-element_type=\"container\" data-e-type=\"container\" data-settings=\"{&quot;background_background&quot;:&quot;classic&quot;}\">\n\t\t\t\t\t<div class=\"e-con-inner\">\n\t\t\t\t<div class=\"elementor-element elementor-element-5253290 elementor-widget elementor-widget-heading\" data-id=\"5253290\" data-element_type=\"widget\" data-e-type=\"widget\" data-widget_type=\"heading.default\">\n\t\t\t\t<div class=\"elementor-widget-container\">\n\t\t\t\t\t<h2 class=\"elementor-heading-title elementor-size-default\">INSCRIPCIONS<\/h2>\t\t\t\t<\/div>\n\t\t\t\t<\/div>\n\t\t\t\t<div class=\"elementor-element elementor-element-32028fb elementor-widget elementor-widget-text-editor\" data-id=\"32028fb\" data-element_type=\"widget\" data-e-type=\"widget\" data-widget_type=\"text-editor.default\">\n\t\t\t\t<div class=\"elementor-widget-container\">\n\t\t\t\t\t\t\t\t\tA partir del 29 de abril se abren las inscripciones para el Campus de Verano 2026.\t\t\t\t\t\t\t\t<\/div>\n\t\t\t\t<\/div>\n\t\t\t\t<div class=\"elementor-element elementor-element-eb1a161 elementor-widget elementor-widget-text-editor\" data-id=\"eb1a161\" data-element_type=\"widget\" data-e-type=\"widget\" data-widget_type=\"text-editor.default\">\n\t\t\t\t<div class=\"elementor-widget-container\">\n\t\t\t\t\t\t\t\t\tSi \u00e9s la primera vegada que t&#8217;apuntes, haur\u00e0s de completar el formulari de registre per a crear un nou usuari i adjuntar la documentaci\u00f3 requerida (targeta sanit\u00e0ria i carnet de vacunaci\u00f3).\t\t\t\t\t\t\t\t<\/div>\n\t\t\t\t<\/div>\n\t\t\t\t<div class=\"elementor-element elementor-element-864ebaa elementor-widget elementor-widget-text-editor\" data-id=\"864ebaa\" data-element_type=\"widget\" data-e-type=\"widget\" data-widget_type=\"text-editor.default\">\n\t\t\t\t<div class=\"elementor-widget-container\">\n\t\t\t\t\t\t\t\t\tSi ja has estat abonat\/a o has participat en algun dels nostres cursos o campus anteriors, pots inscriure&#8217;t directament a trav\u00e9s de l&#8217;enlla\u00e7 que trobar\u00e0s m\u00e9s a baix.\t\t\t\t\t\t\t\t<\/div>\n\t\t\t\t<\/div>\n\t\t\t\t<div class=\"elementor-element elementor-element-2fa8373 elementor-widget elementor-widget-text-editor\" data-id=\"2fa8373\" data-element_type=\"widget\" data-e-type=\"widget\" data-widget_type=\"text-editor.default\">\n\t\t\t\t<div class=\"elementor-widget-container\">\n\t\t\t\t\t\t\t\t\tEs pot reservar una setmana o diverses alhora, sempre que hi hagi places disponibles. Si la setmana que t&#8217;interessa ja est\u00e0 completa, podr\u00e0s preinscriure&#8217;t en llista d&#8217;espera per a aquesta setmana en concret.  \t\t\t\t\t\t\t\t<\/div>\n\t\t\t\t<\/div>\n\t\t\t\t<div class=\"elementor-element elementor-element-0ade64b elementor-widget elementor-widget-text-editor\" data-id=\"0ade64b\" data-element_type=\"widget\" data-e-type=\"widget\" data-widget_type=\"text-editor.default\">\n\t\t\t\t<div class=\"elementor-widget-container\">\n\t\t\t\t\t\t\t\t\tEls pagaments es realitzen mitjan\u00e7ant targeta de cr\u00e8dit en finalitzar el formulari d&#8217;inscripci\u00f3. Si m\u00e9s endavant voleu afegir m\u00e9s setmanes, podeu consultar la disponibilitat i realitzar el pagament a trav\u00e9s d&#8217;aquest enlla\u00e7 o presencialment en la recepci\u00f3 del centre. \t\t\t\t\t\t\t\t<\/div>\n\t\t\t\t<\/div>\n\t\t\t\t<div class=\"elementor-element elementor-element-ed8113d elementor-widget elementor-widget-text-editor\" data-id=\"ed8113d\" data-element_type=\"widget\" data-e-type=\"widget\" data-widget_type=\"text-editor.default\">\n\t\t\t\t<div class=\"elementor-widget-container\">\n\t\t\t\t\t\t\t\t\tImportant*: La inscripci\u00f3 per a la seg\u00fcent setmana ha de realitzar-se durant la setmana anterior (de dilluns a divendres), ja que no \u00e9s possible inscriure&#8217;s una vegada hagi comen\u00e7at la setmana en curs.\t\t\t\t\t\t\t\t<\/div>\n\t\t\t\t<\/div>\n\t\t\t\t<div class=\"elementor-element elementor-element-d23e50a elementor-widget elementor-widget-button\" data-id=\"d23e50a\" data-element_type=\"widget\" data-e-type=\"widget\" data-widget_type=\"button.default\">\n\t\t\t\t<div class=\"elementor-widget-container\">\n\t\t\t\t\t\t\t\t\t<div class=\"elementor-button-wrapper\">\n\t\t\t\t\t<a class=\"elementor-button elementor-button-link elementor-size-sm\" href=\"https:\/\/bubaclub.poliwincloud.com\/es\/poliwin\/preinscripcion\/-%20-%20-%20\" target=\"_blank\">\n\t\t\t\t\t\t<span class=\"elementor-button-content-wrapper\">\n\t\t\t\t\t\t\t\t\t<span class=\"elementor-button-text\">INSCRIU-TE AQU\u00cd<\/span>\n\t\t\t\t\t<\/span>\n\t\t\t\t\t<\/a>\n\t\t\t\t<\/div>\n\t\t\t\t\t\t\t\t<\/div>\n\t\t\t\t<\/div>\n\t\t\t\t\t<\/div>\n\t\t\t\t<\/div>\n\t\t\t\t<\/div>\n\t\t","protected":false},"excerpt":{"rendered":"<p>CAMPUS D&#8217;ESTIU XII EDICI\u00d3 DEL NOSTRE CAMPUS D&#8217;ESTIU 2026! Totes les activitats del campus d&#8217;estiu estan adaptades a l&#8217;edat i nivell psicoevolutiu dels participants (dels 6 als 13 anys). L&#8217;objectiu principal, per tant, \u00e9s que els nens, gr\u00e0cies a la pr\u00e0ctica de diferents modalitats esportives, puguin desenvolupar no sols les seves habilitats socials i cognitives,&#8230;<\/p>\n<div class=\"read-more-link-wrapper\"><a class=\"read-more-link\" href=\"https:\/\/bubaclub.com\/ca\/campus-destiu\/\">Leer m\u00e1s<i class=\"icon-next\"><\/i><\/a><\/div>\n","protected":false},"author":7,"featured_media":0,"parent":0,"menu_order":0,"comment_status":"closed","ping_status":"closed","template":"","meta":{"_uf_show_specific_survey":0,"_uf_disable_surveys":false,"footnotes":""},"class_list":["post-6160","page","type-page","status-publish","hentry"],"yoast_head":"<!-- This site is optimized with the Yoast SEO plugin v27.1.1 - https:\/\/yoast.com\/product\/yoast-seo-wordpress\/ -->\n<title>Campus d&#039;Estiu - Buba Club<\/title>\n<meta name=\"description\" content=\"Apunta als teus fills al Campus d&#039;Estiu de Buba Fitnes Club a Badalona. Activitats esportives, nataci\u00f3, jocs i diversi\u00f3!\" \/>\n<meta name=\"robots\" content=\"index, follow, max-snippet:-1, max-image-preview:large, max-video-preview:-1\" \/>\n<link rel=\"canonical\" href=\"https:\/\/bubaclub.com\/ca\/campus-destiu\/\" \/>\n<meta property=\"og:locale\" content=\"ca_ES\" \/>\n<meta property=\"og:type\" content=\"article\" \/>\n<meta property=\"og:title\" content=\"Campus d&#039;Estiu - Buba Club\" \/>\n<meta property=\"og:description\" content=\"Apunta als teus fills al Campus d&#039;Estiu de Buba Fitnes Club a Badalona. Activitats esportives, nataci\u00f3, jocs i diversi\u00f3!\" \/>\n<meta property=\"og:url\" content=\"https:\/\/bubaclub.com\/ca\/campus-destiu\/\" \/>\n<meta property=\"og:site_name\" content=\"Buba Club\" \/>\n<meta property=\"article:modified_time\" content=\"2026-04-29T09:57:26+00:00\" \/>\n<meta property=\"og:image\" content=\"https:\/\/bubaclub.com\/wp-content\/uploads\/2026\/04\/capus-verano.png\" \/>\n\t<meta property=\"og:image:width\" content=\"1410\" \/>\n\t<meta property=\"og:image:height\" content=\"958\" \/>\n\t<meta property=\"og:image:type\" content=\"image\/png\" \/>\n<meta name=\"twitter:card\" content=\"summary_large_image\" \/>\n<meta name=\"twitter:label1\" content=\"Temps estimat de lectura\" \/>\n\t<meta name=\"twitter:data1\" content=\"3 minuts\" \/>\n<script type=\"application\/ld+json\" class=\"yoast-schema-graph\">{\"@context\":\"https:\/\/schema.org\",\"@graph\":[{\"@type\":\"WebPage\",\"@id\":\"https:\/\/bubaclub.com\/ca\/campus-destiu\/\",\"url\":\"https:\/\/bubaclub.com\/ca\/campus-destiu\/\",\"name\":\"Campus d'Estiu - Buba Club\",\"isPartOf\":{\"@id\":\"https:\/\/bubaclub.com\/es\/#website\"},\"primaryImageOfPage\":{\"@id\":\"https:\/\/bubaclub.com\/ca\/campus-destiu\/#primaryimage\"},\"image\":{\"@id\":\"https:\/\/bubaclub.com\/ca\/campus-destiu\/#primaryimage\"},\"thumbnailUrl\":\"https:\/\/bubaclub.com\/wp-content\/uploads\/2026\/04\/capus-verano-1024x696.png\",\"datePublished\":\"2024-12-05T14:25:28+00:00\",\"dateModified\":\"2026-04-29T09:57:26+00:00\",\"description\":\"Apunta als teus fills al Campus d'Estiu de Buba Fitnes Club a Badalona. Activitats esportives, nataci\u00f3, jocs i diversi\u00f3!\",\"breadcrumb\":{\"@id\":\"https:\/\/bubaclub.com\/ca\/campus-destiu\/#breadcrumb\"},\"inLanguage\":\"ca\",\"potentialAction\":[{\"@type\":\"ReadAction\",\"target\":[\"https:\/\/bubaclub.com\/ca\/campus-destiu\/\"]}]},{\"@type\":\"ImageObject\",\"inLanguage\":\"ca\",\"@id\":\"https:\/\/bubaclub.com\/ca\/campus-destiu\/#primaryimage\",\"url\":\"https:\/\/bubaclub.com\/wp-content\/uploads\/2026\/04\/capus-verano-1024x696.png\",\"contentUrl\":\"https:\/\/bubaclub.com\/wp-content\/uploads\/2026\/04\/capus-verano-1024x696.png\"},{\"@type\":\"BreadcrumbList\",\"@id\":\"https:\/\/bubaclub.com\/ca\/campus-destiu\/#breadcrumb\",\"itemListElement\":[{\"@type\":\"ListItem\",\"position\":1,\"name\":\"Home\",\"item\":\"https:\/\/bubaclub.com\/ca\/home\/\"},{\"@type\":\"ListItem\",\"position\":2,\"name\":\"Campus d&#8217;Estiu\"}]},{\"@type\":\"WebSite\",\"@id\":\"https:\/\/bubaclub.com\/es\/#website\",\"url\":\"https:\/\/bubaclub.com\/es\/\",\"name\":\"Buba Club\",\"description\":\"Buba Club\",\"publisher\":{\"@id\":\"https:\/\/bubaclub.com\/es\/#organization\"},\"potentialAction\":[{\"@type\":\"SearchAction\",\"target\":{\"@type\":\"EntryPoint\",\"urlTemplate\":\"https:\/\/bubaclub.com\/es\/?s={search_term_string}\"},\"query-input\":{\"@type\":\"PropertyValueSpecification\",\"valueRequired\":true,\"valueName\":\"search_term_string\"}}],\"inLanguage\":\"ca\"},{\"@type\":\"Organization\",\"@id\":\"https:\/\/bubaclub.com\/es\/#organization\",\"name\":\"Buba Club\",\"url\":\"https:\/\/bubaclub.com\/es\/\",\"logo\":{\"@type\":\"ImageObject\",\"inLanguage\":\"ca\",\"@id\":\"https:\/\/bubaclub.com\/es\/#\/schema\/logo\/image\/\",\"url\":\"https:\/\/bubaclub.com\/wp-content\/uploads\/2023\/12\/Buba_logo_Horizontal-nwew-.png\",\"contentUrl\":\"https:\/\/bubaclub.com\/wp-content\/uploads\/2023\/12\/Buba_logo_Horizontal-nwew-.png\",\"width\":1548,\"height\":633,\"caption\":\"Buba Club\"},\"image\":{\"@id\":\"https:\/\/bubaclub.com\/es\/#\/schema\/logo\/image\/\"}}]}<\/script>\n<!-- \/ Yoast SEO plugin. -->","yoast_head_json":{"title":"Campus d'Estiu - Buba Club","description":"Apunta als teus fills al Campus d'Estiu de Buba Fitnes Club a Badalona. Activitats esportives, nataci\u00f3, jocs i diversi\u00f3!","robots":{"index":"index","follow":"follow","max-snippet":"max-snippet:-1","max-image-preview":"max-image-preview:large","max-video-preview":"max-video-preview:-1"},"canonical":"https:\/\/bubaclub.com\/ca\/campus-destiu\/","og_locale":"ca_ES","og_type":"article","og_title":"Campus d'Estiu - Buba Club","og_description":"Apunta als teus fills al Campus d'Estiu de Buba Fitnes Club a Badalona. Activitats esportives, nataci\u00f3, jocs i diversi\u00f3!","og_url":"https:\/\/bubaclub.com\/ca\/campus-destiu\/","og_site_name":"Buba Club","article_modified_time":"2026-04-29T09:57:26+00:00","og_image":[{"width":1410,"height":958,"url":"https:\/\/bubaclub.com\/wp-content\/uploads\/2026\/04\/capus-verano.png","type":"image\/png"}],"twitter_card":"summary_large_image","twitter_misc":{"Temps estimat de lectura":"3 minuts"},"schema":{"@context":"https:\/\/schema.org","@graph":[{"@type":"WebPage","@id":"https:\/\/bubaclub.com\/ca\/campus-destiu\/","url":"https:\/\/bubaclub.com\/ca\/campus-destiu\/","name":"Campus d'Estiu - Buba Club","isPartOf":{"@id":"https:\/\/bubaclub.com\/es\/#website"},"primaryImageOfPage":{"@id":"https:\/\/bubaclub.com\/ca\/campus-destiu\/#primaryimage"},"image":{"@id":"https:\/\/bubaclub.com\/ca\/campus-destiu\/#primaryimage"},"thumbnailUrl":"https:\/\/bubaclub.com\/wp-content\/uploads\/2026\/04\/capus-verano-1024x696.png","datePublished":"2024-12-05T14:25:28+00:00","dateModified":"2026-04-29T09:57:26+00:00","description":"Apunta als teus fills al Campus d'Estiu de Buba Fitnes Club a Badalona. Activitats esportives, nataci\u00f3, jocs i diversi\u00f3!","breadcrumb":{"@id":"https:\/\/bubaclub.com\/ca\/campus-destiu\/#breadcrumb"},"inLanguage":"ca","potentialAction":[{"@type":"ReadAction","target":["https:\/\/bubaclub.com\/ca\/campus-destiu\/"]}]},{"@type":"ImageObject","inLanguage":"ca","@id":"https:\/\/bubaclub.com\/ca\/campus-destiu\/#primaryimage","url":"https:\/\/bubaclub.com\/wp-content\/uploads\/2026\/04\/capus-verano-1024x696.png","contentUrl":"https:\/\/bubaclub.com\/wp-content\/uploads\/2026\/04\/capus-verano-1024x696.png"},{"@type":"BreadcrumbList","@id":"https:\/\/bubaclub.com\/ca\/campus-destiu\/#breadcrumb","itemListElement":[{"@type":"ListItem","position":1,"name":"Home","item":"https:\/\/bubaclub.com\/ca\/home\/"},{"@type":"ListItem","position":2,"name":"Campus d&#8217;Estiu"}]},{"@type":"WebSite","@id":"https:\/\/bubaclub.com\/es\/#website","url":"https:\/\/bubaclub.com\/es\/","name":"Buba Club","description":"Buba Club","publisher":{"@id":"https:\/\/bubaclub.com\/es\/#organization"},"potentialAction":[{"@type":"SearchAction","target":{"@type":"EntryPoint","urlTemplate":"https:\/\/bubaclub.com\/es\/?s={search_term_string}"},"query-input":{"@type":"PropertyValueSpecification","valueRequired":true,"valueName":"search_term_string"}}],"inLanguage":"ca"},{"@type":"Organization","@id":"https:\/\/bubaclub.com\/es\/#organization","name":"Buba Club","url":"https:\/\/bubaclub.com\/es\/","logo":{"@type":"ImageObject","inLanguage":"ca","@id":"https:\/\/bubaclub.com\/es\/#\/schema\/logo\/image\/","url":"https:\/\/bubaclub.com\/wp-content\/uploads\/2023\/12\/Buba_logo_Horizontal-nwew-.png","contentUrl":"https:\/\/bubaclub.com\/wp-content\/uploads\/2023\/12\/Buba_logo_Horizontal-nwew-.png","width":1548,"height":633,"caption":"Buba Club"},"image":{"@id":"https:\/\/bubaclub.com\/es\/#\/schema\/logo\/image\/"}}]}},"_links":{"self":[{"href":"https:\/\/bubaclub.com\/ca\/wp-json\/wp\/v2\/pages\/6160","targetHints":{"allow":["GET"]}}],"collection":[{"href":"https:\/\/bubaclub.com\/ca\/wp-json\/wp\/v2\/pages"}],"about":[{"href":"https:\/\/bubaclub.com\/ca\/wp-json\/wp\/v2\/types\/page"}],"author":[{"embeddable":true,"href":"https:\/\/bubaclub.com\/ca\/wp-json\/wp\/v2\/users\/7"}],"replies":[{"embeddable":true,"href":"https:\/\/bubaclub.com\/ca\/wp-json\/wp\/v2\/comments?post=6160"}],"version-history":[{"count":11,"href":"https:\/\/bubaclub.com\/ca\/wp-json\/wp\/v2\/pages\/6160\/revisions"}],"predecessor-version":[{"id":7484,"href":"https:\/\/bubaclub.com\/ca\/wp-json\/wp\/v2\/pages\/6160\/revisions\/7484"}],"wp:attachment":[{"href":"https:\/\/bubaclub.com\/ca\/wp-json\/wp\/v2\/media?parent=6160"}],"curies":[{"name":"wp","href":"https:\/\/api.w.org\/{rel}","templated":true}]}}