{"id":6164,"date":"2022-04-06T14:05:56","date_gmt":"2022-04-06T14:05:56","guid":{"rendered":"https:\/\/bubaclub.com\/condicions-dus\/"},"modified":"2024-12-09T10:45:55","modified_gmt":"2024-12-09T10:45:55","slug":"condicions-dus","status":"publish","type":"page","link":"https:\/\/bubaclub.com\/ca\/condicions-dus\/","title":{"rendered":"Condicions d&#8217;\u00fas"},"content":{"rendered":"\t\t<div data-elementor-type=\"wp-page\" data-elementor-id=\"6164\" class=\"elementor elementor-6164 elementor-3739\" data-elementor-post-type=\"page\">\n\t\t\t\t<div class=\"elementor-element elementor-element-162e7b4 e-flex e-con-boxed e-con e-parent\" data-id=\"162e7b4\" data-element_type=\"container\" data-e-type=\"container\">\n\t\t\t\t\t<div class=\"e-con-inner\">\n\t\t\t\t<div class=\"elementor-element elementor-element-79de952 elementor-widget elementor-widget-heading\" data-id=\"79de952\" data-element_type=\"widget\" data-e-type=\"widget\" data-widget_type=\"heading.default\">\n\t\t\t\t<div class=\"elementor-widget-container\">\n\t\t\t\t\t<h1 class=\"elementor-heading-title elementor-size-default\">CONDICIONS D'\u00daS\n\n\n<\/h1>\t\t\t\t<\/div>\n\t\t\t\t<\/div>\n\t\t\t\t\t<\/div>\n\t\t\t\t<\/div>\n\t\t<div class=\"elementor-element elementor-element-4336cda1 e-flex e-con-boxed e-con e-parent\" data-id=\"4336cda1\" data-element_type=\"container\" data-e-type=\"container\">\n\t\t\t\t\t<div class=\"e-con-inner\">\n\t\t\t\t<div class=\"elementor-element elementor-element-5b62d2fe texto elementor-widget elementor-widget-text-editor\" data-id=\"5b62d2fe\" data-element_type=\"widget\" data-e-type=\"widget\" data-widget_type=\"text-editor.default\">\n\t\t\t\t<div class=\"elementor-widget-container\">\n\t\t\t\t\t\t\t\t\t<p><strong>1. ABAST:<\/strong><\/p>\n<p><\/p>\n<p><\/p>\n<p>Aquestes Condicions d&#8217;\u00das de la Web estableixen les condicions generals que regulen tant l&#8217;acc\u00e9s, com la navegaci\u00f3, aix\u00ed com l&#8217;\u00fas dels continguts de la present web.<\/p>\n<p><\/p>\n<p><\/p>\n<p>La informaci\u00f3 continguda en aquesta p\u00e0gina web fa refer\u00e8ncia als serveis prestats per GIMN\u00c0S INDEPENDENCIA S.L.(d&#8217;ara endavant BADALONA FITNES). Aquesta informaci\u00f3 nom\u00e9s \u00e9s a efectes enunciatius i de cap manera constitueix una oferta vinculant que obligui l&#8217;usuari a contractar els serveis o comprar els productes oferts. BADALONA FITNES es reserva el dret de modificar la informaci\u00f3 aqu\u00ed continguda quan ho estimi convenient i sense previ av\u00eds, no sent responsable de l&#8217;exactitud, insufici\u00e8ncia o autenticitat de la informaci\u00f3 subministrada.  <\/p>\n<p><\/p>\n<p><\/p>\n<p> Al seu torn es reserva el dret a modificar el contingut del present document d&#8217;\u00fas de la web. Per tant, l&#8217;Usuari ha de llegir atentament aquest document en cadascuna de les ocasions en qu\u00e8 es proposi utilitzar el lloc web, ja que aquest i les seves condicions d&#8217;\u00fas recollides en el present \u00das de la Web poden sofrir modificacions <\/p>\n<p><\/p>\n<p><\/p>\n<p>La prestaci\u00f3 del servei d&#8217;aquest lloc web t\u00e9 una durada limitada al moment en el qual l&#8217;Usuari es trobi connectat al lloc web o a algun dels serveis que a trav\u00e9s del mateix es faciliten.<\/p>\n<p><\/p>\n<p><\/p>\n<p><strong>2. CONDICIONS DE L&#8217;\u00daS DE LA WEB:<\/strong><\/p>\n<p><\/p>\n<p><\/p>\n<p>Amb el simple acc\u00e9s, la navegaci\u00f3 o la utilitzaci\u00f3 de la p\u00e0gina web, es t\u00e9 la condici\u00f3 d&#8217;usuari. L&#8217;usuari accepta de manera plena i sense cap mena de reserva les condicions contingudes en el present av\u00eds legal. <\/p>\n<p><\/p>\n<p><\/p>\n<p>L&#8217;usuari es compromet a utilitzar el lloc web juntament amb els seus serveis i continguts, de manera l\u00edcita, d&#8217;acord amb la legislaci\u00f3 vigent, els usos generalment acceptats, la bona fe i l&#8217;ordre p\u00fablic.<\/p>\n<p><\/p>\n<p><\/p>\n<p>L&#8217;usuari es compromet a utilitzar el lloc web juntament amb els seus serveis i continguts, de manera l\u00edcita, d&#8217;acord amb la legislaci\u00f3 vigent, els usos generalment acceptats, la bona fe i l&#8217;ordre p\u00fablic.<\/p>\n<p><\/p>\n<p><\/p>\n<p><strong>3. PROPIETAT INTEL\u00b7LECTUAL I \u00daS DE CONTINGUTS:<\/strong><\/p>\n<p><\/p>\n<p><\/p>\n<p>BADALONA FITNES \u00e9s titular dels drets de propietat intel\u00b7lectual i industrial d&#8217;aquesta p\u00e0gina web i de tots els seus continguts (a t\u00edtol merament enunciatiu: textos, fotografies i altres continguts audiovisuals, programari, disseny gr\u00e0fic, etc.) o compta amb la corresponent llic\u00e8ncia o autoritzaci\u00f3 per al seu \u00fas. L&#8217;acc\u00e9s a la navegaci\u00f3 per i l&#8217;\u00fas d&#8217;aquest lloc web per part de l&#8217;usuari no impliquen en cap cas renuncia, transmissi\u00f3, llic\u00e8ncia ni cessi\u00f3 total o parcial d&#8217;aquells. <\/p>\n<p><\/p>\n<p><\/p>\n<p>Queda prohibit reproduir, modificar, reutilitzar, explotar, comunicar p\u00fablicament, carregar arxius, enviar per correu, transmetre, usar, tractar o distribuir de qualsevol forma la totalitat o part dels continguts inclosos en aquesta p\u00e0gina web per a prop\u00f2sits p\u00fablics o comercials, si no es compta amb l&#8217;autoritzaci\u00f3 expressa i per escrit de BADALONA FITNES.<\/p>\n<p><\/p>\n<p><\/p>\n<p> El logotip \u00e9s una marca registrada propietat de BADALONA FITNES. Queda totalment prohibida la seva reproducci\u00f3 o \u00fas sense l&#8217;autoritzaci\u00f3 per escrit del seu titular. <\/p>\n<p><\/p>\n<p><\/p>\n<p><strong>4. ENLLA\u00c7OS<\/strong><\/p>\n<p><\/p>\n<p><\/p>\n<p><strong>4.1. ENLACES A OTRAS P\u00c1GINAS WEB EXTERNAS: <\/strong><\/p>\n<p><\/p>\n<p><\/p>\n<p>BADALONA FITNES rebutja tota responsabilitat sobre tota informaci\u00f3 present en la World Wide Web no elaborada per BADALONA FITNES o no publicada sota el seu nom. La p\u00e0gina web pot contenir enlla\u00e7os d&#8217;hipertext cap a altres p\u00e0gines de la World Wide Web que s\u00f3n completament independents d&#8217;aquesta p\u00e0gina web. BADALONA FITNES no respondr\u00e0 o garantir\u00e0, de cap manera, l&#8217;exactitud, insufici\u00e8ncia o autenticitat de la informaci\u00f3 subministrada per qualsevol persona o entitat, f\u00edsica o jur\u00eddica, amb o sense personalitat jur\u00eddica pr\u00f2pia, a trav\u00e9s d&#8217;aquests enlla\u00e7os d&#8217;hipertext.  <\/p>\n<p><\/p>\n<p><\/p>\n<p><strong>4.2. ENLACES EXTERNOS CON DESTINO A LAS P\u00c1GINAS WEB DE THE BADALONA FITNESS: <\/strong><\/p>\n<p><\/p>\n<p><\/p>\n<p>Si qualsevol altre lloc web, usuari o entitat, desitg\u00e9s establir un enlla\u00e7 amb destinaci\u00f3 a <a href=\"https:\/\/bubaclub.com\/ca\/\">https:\/\/bubaclub.com<\/a>, aquest enlla\u00e7 haur\u00e0 de sotmetre&#8217;s a les condicions que a continuaci\u00f3 es detallen:<\/p>\n<p><\/p>\n<p><\/p>\n<ol type=\"1\">\n<li>L&#8217;enlla\u00e7 anir\u00e0 dirigit a la p\u00e0gina principal o a qualsevol de les seves seccions. L&#8217;enlla\u00e7, en qualsevol cas ha de ser absolut i complet portant a l&#8217;usuari amb un sol clic a la URL de la p\u00e0gina principal o a la URL de qualsevol de les seves seccions. L&#8217;enlla\u00e7 haur\u00e0 d&#8217;abastar tota l&#8217;extensi\u00f3 de pantalla del portal d&#8217;<a href=\"https:\/\/bubaclub.com\/ca\/\">https:\/\/bubaclub.com<\/a>  <\/li>\n<li>En cap cas, excepte expressa autoritzaci\u00f3 per escrit per part de BADALONA FITNES, el lloc web que estableix l&#8217;enlla\u00e7 podr\u00e0 reproduir de qualsevol manera <a href=\"https:\/\/bubaclub.com\/ca\/\">https:\/\/bubaclub.com<\/a>, incloent-lo com a part integrant del seu web, utilitzant marcs, readre\u00e7aments o qualsevol altra mesura que suposi ocultar l&#8217;origen de la informaci\u00f3.<\/li>\n<li>No s&#8217;autoritza l&#8217;establiment d&#8217;enlla\u00e7 a<a href=\"https:\/\/bubaclub.com\/ca\/\"> https:\/\/bubaclub.com<\/a>, des de llocs web que continguin continguts il\u00b7l\u00edcits, il\u00b7legals, degradants o obscens, contravenint la moral o l&#8217;ordre p\u00fablic.<\/li>\n<\/ol>\n<p><\/p>\n<p><\/p>\n<p>El servei d&#8217;acc\u00e9s al lloc web inclou dispositius t\u00e8cnics d&#8217;enlla\u00e7, directoris i fins i tot instruments de cerca que permeten a l&#8217;Usuari accedir a altres p\u00e0gines i portals d&#8217;Internet (d&#8217;ara endavant, &#8216;Llocs Enlla\u00e7ats&#8217;). En aquests casos, BADALONA FITNES actua com a prestador de serveis d&#8217;intermediaci\u00f3 de conformitat amb la Llei de Serveis de la Informaci\u00f3 i Comer\u00e7 electr\u00f2nic i nom\u00e9s ser\u00e0 responsable dels continguts i serveis subministrats en els Llocs Enlla\u00e7ats en la mesura en qu\u00e8 tingui coneixement efectiu de la il\u00b7licitud i no hagi desactivat l&#8217;enlla\u00e7 amb la dilig\u00e8ncia deguda. En el cas que l&#8217;Usuari consideri que existeix un Lloc Enlla\u00e7at amb continguts il\u00b7l\u00edcits o inadequats podr\u00e0 comunicar-l&#8217;hi a BADALONA FITNES enviant un missatge a info@bubaclub.com, sense que en cap cas aquesta comunicaci\u00f3 comporti l&#8217;obligaci\u00f3 de retirar el corresponent enlla\u00e7.  <\/p>\n<p><\/p>\n<p><\/p>\n<p>En cap cas, l&#8217;exist\u00e8ncia de Llocs Enlla\u00e7ats ha de pressuposar l&#8217;exist\u00e8ncia d&#8217;acords amb els responsables o titulars d&#8217;aquests, ni la recomanaci\u00f3, promoci\u00f3 o identificaci\u00f3 de BADALONA FITNES amb les manifestacions, continguts o serveis prove\u00efts.<\/p>\n<p><\/p>\n<p><\/p>\n<p>BADALONA FITNES no coneix els continguts i serveis dels Llocs Enlla\u00e7ats i per tant no es fa responsable pels danys produ\u00efts per la il\u00b7licitud, qualitat, desactualizaci\u00f3, indisponibilitat, error i inutilitat dels continguts i\/o serveis dels Llocs Enlla\u00e7ats ni per qualsevol altre mal que no sigui directament imputable a BADALONA FITNES.<\/p>\n<p><\/p>\n<p><\/p>\n<p><strong>5. EXCLUSI\u00d3 DE RESPONSABILITAT: <\/strong><\/p>\n<p><\/p>\n<p><\/p>\n<p>La responsabilitat en l&#8217;\u00fas d&#8217;aquest Lloc web correspon de manera \u00fanica i exclusiva a l&#8217;Usuari.<\/p>\n<p><\/p>\n<p><\/p>\n<p>BADALONA FITNES no es fa responsable, en cap cas, dels danys i perjudicis de qualsevol naturalesa que poguessin causar-se per:<\/p>\n<p><\/p>\n<p><\/p>\n<ol>\n<li> La no disponibilitat, manteniment i funcionament del Lloc web o dels seus serveis o continguts, ja que requereix de subministraments i serveis de tercers.<\/li>\n<li>Els errors i omissions en la informaci\u00f3 publicada aix\u00ed com la falta d&#8217;utilitat, adequaci\u00f3 o validesa del lloc web o dels seus serveis o continguts per a satisfer necessitats, activitats o resultats concrets o expectatives dels Usuaris.<\/li>\n<\/ol>\n<p><\/p>\n<p><\/p>\n<p>El acceso al Portal no implica la obligaci\u00f3n por parte de BADALONA FITNESS de controlar la ausencia de virus o cualquier otro elemento inform\u00e1tico da\u00f1ino. Corresponde al Usuario, en todo caso, la disponibilidad de herramientas adecuadas para la detecci\u00f3n y desinfecci\u00f3n de programas inform\u00e1ticos da\u00f1inos. BADALONA FITNESS no se responsabiliza de los da\u00f1os producidos en los equipos inform\u00e1ticos de los Usuarios o de terceros durante el uso del sitio WEB.  <\/p>\n<p><\/p>\n<p><\/p>\n<p><strong>6. LEGISLACI\u00d3<\/strong><\/p>\n<p><\/p>\n<p><\/p>\n<p>El present Av\u00eds Legal es regeix en tots i cadascun dels seus extrems per la llei espanyola i el Reglament General de Protecci\u00f3 de Dades de la Uni\u00f3 Europea.<\/p>\n<p><\/p>\n<p><\/p>\n<p><strong>7. Actualitzaci\u00f3<\/strong><\/p>\n<p><\/p>\n<p><\/p>\n<p>El present \u00fas de la web s&#8217;ha revisat per \u00faltima vegada al <strong>setembre de 2024<\/strong><\/p>\n<p><\/p>\t\t\t\t\t\t\t\t<\/div>\n\t\t\t\t<\/div>\n\t\t\t\t\t<\/div>\n\t\t\t\t<\/div>\n\t\t\t\t<\/div>\n\t\t","protected":false},"excerpt":{"rendered":"<p>CONDICIONS D&#8217;\u00daS 1. ABAST: Aquestes Condicions d&#8217;\u00das de la Web estableixen les condicions generals que regulen tant l&#8217;acc\u00e9s, com la navegaci\u00f3, aix\u00ed com l&#8217;\u00fas dels continguts de la present web. La informaci\u00f3 continguda en aquesta p\u00e0gina web fa refer\u00e8ncia als serveis prestats per GIMN\u00c0S INDEPENDENCIA S.L.(d&#8217;ara endavant BADALONA FITNES). Aquesta informaci\u00f3 nom\u00e9s \u00e9s a efectes&#8230;<\/p>\n<div class=\"read-more-link-wrapper\"><a class=\"read-more-link\" href=\"https:\/\/bubaclub.com\/ca\/condicions-dus\/\">Leer m\u00e1s<i class=\"icon-next\"><\/i><\/a><\/div>\n","protected":false},"author":6,"featured_media":0,"parent":0,"menu_order":0,"comment_status":"closed","ping_status":"closed","template":"","meta":{"_uf_show_specific_survey":0,"_uf_disable_surveys":false,"footnotes":""},"class_list":["post-6164","page","type-page","status-publish","hentry"],"yoast_head":"<!-- This site is optimized with the Yoast SEO plugin v27.1.1 - https:\/\/yoast.com\/product\/yoast-seo-wordpress\/ -->\n<title>Condicions d&#039;\u00fas - Buba Club<\/title>\n<meta name=\"robots\" content=\"index, follow, max-snippet:-1, max-image-preview:large, max-video-preview:-1\" \/>\n<link rel=\"canonical\" href=\"https:\/\/bubaclub.com\/ca\/condicions-dus\/\" \/>\n<meta property=\"og:locale\" content=\"ca_ES\" \/>\n<meta property=\"og:type\" content=\"article\" \/>\n<meta property=\"og:title\" content=\"Condicions d&#039;\u00fas - Buba Club\" \/>\n<meta property=\"og:description\" content=\"CONDICIONS D&#8217;\u00daS 1. ABAST: Aquestes Condicions d&#8217;\u00das de la Web estableixen les condicions generals que regulen tant l&#8217;acc\u00e9s, com la navegaci\u00f3, aix\u00ed com l&#8217;\u00fas dels continguts de la present web. La informaci\u00f3 continguda en aquesta p\u00e0gina web fa refer\u00e8ncia als serveis prestats per GIMN\u00c0S INDEPENDENCIA S.L.(d&#8217;ara endavant BADALONA FITNES). Aquesta informaci\u00f3 nom\u00e9s \u00e9s a efectes...Leer m\u00e1s\" \/>\n<meta property=\"og:url\" content=\"https:\/\/bubaclub.com\/ca\/condicions-dus\/\" \/>\n<meta property=\"og:site_name\" content=\"Buba Club\" \/>\n<meta property=\"article:modified_time\" content=\"2024-12-09T10:45:55+00:00\" \/>\n<meta name=\"twitter:card\" content=\"summary_large_image\" \/>\n<meta name=\"twitter:label1\" content=\"Temps estimat de lectura\" \/>\n\t<meta name=\"twitter:data1\" content=\"6 minuts\" \/>\n<script type=\"application\/ld+json\" class=\"yoast-schema-graph\">{\"@context\":\"https:\/\/schema.org\",\"@graph\":[{\"@type\":\"WebPage\",\"@id\":\"https:\/\/bubaclub.com\/ca\/condicions-dus\/\",\"url\":\"https:\/\/bubaclub.com\/ca\/condicions-dus\/\",\"name\":\"Condicions d'\u00fas - Buba Club\",\"isPartOf\":{\"@id\":\"https:\/\/bubaclub.com\/es\/#website\"},\"datePublished\":\"2022-04-06T14:05:56+00:00\",\"dateModified\":\"2024-12-09T10:45:55+00:00\",\"breadcrumb\":{\"@id\":\"https:\/\/bubaclub.com\/ca\/condicions-dus\/#breadcrumb\"},\"inLanguage\":\"ca\",\"potentialAction\":[{\"@type\":\"ReadAction\",\"target\":[\"https:\/\/bubaclub.com\/ca\/condicions-dus\/\"]}]},{\"@type\":\"BreadcrumbList\",\"@id\":\"https:\/\/bubaclub.com\/ca\/condicions-dus\/#breadcrumb\",\"itemListElement\":[{\"@type\":\"ListItem\",\"position\":1,\"name\":\"Home\",\"item\":\"https:\/\/bubaclub.com\/ca\/\"},{\"@type\":\"ListItem\",\"position\":2,\"name\":\"Condicions d&#8217;\u00fas\"}]},{\"@type\":\"WebSite\",\"@id\":\"https:\/\/bubaclub.com\/es\/#website\",\"url\":\"https:\/\/bubaclub.com\/es\/\",\"name\":\"Buba Club\",\"description\":\"Buba Club\",\"publisher\":{\"@id\":\"https:\/\/bubaclub.com\/es\/#organization\"},\"potentialAction\":[{\"@type\":\"SearchAction\",\"target\":{\"@type\":\"EntryPoint\",\"urlTemplate\":\"https:\/\/bubaclub.com\/es\/?s={search_term_string}\"},\"query-input\":{\"@type\":\"PropertyValueSpecification\",\"valueRequired\":true,\"valueName\":\"search_term_string\"}}],\"inLanguage\":\"ca\"},{\"@type\":\"Organization\",\"@id\":\"https:\/\/bubaclub.com\/es\/#organization\",\"name\":\"Buba Club\",\"url\":\"https:\/\/bubaclub.com\/es\/\",\"logo\":{\"@type\":\"ImageObject\",\"inLanguage\":\"ca\",\"@id\":\"https:\/\/bubaclub.com\/es\/#\/schema\/logo\/image\/\",\"url\":\"https:\/\/bubaclub.com\/wp-content\/uploads\/2023\/12\/Buba_logo_Horizontal-nwew-.png\",\"contentUrl\":\"https:\/\/bubaclub.com\/wp-content\/uploads\/2023\/12\/Buba_logo_Horizontal-nwew-.png\",\"width\":1548,\"height\":633,\"caption\":\"Buba Club\"},\"image\":{\"@id\":\"https:\/\/bubaclub.com\/es\/#\/schema\/logo\/image\/\"}}]}<\/script>\n<!-- \/ Yoast SEO plugin. -->","yoast_head_json":{"title":"Condicions d'\u00fas - Buba Club","robots":{"index":"index","follow":"follow","max-snippet":"max-snippet:-1","max-image-preview":"max-image-preview:large","max-video-preview":"max-video-preview:-1"},"canonical":"https:\/\/bubaclub.com\/ca\/condicions-dus\/","og_locale":"ca_ES","og_type":"article","og_title":"Condicions d'\u00fas - Buba Club","og_description":"CONDICIONS D&#8217;\u00daS 1. ABAST: Aquestes Condicions d&#8217;\u00das de la Web estableixen les condicions generals que regulen tant l&#8217;acc\u00e9s, com la navegaci\u00f3, aix\u00ed com l&#8217;\u00fas dels continguts de la present web. La informaci\u00f3 continguda en aquesta p\u00e0gina web fa refer\u00e8ncia als serveis prestats per GIMN\u00c0S INDEPENDENCIA S.L.(d&#8217;ara endavant BADALONA FITNES). Aquesta informaci\u00f3 nom\u00e9s \u00e9s a efectes...Leer m\u00e1s","og_url":"https:\/\/bubaclub.com\/ca\/condicions-dus\/","og_site_name":"Buba Club","article_modified_time":"2024-12-09T10:45:55+00:00","twitter_card":"summary_large_image","twitter_misc":{"Temps estimat de lectura":"6 minuts"},"schema":{"@context":"https:\/\/schema.org","@graph":[{"@type":"WebPage","@id":"https:\/\/bubaclub.com\/ca\/condicions-dus\/","url":"https:\/\/bubaclub.com\/ca\/condicions-dus\/","name":"Condicions d'\u00fas - Buba Club","isPartOf":{"@id":"https:\/\/bubaclub.com\/es\/#website"},"datePublished":"2022-04-06T14:05:56+00:00","dateModified":"2024-12-09T10:45:55+00:00","breadcrumb":{"@id":"https:\/\/bubaclub.com\/ca\/condicions-dus\/#breadcrumb"},"inLanguage":"ca","potentialAction":[{"@type":"ReadAction","target":["https:\/\/bubaclub.com\/ca\/condicions-dus\/"]}]},{"@type":"BreadcrumbList","@id":"https:\/\/bubaclub.com\/ca\/condicions-dus\/#breadcrumb","itemListElement":[{"@type":"ListItem","position":1,"name":"Home","item":"https:\/\/bubaclub.com\/ca\/"},{"@type":"ListItem","position":2,"name":"Condicions d&#8217;\u00fas"}]},{"@type":"WebSite","@id":"https:\/\/bubaclub.com\/es\/#website","url":"https:\/\/bubaclub.com\/es\/","name":"Buba Club","description":"Buba Club","publisher":{"@id":"https:\/\/bubaclub.com\/es\/#organization"},"potentialAction":[{"@type":"SearchAction","target":{"@type":"EntryPoint","urlTemplate":"https:\/\/bubaclub.com\/es\/?s={search_term_string}"},"query-input":{"@type":"PropertyValueSpecification","valueRequired":true,"valueName":"search_term_string"}}],"inLanguage":"ca"},{"@type":"Organization","@id":"https:\/\/bubaclub.com\/es\/#organization","name":"Buba Club","url":"https:\/\/bubaclub.com\/es\/","logo":{"@type":"ImageObject","inLanguage":"ca","@id":"https:\/\/bubaclub.com\/es\/#\/schema\/logo\/image\/","url":"https:\/\/bubaclub.com\/wp-content\/uploads\/2023\/12\/Buba_logo_Horizontal-nwew-.png","contentUrl":"https:\/\/bubaclub.com\/wp-content\/uploads\/2023\/12\/Buba_logo_Horizontal-nwew-.png","width":1548,"height":633,"caption":"Buba Club"},"image":{"@id":"https:\/\/bubaclub.com\/es\/#\/schema\/logo\/image\/"}}]}},"_links":{"self":[{"href":"https:\/\/bubaclub.com\/ca\/wp-json\/wp\/v2\/pages\/6164","targetHints":{"allow":["GET"]}}],"collection":[{"href":"https:\/\/bubaclub.com\/ca\/wp-json\/wp\/v2\/pages"}],"about":[{"href":"https:\/\/bubaclub.com\/ca\/wp-json\/wp\/v2\/types\/page"}],"author":[{"embeddable":true,"href":"https:\/\/bubaclub.com\/ca\/wp-json\/wp\/v2\/users\/6"}],"replies":[{"embeddable":true,"href":"https:\/\/bubaclub.com\/ca\/wp-json\/wp\/v2\/comments?post=6164"}],"version-history":[{"count":7,"href":"https:\/\/bubaclub.com\/ca\/wp-json\/wp\/v2\/pages\/6164\/revisions"}],"predecessor-version":[{"id":6171,"href":"https:\/\/bubaclub.com\/ca\/wp-json\/wp\/v2\/pages\/6164\/revisions\/6171"}],"wp:attachment":[{"href":"https:\/\/bubaclub.com\/ca\/wp-json\/wp\/v2\/media?parent=6164"}],"curies":[{"name":"wp","href":"https:\/\/api.w.org\/{rel}","templated":true}]}}