{"id":6178,"date":"2024-12-05T15:11:33","date_gmt":"2024-12-05T15:11:33","guid":{"rendered":"https:\/\/bubaclub.com\/entrenador-personal\/"},"modified":"2025-02-10T18:03:26","modified_gmt":"2025-02-10T18:03:26","slug":"entrenador-personal","status":"publish","type":"page","link":"https:\/\/bubaclub.com\/ca\/entrenador-personal\/","title":{"rendered":"Entrenador personal"},"content":{"rendered":"\t\t<div data-elementor-type=\"wp-page\" data-elementor-id=\"6178\" class=\"elementor elementor-6178 elementor-5612\" data-elementor-post-type=\"page\">\n\t\t\t\t<div class=\"elementor-element elementor-element-17bc671 e-flex e-con-boxed e-con e-parent\" data-id=\"17bc671\" data-element_type=\"container\" data-e-type=\"container\">\n\t\t\t\t\t<div class=\"e-con-inner\">\n\t\t\t\t<div class=\"elementor-element elementor-element-fd2d780 elementor-widget elementor-widget-heading\" data-id=\"fd2d780\" data-element_type=\"widget\" data-e-type=\"widget\" data-widget_type=\"heading.default\">\n\t\t\t\t<div class=\"elementor-widget-container\">\n\t\t\t\t\t<h1 class=\"elementor-heading-title elementor-size-default\">Entrenador personal<\/h1>\t\t\t\t<\/div>\n\t\t\t\t<\/div>\n\t\t\t\t<div class=\"elementor-element elementor-element-a2ddcd8 elementor-widget elementor-widget-text-editor\" data-id=\"a2ddcd8\" data-element_type=\"widget\" data-e-type=\"widget\" data-widget_type=\"text-editor.default\">\n\t\t\t\t<div class=\"elementor-widget-container\">\n\t\t\t\t\t\t\t\t\t<p><span data-contrast=\"auto\">A Buba Club, oferim serveis d&#8217;entrenaments personals dissenyats per a tot tipus de p\u00fablic, des de principiants fins a gent gran, joves i m\u00e9s. L&#8217;objectiu del nostre entrenador personal \u00e9s ajudar-te a assolir les teves metes de salut i benestar de manera efectiva i segura. <\/span><span data-ccp-props=\"{\"134233117\":false,\"134233118\":false,\"201341983\":0,\"335551550\":1,\"335551620\":1,\"335559738\":0,\"335559739\":165,\"335559740\":375}\"> <\/span><\/p>\n<p><span data-contrast=\"auto\">Comptem amb un equip de t\u00e8cnics altament qualificats que s&#8217;adapten a les teves necessitats i objectius individuals. Ja sigui que busquis millorar la teva forma f\u00edsica, aprendre la t\u00e8cnica correcta, o establir h\u00e0bits saludables, els nostres entrenadors s\u00f3n aqu\u00ed per a guiar-te en cada pas del cam\u00ed. <\/span><span data-ccp-props=\"{\"134233117\":false,\"134233118\":false,\"201341983\":0,\"335551550\":1,\"335551620\":1,\"335559738\":0,\"335559739\":165,\"335559740\":375}\"> <\/span><\/p>\n\t\t\t\t\t\t\t\t<\/div>\n\t\t\t\t<\/div>\n\t\t\t\t\t<\/div>\n\t\t\t\t<\/div>\n\t\t<div class=\"elementor-element elementor-element-b24054b e-flex e-con-boxed e-con e-parent\" data-id=\"b24054b\" data-element_type=\"container\" data-e-type=\"container\">\n\t\t\t\t\t<div class=\"e-con-inner\">\n\t\t<div class=\"elementor-element elementor-element-c98d751 e-con-full e-flex e-con e-child\" data-id=\"c98d751\" data-element_type=\"container\" data-e-type=\"container\">\n\t\t\t\t<div class=\"elementor-element elementor-element-27e971f elementor-widget__width-initial elementor-widget elementor-widget-text-editor\" data-id=\"27e971f\" data-element_type=\"widget\" data-e-type=\"widget\" data-widget_type=\"text-editor.default\">\n\t\t\t\t<div class=\"elementor-widget-container\">\n\t\t\t\t\t\t\t\t\t<h3><strong style=\"color: white;\">QU\u00c8 OFERIM?<\/strong><\/h3>\n<p><strong>Entrenament personalitzat:<\/strong> Els nostres entrenadors personals s&#8217;encarregaran de dissenyar un pla d&#8217;entrenament adaptat a les teves necessitats tenint en compte qualsevol lesi\u00f3 o limitaci\u00f3 que puguis tenir.<\/p>\n<p><strong>Aprenentatge i t\u00e8cnica:<\/strong> T&#8217;ensenyarem a planificar els teus entrenaments, dominar la t\u00e8cnica de cada exercici i entendre com integrar l&#8217;exercici en la teva vida di\u00e0ria. Aix\u00f2 no sols t&#8217;ajudar\u00e0 a obtenir resultats, sin\u00f3 que tamb\u00e9 et donar\u00e0 la confian\u00e7a per a entrenar pel teu compte una vegada que hagis establert una base s\u00f2lida. <\/p>\n<p><strong>Efici\u00e8ncia millorada:<\/strong> Aprendre la t\u00e8cnica correcta no sols et protegir\u00e0 de lesions, sin\u00f3 que tamb\u00e9 et permetr\u00e0 treure el m\u00e0xim profit de les nostres classes dirigides, les quals inclouen molts exercicis que tamb\u00e9 es realitzen a la sala de fitnes.<\/p>\n\t\t\t\t\t\t\t\t<\/div>\n\t\t\t\t<\/div>\n\t\t\t\t<div class=\"elementor-element elementor-element-7b55ffd elementor-widget__width-initial elementor-widget elementor-widget-image\" data-id=\"7b55ffd\" data-element_type=\"widget\" data-e-type=\"widget\" data-widget_type=\"image.default\">\n\t\t\t\t<div class=\"elementor-widget-container\">\n\t\t\t\t\t\t\t\t\t\t\t\t\t\t\t<img fetchpriority=\"high\" decoding=\"async\" width=\"800\" height=\"554\" src=\"https:\/\/bubaclub.com\/wp-content\/uploads\/2025\/01\/Diseno-sin-titulo-1.png\" class=\"attachment-large size-large wp-image-6818\" alt=\"\" srcset=\"https:\/\/bubaclub.com\/wp-content\/uploads\/2025\/01\/Diseno-sin-titulo-1.png 800w, https:\/\/bubaclub.com\/wp-content\/uploads\/2025\/01\/Diseno-sin-titulo-1-300x208.png 300w, https:\/\/bubaclub.com\/wp-content\/uploads\/2025\/01\/Diseno-sin-titulo-1-768x532.png 768w\" sizes=\"(max-width: 800px) 100vw, 800px\" \/>\t\t\t\t\t\t\t\t\t\t\t\t\t\t\t<\/div>\n\t\t\t\t<\/div>\n\t\t\t\t<\/div>\n\t\t\t\t<div class=\"elementor-element elementor-element-637b8d5 elementor-widget elementor-widget-text-editor\" data-id=\"637b8d5\" data-element_type=\"widget\" data-e-type=\"widget\" data-widget_type=\"text-editor.default\">\n\t\t\t\t<div class=\"elementor-widget-container\">\n\t\t\t\t\t\t\t\t\t<h3><strong style=\"color: white;\">AVANTATGES DELS NOSTRES SERVEIS<\/strong><\/h3>\n<p><strong>Atenci\u00f3 personalitzada:<\/strong> Rebr\u00e0s un seguiment continu i adaptat al teu progr\u00e9s, assegurant que avancis de manera \u00f2ptima cap als teus objectius.<\/p>\n<p><strong>Flexibilitat hor\u00e0ria:<\/strong> Oferim sessions en diversos horaris per adaptem a la teva disponibilitat, facilitant la integraci\u00f3 de l&#8217;entrenament a la teva rutina.<\/p>\n<p><strong>Resultats garantits:<\/strong> Amb el nostre enfocament personalitzat i la dedicaci\u00f3 dels nostres entrenadors, t&#8217;ajudem a assolir els teus objectius de manera eficient i sostenible<\/p>\n\t\t\t\t\t\t\t\t<\/div>\n\t\t\t\t<\/div>\n\t\t\t\t<div class=\"elementor-element elementor-element-4d104db elementor-widget elementor-widget-text-editor\" data-id=\"4d104db\" data-element_type=\"widget\" data-e-type=\"widget\" data-widget_type=\"text-editor.default\">\n\t\t\t\t<div class=\"elementor-widget-container\">\n\t\t\t\t\t\t\t\t\t<h3><strong style=\"color: white;\">PER QU\u00c8 ESCOLLIR-NOS?  <\/strong><\/h3>\n<p><strong>Professionalitat i experi\u00e8ncia:<\/strong> El nostre equip est\u00e0 compost per entrenadors personals certificats amb \u00e0mplia experi\u00e8ncia al sector del fitness i la salut.<\/p>\n<p><strong>Instal\u00b7lacions de qualitat:<\/strong> Comptem amb equipament modern i espais dissenyats per oferir-te un ambient c\u00f2mode i motivador.<\/p>\n<p><strong>Comprom\u00eds amb el teu benestar:<\/strong> A Buba Club, la teva salut \u00e9s la nostra prioritat. Ens esforcem per brindar-te un servei integral que abasti tots els aspectes del teu benestar fisc i mental. <\/p>\n\t\t\t\t\t\t\t\t<\/div>\n\t\t\t\t<\/div>\n\t\t\t\t<div class=\"elementor-element elementor-element-c95a3df elementor-widget elementor-widget-text-editor\" data-id=\"c95a3df\" data-element_type=\"widget\" data-e-type=\"widget\" data-widget_type=\"text-editor.default\">\n\t\t\t\t<div class=\"elementor-widget-container\">\n\t\t\t\t\t\t\t\t\t<h3><strong style=\"color: white;\">DURADA I PACKS DISPONIBLES<\/strong><\/h3>\n<p>Oferim sessions d&#8217;entrenament personal de 60 i 30 minuts, perqu\u00e8 puguis triar l&#8217;opci\u00f3 que millor s&#8217;ajusti al teu horari i necessitats. A m\u00e9s, disposem de packs de 5 i 10 sessions, que et permetran obtenir un descompte en adquirir diverses sessions d&#8217;una sola vegada. <\/p>\n<p>No perdis l&#8217;oportunitat d&#8217;entrenar amb professionals que t&#8217;ajudaran a aconseguir les teves metes amb seguretat i confian\u00e7a, sense importar el teu nivell o edat.<\/p>\n<p>Comen\u00e7a avui mateix a construir una base s\u00f2lida per al teu benestar!<\/p>\n\t\t\t\t\t\t\t\t<\/div>\n\t\t\t\t<\/div>\n\t\t\t\t<div class=\"elementor-element elementor-element-d487484 elementor-widget elementor-widget-button\" data-id=\"d487484\" data-element_type=\"widget\" data-e-type=\"widget\" data-widget_type=\"button.default\">\n\t\t\t\t<div class=\"elementor-widget-container\">\n\t\t\t\t\t\t\t\t\t<div class=\"elementor-button-wrapper\">\n\t\t\t\t\t<a class=\"elementor-button elementor-button-link elementor-size-sm\" href=\"https:\/\/bubaclub.com\/wp-content\/uploads\/2025\/02\/LISTA-DE-PRECIOS-EP-202510-x-21-cm.pdf\">\n\t\t\t\t\t\t<span class=\"elementor-button-content-wrapper\">\n\t\t\t\t\t\t\t\t\t<span class=\"elementor-button-text\">descarregar preus<\/span>\n\t\t\t\t\t<\/span>\n\t\t\t\t\t<\/a>\n\t\t\t\t<\/div>\n\t\t\t\t\t\t\t\t<\/div>\n\t\t\t\t<\/div>\n\t\t\t\t\t<\/div>\n\t\t\t\t<\/div>\n\t\t\t\t<\/div>\n\t\t","protected":false},"excerpt":{"rendered":"<p>Entrenador personal A Buba Club, oferim serveis d&#8217;entrenaments personals dissenyats per a tot tipus de p\u00fablic, des de principiants fins a gent gran, joves i m\u00e9s. L&#8217;objectiu del nostre entrenador personal \u00e9s ajudar-te a assolir les teves metes de salut i benestar de manera efectiva i segura. Comptem amb un equip de t\u00e8cnics altament qualificats&#8230;<\/p>\n<div class=\"read-more-link-wrapper\"><a class=\"read-more-link\" href=\"https:\/\/bubaclub.com\/ca\/entrenador-personal\/\">Leer m\u00e1s<i class=\"icon-next\"><\/i><\/a><\/div>\n","protected":false},"author":7,"featured_media":6813,"parent":0,"menu_order":0,"comment_status":"closed","ping_status":"closed","template":"","meta":{"_uf_show_specific_survey":0,"_uf_disable_surveys":false,"footnotes":""},"class_list":["post-6178","page","type-page","status-publish","has-post-thumbnail","hentry"],"yoast_head":"<!-- This site is optimized with the Yoast SEO plugin v27.1.1 - https:\/\/yoast.com\/product\/yoast-seo-wordpress\/ -->\n<title>Entrenador personal - Buba Club<\/title>\n<meta name=\"description\" content=\"Aconsegueix els teus objectius amb un entrenador personal a Buba Fitness Club. Entrenaments personals a Badalona per millorar la teva salut i for\u00e7a.\" \/>\n<meta name=\"robots\" content=\"index, follow, max-snippet:-1, max-image-preview:large, max-video-preview:-1\" \/>\n<link rel=\"canonical\" href=\"https:\/\/bubaclub.com\/entrenador-personal\/\" \/>\n<meta property=\"og:locale\" content=\"ca_ES\" \/>\n<meta property=\"og:type\" content=\"article\" \/>\n<meta property=\"og:title\" content=\"Entrenador personal - Buba Club\" \/>\n<meta property=\"og:description\" content=\"Aconsegueix els teus objectius amb un entrenador personal a Buba Fitness Club. Entrenaments personals a Badalona per millorar la teva salut i for\u00e7a.\" \/>\n<meta property=\"og:url\" content=\"https:\/\/bubaclub.com\/entrenador-personal\/\" \/>\n<meta property=\"og:site_name\" content=\"Buba Club\" \/>\n<meta property=\"article:modified_time\" content=\"2025-02-10T18:03:26+00:00\" \/>\n<meta property=\"og:image\" content=\"https:\/\/bubaclub.com\/wp-content\/uploads\/2025\/01\/Diseno-sin-titulo.png\" \/>\n\t<meta property=\"og:image:width\" content=\"800\" \/>\n\t<meta property=\"og:image:height\" content=\"800\" \/>\n\t<meta property=\"og:image:type\" content=\"image\/png\" \/>\n<meta name=\"twitter:card\" content=\"summary_large_image\" \/>\n<meta name=\"twitter:label1\" content=\"Temps estimat de lectura\" \/>\n\t<meta name=\"twitter:data1\" content=\"3 minuts\" \/>\n<script type=\"application\/ld+json\" class=\"yoast-schema-graph\">{\"@context\":\"https:\/\/schema.org\",\"@graph\":[{\"@type\":\"WebPage\",\"@id\":\"https:\/\/bubaclub.com\/entrenador-personal\/\",\"url\":\"https:\/\/bubaclub.com\/entrenador-personal\/\",\"name\":\"Entrenador personal - Buba Club\",\"isPartOf\":{\"@id\":\"https:\/\/bubaclub.com\/es\/#website\"},\"primaryImageOfPage\":{\"@id\":\"https:\/\/bubaclub.com\/entrenador-personal\/#primaryimage\"},\"image\":{\"@id\":\"https:\/\/bubaclub.com\/entrenador-personal\/#primaryimage\"},\"thumbnailUrl\":\"https:\/\/bubaclub.com\/wp-content\/uploads\/2025\/01\/Diseno-sin-titulo.png\",\"datePublished\":\"2024-12-05T15:11:33+00:00\",\"dateModified\":\"2025-02-10T18:03:26+00:00\",\"description\":\"Aconsegueix els teus objectius amb un entrenador personal a Buba Fitness Club. Entrenaments personals a Badalona per millorar la teva salut i for\u00e7a.\",\"breadcrumb\":{\"@id\":\"https:\/\/bubaclub.com\/entrenador-personal\/#breadcrumb\"},\"inLanguage\":\"ca\",\"potentialAction\":[{\"@type\":\"ReadAction\",\"target\":[\"https:\/\/bubaclub.com\/entrenador-personal\/\"]}]},{\"@type\":\"ImageObject\",\"inLanguage\":\"ca\",\"@id\":\"https:\/\/bubaclub.com\/entrenador-personal\/#primaryimage\",\"url\":\"https:\/\/bubaclub.com\/wp-content\/uploads\/2025\/01\/Diseno-sin-titulo.png\",\"contentUrl\":\"https:\/\/bubaclub.com\/wp-content\/uploads\/2025\/01\/Diseno-sin-titulo.png\",\"width\":800,\"height\":800},{\"@type\":\"BreadcrumbList\",\"@id\":\"https:\/\/bubaclub.com\/entrenador-personal\/#breadcrumb\",\"itemListElement\":[{\"@type\":\"ListItem\",\"position\":1,\"name\":\"Home\",\"item\":\"https:\/\/bubaclub.com\/ca\/\"},{\"@type\":\"ListItem\",\"position\":2,\"name\":\"Entrenador personal\"}]},{\"@type\":\"WebSite\",\"@id\":\"https:\/\/bubaclub.com\/es\/#website\",\"url\":\"https:\/\/bubaclub.com\/es\/\",\"name\":\"Buba Club\",\"description\":\"Buba Club\",\"publisher\":{\"@id\":\"https:\/\/bubaclub.com\/es\/#organization\"},\"potentialAction\":[{\"@type\":\"SearchAction\",\"target\":{\"@type\":\"EntryPoint\",\"urlTemplate\":\"https:\/\/bubaclub.com\/es\/?s={search_term_string}\"},\"query-input\":{\"@type\":\"PropertyValueSpecification\",\"valueRequired\":true,\"valueName\":\"search_term_string\"}}],\"inLanguage\":\"ca\"},{\"@type\":\"Organization\",\"@id\":\"https:\/\/bubaclub.com\/es\/#organization\",\"name\":\"Buba Club\",\"url\":\"https:\/\/bubaclub.com\/es\/\",\"logo\":{\"@type\":\"ImageObject\",\"inLanguage\":\"ca\",\"@id\":\"https:\/\/bubaclub.com\/es\/#\/schema\/logo\/image\/\",\"url\":\"https:\/\/bubaclub.com\/wp-content\/uploads\/2023\/12\/Buba_logo_Horizontal-nwew-.png\",\"contentUrl\":\"https:\/\/bubaclub.com\/wp-content\/uploads\/2023\/12\/Buba_logo_Horizontal-nwew-.png\",\"width\":1548,\"height\":633,\"caption\":\"Buba Club\"},\"image\":{\"@id\":\"https:\/\/bubaclub.com\/es\/#\/schema\/logo\/image\/\"}}]}<\/script>\n<!-- \/ Yoast SEO plugin. -->","yoast_head_json":{"title":"Entrenador personal - Buba Club","description":"Aconsegueix els teus objectius amb un entrenador personal a Buba Fitness Club. Entrenaments personals a Badalona per millorar la teva salut i for\u00e7a.","robots":{"index":"index","follow":"follow","max-snippet":"max-snippet:-1","max-image-preview":"max-image-preview:large","max-video-preview":"max-video-preview:-1"},"canonical":"https:\/\/bubaclub.com\/entrenador-personal\/","og_locale":"ca_ES","og_type":"article","og_title":"Entrenador personal - Buba Club","og_description":"Aconsegueix els teus objectius amb un entrenador personal a Buba Fitness Club. Entrenaments personals a Badalona per millorar la teva salut i for\u00e7a.","og_url":"https:\/\/bubaclub.com\/entrenador-personal\/","og_site_name":"Buba Club","article_modified_time":"2025-02-10T18:03:26+00:00","og_image":[{"width":800,"height":800,"url":"https:\/\/bubaclub.com\/wp-content\/uploads\/2025\/01\/Diseno-sin-titulo.png","type":"image\/png"}],"twitter_card":"summary_large_image","twitter_misc":{"Temps estimat de lectura":"3 minuts"},"schema":{"@context":"https:\/\/schema.org","@graph":[{"@type":"WebPage","@id":"https:\/\/bubaclub.com\/entrenador-personal\/","url":"https:\/\/bubaclub.com\/entrenador-personal\/","name":"Entrenador personal - Buba Club","isPartOf":{"@id":"https:\/\/bubaclub.com\/es\/#website"},"primaryImageOfPage":{"@id":"https:\/\/bubaclub.com\/entrenador-personal\/#primaryimage"},"image":{"@id":"https:\/\/bubaclub.com\/entrenador-personal\/#primaryimage"},"thumbnailUrl":"https:\/\/bubaclub.com\/wp-content\/uploads\/2025\/01\/Diseno-sin-titulo.png","datePublished":"2024-12-05T15:11:33+00:00","dateModified":"2025-02-10T18:03:26+00:00","description":"Aconsegueix els teus objectius amb un entrenador personal a Buba Fitness Club. Entrenaments personals a Badalona per millorar la teva salut i for\u00e7a.","breadcrumb":{"@id":"https:\/\/bubaclub.com\/entrenador-personal\/#breadcrumb"},"inLanguage":"ca","potentialAction":[{"@type":"ReadAction","target":["https:\/\/bubaclub.com\/entrenador-personal\/"]}]},{"@type":"ImageObject","inLanguage":"ca","@id":"https:\/\/bubaclub.com\/entrenador-personal\/#primaryimage","url":"https:\/\/bubaclub.com\/wp-content\/uploads\/2025\/01\/Diseno-sin-titulo.png","contentUrl":"https:\/\/bubaclub.com\/wp-content\/uploads\/2025\/01\/Diseno-sin-titulo.png","width":800,"height":800},{"@type":"BreadcrumbList","@id":"https:\/\/bubaclub.com\/entrenador-personal\/#breadcrumb","itemListElement":[{"@type":"ListItem","position":1,"name":"Home","item":"https:\/\/bubaclub.com\/ca\/"},{"@type":"ListItem","position":2,"name":"Entrenador personal"}]},{"@type":"WebSite","@id":"https:\/\/bubaclub.com\/es\/#website","url":"https:\/\/bubaclub.com\/es\/","name":"Buba Club","description":"Buba Club","publisher":{"@id":"https:\/\/bubaclub.com\/es\/#organization"},"potentialAction":[{"@type":"SearchAction","target":{"@type":"EntryPoint","urlTemplate":"https:\/\/bubaclub.com\/es\/?s={search_term_string}"},"query-input":{"@type":"PropertyValueSpecification","valueRequired":true,"valueName":"search_term_string"}}],"inLanguage":"ca"},{"@type":"Organization","@id":"https:\/\/bubaclub.com\/es\/#organization","name":"Buba Club","url":"https:\/\/bubaclub.com\/es\/","logo":{"@type":"ImageObject","inLanguage":"ca","@id":"https:\/\/bubaclub.com\/es\/#\/schema\/logo\/image\/","url":"https:\/\/bubaclub.com\/wp-content\/uploads\/2023\/12\/Buba_logo_Horizontal-nwew-.png","contentUrl":"https:\/\/bubaclub.com\/wp-content\/uploads\/2023\/12\/Buba_logo_Horizontal-nwew-.png","width":1548,"height":633,"caption":"Buba Club"},"image":{"@id":"https:\/\/bubaclub.com\/es\/#\/schema\/logo\/image\/"}}]}},"_links":{"self":[{"href":"https:\/\/bubaclub.com\/ca\/wp-json\/wp\/v2\/pages\/6178","targetHints":{"allow":["GET"]}}],"collection":[{"href":"https:\/\/bubaclub.com\/ca\/wp-json\/wp\/v2\/pages"}],"about":[{"href":"https:\/\/bubaclub.com\/ca\/wp-json\/wp\/v2\/types\/page"}],"author":[{"embeddable":true,"href":"https:\/\/bubaclub.com\/ca\/wp-json\/wp\/v2\/users\/7"}],"replies":[{"embeddable":true,"href":"https:\/\/bubaclub.com\/ca\/wp-json\/wp\/v2\/comments?post=6178"}],"version-history":[{"count":11,"href":"https:\/\/bubaclub.com\/ca\/wp-json\/wp\/v2\/pages\/6178\/revisions"}],"predecessor-version":[{"id":6940,"href":"https:\/\/bubaclub.com\/ca\/wp-json\/wp\/v2\/pages\/6178\/revisions\/6940"}],"wp:featuredmedia":[{"embeddable":true,"href":"https:\/\/bubaclub.com\/ca\/wp-json\/wp\/v2\/media\/6813"}],"wp:attachment":[{"href":"https:\/\/bubaclub.com\/ca\/wp-json\/wp\/v2\/media?parent=6178"}],"curies":[{"name":"wp","href":"https:\/\/api.w.org\/{rel}","templated":true}]}}