{"id":6192,"date":"2024-12-05T14:34:27","date_gmt":"2024-12-05T14:34:27","guid":{"rendered":"https:\/\/bubaclub.com\/rutines-personalitzades\/"},"modified":"2025-05-02T09:55:05","modified_gmt":"2025-05-02T09:55:05","slug":"rutines-personalitzades","status":"publish","type":"page","link":"https:\/\/bubaclub.com\/ca\/rutines-personalitzades\/","title":{"rendered":"Rutines Personalitzades"},"content":{"rendered":"\t\t<div data-elementor-type=\"wp-page\" data-elementor-id=\"6192\" class=\"elementor elementor-6192 elementor-5588\" data-elementor-post-type=\"page\">\n\t\t\t\t<div class=\"elementor-element elementor-element-8c0dc1b e-flex e-con-boxed e-con e-parent\" data-id=\"8c0dc1b\" data-element_type=\"container\" data-e-type=\"container\">\n\t\t\t\t\t<div class=\"e-con-inner\">\n\t\t\t\t<div class=\"elementor-element elementor-element-7ebfc77 elementor-widget elementor-widget-heading\" data-id=\"7ebfc77\" data-element_type=\"widget\" data-e-type=\"widget\" data-widget_type=\"heading.default\">\n\t\t\t\t<div class=\"elementor-widget-container\">\n\t\t\t\t\t<h1 class=\"elementor-heading-title elementor-size-default\">rutines personalitzades<\/h1>\t\t\t\t<\/div>\n\t\t\t\t<\/div>\n\t\t\t\t\t<\/div>\n\t\t\t\t<\/div>\n\t\t<div class=\"elementor-element elementor-element-6783150 e-flex e-con-boxed e-con e-parent\" data-id=\"6783150\" data-element_type=\"container\" data-e-type=\"container\">\n\t\t\t\t\t<div class=\"e-con-inner\">\n\t\t\t\t<div class=\"elementor-element elementor-element-1ae0872 elementor-widget__width-initial elementor-widget elementor-widget-text-editor\" data-id=\"1ae0872\" data-element_type=\"widget\" data-e-type=\"widget\" data-widget_type=\"text-editor.default\">\n\t\t\t\t<div class=\"elementor-widget-container\">\n\t\t\t\t\t\t\t\t\t<p><span lang=\"ES-ES\" data-contrast=\"auto\">En <\/span><strong><span lang=\"ES-ES\" data-contrast=\"auto\">BUBA Fitness Club<\/span><\/strong><span lang=\"ES-ES\" xml:lang=\"ES-ES\" data-contrast=\"auto\">, creiem que cada persona t\u00e9 necessitats i objectius \u00fanics. Per aix\u00f2, en unir-te al nostre club, rebr\u00e0s una  <\/span><strong><span lang=\"ES-ES\" data-contrast=\"auto\">rutina d&#8217;entrenament totalment personalitzada<\/span><\/strong><span lang=\"ES-ES\" data-contrast=\"auto\">, dissenyada pel nostre t\u00e8cnic de sala<\/span><span data-ccp-props=\"{\"134233117\":false,\"134233118\":false,\"335559738\":240,\"335559739\":240}\"> .<\/span><\/p>\n<p>Ens assegurem d&#8217;adaptar cada pla d&#8217;entrenament a les teves metes espec\u00edfiques, ja sigui:<\/p>\n<p><strong>-Perdre pes i tonificar:<\/strong> Rutines dissenyades per a accelerar el metabolisme i millorar la teva composici\u00f3 corporal.<\/p>\n<p><strong>-Guanyar massa muscular:<\/strong> Exercicis orientats a la hipertr\u00f2fia i el desenvolupament de for\u00e7a.<\/p>\n<p><strong>-Millorar el rendiment esportiu: <\/strong>Plans ajustats per a potenciar la teva resist\u00e8ncia i capacitat f\u00edsica.<\/p>\n<p><strong>-Entrenar amb seguretat:<\/strong> Si tens lesions o limitacions, ajustem cada rutina per a evitar riscos i garantir un entrenament eficient i adaptat a la teva condici\u00f3 f\u00edsica. <\/p>\n\t\t\t\t\t\t\t\t<\/div>\n\t\t\t\t<\/div>\n\t\t\t\t<div class=\"elementor-element elementor-element-aa1738a elementor-widget__width-initial elementor-widget elementor-widget-image\" data-id=\"aa1738a\" data-element_type=\"widget\" data-e-type=\"widget\" data-widget_type=\"image.default\">\n\t\t\t\t<div class=\"elementor-widget-container\">\n\t\t\t\t\t\t\t\t\t\t\t\t\t\t\t<img fetchpriority=\"high\" decoding=\"async\" width=\"1024\" height=\"1024\" src=\"https:\/\/bubaclub.com\/wp-content\/uploads\/2024\/09\/RUTINA-PERSONALIZADA-5-1024x1024.png\" class=\"attachment-large size-large wp-image-6084\" alt=\"\" srcset=\"https:\/\/bubaclub.com\/wp-content\/uploads\/2024\/09\/RUTINA-PERSONALIZADA-5-1024x1024.png 1024w, https:\/\/bubaclub.com\/wp-content\/uploads\/2024\/09\/RUTINA-PERSONALIZADA-5-300x300.png 300w, https:\/\/bubaclub.com\/wp-content\/uploads\/2024\/09\/RUTINA-PERSONALIZADA-5-150x150.png 150w, https:\/\/bubaclub.com\/wp-content\/uploads\/2024\/09\/RUTINA-PERSONALIZADA-5-768x768.png 768w, https:\/\/bubaclub.com\/wp-content\/uploads\/2024\/09\/RUTINA-PERSONALIZADA-5-500x500.png 500w, https:\/\/bubaclub.com\/wp-content\/uploads\/2024\/09\/RUTINA-PERSONALIZADA-5-80x80.png 80w, https:\/\/bubaclub.com\/wp-content\/uploads\/2024\/09\/RUTINA-PERSONALIZADA-5.png 1080w\" sizes=\"(max-width: 1024px) 100vw, 1024px\" \/>\t\t\t\t\t\t\t\t\t\t\t\t\t\t\t<\/div>\n\t\t\t\t<\/div>\n\t\t\t\t\t<\/div>\n\t\t\t\t<\/div>\n\t\t<div class=\"elementor-element elementor-element-5c0fb44 e-flex e-con-boxed e-con e-parent\" data-id=\"5c0fb44\" data-element_type=\"container\" data-e-type=\"container\">\n\t\t\t\t\t<div class=\"e-con-inner\">\n\t\t\t\t<div class=\"elementor-element elementor-element-e44f099 elementor-widget elementor-widget-text-editor\" data-id=\"e44f099\" data-element_type=\"widget\" data-e-type=\"widget\" data-widget_type=\"text-editor.default\">\n\t\t\t\t<div class=\"elementor-widget-container\">\n\t\t\t\t\t\t\t\t\t<h3><strong style=\"color: white;\">MODIFICA LA TEVA RUTINA QUAN HO NECESSITIS <\/strong><\/h3>\n<p>Sabem que els teus objectius poden evolucionar amb el temps. Per aix\u00f2, <strong>pots renovar, modificar o resoldre qualsevol dubte sobre el teu pla d&#8217;entrenament en qualsevol moment.<\/strong> Nom\u00e9s necessites agendar una cita amb el nostre t\u00e8cnic directament des de la nostra app, sense complicacions i de manera r\u00e0pida. <\/p>\n<\/p>\n<h3><strong style=\"color: white;\">EL TEU ENTRENAMENT A LA PALMA DE LA TEVA M\u00c0<\/strong><\/h3>\n<p>La nostra <strong>app exclusiva<\/strong> ha estat dissenyada per a fer que el teu entrenament sigui m\u00e9s visual i intu\u00eftiu. Amb solo uns clics, podr\u00e0s: <\/p>\n<p>-Accedir a la teva rutina actualitzada i seguir cada exercici amb claredat.<\/p>\n<p>-Veure icones explicatives que et guien en l&#8217;execuci\u00f3 de cada moviment.<\/p>\n<p>-Consultar el nombre de repeticions, s\u00e8ries i temps de descans de manera efectiva.<\/p>\n<\/p>\n<h3><strong style=\"color: white;\"> CLASSES DIRIGIDES ADAPTADES A TU <\/strong><\/h3>\n<p>Per a complementar la teva rutina, et recomanem l<strong>es nostres classes dirigides<\/strong>, ideals per a millorar la teva t\u00e8cnica, motivar-te i aconseguir els teus objectius de manera m\u00e9s din\u00e0mica. Comptem amb una \u00e0mplia varietat de sessions adaptades a diferents nivells i necessitats per a garantir un entrenament complet i equilibrat. <\/p>\n<p>En <strong>BUBA Fitness Club<\/strong>, ens comprometem a oferir-te les millors eines perqu\u00e8 aconsegueixis les teves metes. <strong>Uneix-te avui i comen\u00e7a a entrenar<\/strong> <strong>amb un pla dissenyat<\/strong> <strong>exclusivament per a tu.<\/strong><\/p>\n<\/p>\n<p><strong>T&#8217;ajudem a aconseguir els resultats que desitges! <\/strong><\/p>\n\t\t\t\t\t\t\t\t<\/div>\n\t\t\t\t<\/div>\n\t\t\t\t\t<\/div>\n\t\t\t\t<\/div>\n\t\t\t\t<\/div>\n\t\t","protected":false},"excerpt":{"rendered":"<p>rutines personalitzades En BUBA Fitness Club, creiem que cada persona t\u00e9 necessitats i objectius \u00fanics. Per aix\u00f2, en unir-te al nostre club, rebr\u00e0s una rutina d&#8217;entrenament totalment personalitzada, dissenyada pel nostre t\u00e8cnic de sala . Ens assegurem d&#8217;adaptar cada pla d&#8217;entrenament a les teves metes espec\u00edfiques, ja sigui: -Perdre pes i tonificar: Rutines dissenyades per&#8230;<\/p>\n<div class=\"read-more-link-wrapper\"><a class=\"read-more-link\" href=\"https:\/\/bubaclub.com\/ca\/rutines-personalitzades\/\">Leer m\u00e1s<i class=\"icon-next\"><\/i><\/a><\/div>\n","protected":false},"author":7,"featured_media":0,"parent":0,"menu_order":0,"comment_status":"closed","ping_status":"closed","template":"","meta":{"_uf_show_specific_survey":0,"_uf_disable_surveys":false,"footnotes":""},"class_list":["post-6192","page","type-page","status-publish","hentry"],"yoast_head":"<!-- This site is optimized with the Yoast SEO plugin v27.1.1 - https:\/\/yoast.com\/product\/yoast-seo-wordpress\/ -->\n<title>Rutines Personalitzades - Buba Club<\/title>\n<meta name=\"description\" content=\"T&#039;ajudem a aconseguir els teus objectius amb les nostres rutines d&#039;entrenament personalitzades. Plans adaptats a les teves necessitats!\" \/>\n<meta name=\"robots\" content=\"index, follow, max-snippet:-1, max-image-preview:large, max-video-preview:-1\" \/>\n<link rel=\"canonical\" href=\"https:\/\/bubaclub.com\/ca\/rutines-personalitzades\/\" \/>\n<meta property=\"og:locale\" content=\"ca_ES\" \/>\n<meta property=\"og:type\" content=\"article\" \/>\n<meta property=\"og:title\" content=\"Rutines Personalitzades - Buba Club\" \/>\n<meta property=\"og:description\" content=\"T&#039;ajudem a aconseguir els teus objectius amb les nostres rutines d&#039;entrenament personalitzades. Plans adaptats a les teves necessitats!\" \/>\n<meta property=\"og:url\" content=\"https:\/\/bubaclub.com\/ca\/rutines-personalitzades\/\" \/>\n<meta property=\"og:site_name\" content=\"Buba Club\" \/>\n<meta property=\"article:modified_time\" content=\"2025-05-02T09:55:05+00:00\" \/>\n<meta property=\"og:image\" content=\"https:\/\/bubaclub.com\/wp-content\/uploads\/2024\/09\/RUTINA-PERSONALIZADA-5-e1733757548242.png\" \/>\n\t<meta property=\"og:image:width\" content=\"1080\" \/>\n\t<meta property=\"og:image:height\" content=\"890\" \/>\n\t<meta property=\"og:image:type\" content=\"image\/png\" \/>\n<meta name=\"twitter:card\" content=\"summary_large_image\" \/>\n<meta name=\"twitter:label1\" content=\"Temps estimat de lectura\" \/>\n\t<meta name=\"twitter:data1\" content=\"2 minuts\" \/>\n<script type=\"application\/ld+json\" class=\"yoast-schema-graph\">{\"@context\":\"https:\/\/schema.org\",\"@graph\":[{\"@type\":\"WebPage\",\"@id\":\"https:\/\/bubaclub.com\/ca\/rutines-personalitzades\/\",\"url\":\"https:\/\/bubaclub.com\/ca\/rutines-personalitzades\/\",\"name\":\"Rutines Personalitzades - Buba Club\",\"isPartOf\":{\"@id\":\"https:\/\/bubaclub.com\/es\/#website\"},\"primaryImageOfPage\":{\"@id\":\"https:\/\/bubaclub.com\/ca\/rutines-personalitzades\/#primaryimage\"},\"image\":{\"@id\":\"https:\/\/bubaclub.com\/ca\/rutines-personalitzades\/#primaryimage\"},\"thumbnailUrl\":\"https:\/\/bubaclub.com\/wp-content\/uploads\/2024\/09\/RUTINA-PERSONALIZADA-5-e1733757548242-1024x844.png\",\"datePublished\":\"2024-12-05T14:34:27+00:00\",\"dateModified\":\"2025-05-02T09:55:05+00:00\",\"description\":\"T'ajudem a aconseguir els teus objectius amb les nostres rutines d'entrenament personalitzades. Plans adaptats a les teves necessitats!\",\"breadcrumb\":{\"@id\":\"https:\/\/bubaclub.com\/ca\/rutines-personalitzades\/#breadcrumb\"},\"inLanguage\":\"ca\",\"potentialAction\":[{\"@type\":\"ReadAction\",\"target\":[\"https:\/\/bubaclub.com\/ca\/rutines-personalitzades\/\"]}]},{\"@type\":\"ImageObject\",\"inLanguage\":\"ca\",\"@id\":\"https:\/\/bubaclub.com\/ca\/rutines-personalitzades\/#primaryimage\",\"url\":\"https:\/\/bubaclub.com\/wp-content\/uploads\/2024\/09\/RUTINA-PERSONALIZADA-5-e1733757548242-1024x844.png\",\"contentUrl\":\"https:\/\/bubaclub.com\/wp-content\/uploads\/2024\/09\/RUTINA-PERSONALIZADA-5-e1733757548242-1024x844.png\"},{\"@type\":\"BreadcrumbList\",\"@id\":\"https:\/\/bubaclub.com\/ca\/rutines-personalitzades\/#breadcrumb\",\"itemListElement\":[{\"@type\":\"ListItem\",\"position\":1,\"name\":\"Home\",\"item\":\"https:\/\/bubaclub.com\/ca\/home\/\"},{\"@type\":\"ListItem\",\"position\":2,\"name\":\"Rutines Personalitzades\"}]},{\"@type\":\"WebSite\",\"@id\":\"https:\/\/bubaclub.com\/es\/#website\",\"url\":\"https:\/\/bubaclub.com\/es\/\",\"name\":\"Buba Club\",\"description\":\"Buba Club\",\"publisher\":{\"@id\":\"https:\/\/bubaclub.com\/es\/#organization\"},\"potentialAction\":[{\"@type\":\"SearchAction\",\"target\":{\"@type\":\"EntryPoint\",\"urlTemplate\":\"https:\/\/bubaclub.com\/es\/?s={search_term_string}\"},\"query-input\":{\"@type\":\"PropertyValueSpecification\",\"valueRequired\":true,\"valueName\":\"search_term_string\"}}],\"inLanguage\":\"ca\"},{\"@type\":\"Organization\",\"@id\":\"https:\/\/bubaclub.com\/es\/#organization\",\"name\":\"Buba Club\",\"url\":\"https:\/\/bubaclub.com\/es\/\",\"logo\":{\"@type\":\"ImageObject\",\"inLanguage\":\"ca\",\"@id\":\"https:\/\/bubaclub.com\/es\/#\/schema\/logo\/image\/\",\"url\":\"https:\/\/bubaclub.com\/wp-content\/uploads\/2023\/12\/Buba_logo_Horizontal-nwew-.png\",\"contentUrl\":\"https:\/\/bubaclub.com\/wp-content\/uploads\/2023\/12\/Buba_logo_Horizontal-nwew-.png\",\"width\":1548,\"height\":633,\"caption\":\"Buba Club\"},\"image\":{\"@id\":\"https:\/\/bubaclub.com\/es\/#\/schema\/logo\/image\/\"}}]}<\/script>\n<!-- \/ Yoast SEO plugin. -->","yoast_head_json":{"title":"Rutines Personalitzades - Buba Club","description":"T'ajudem a aconseguir els teus objectius amb les nostres rutines d'entrenament personalitzades. Plans adaptats a les teves necessitats!","robots":{"index":"index","follow":"follow","max-snippet":"max-snippet:-1","max-image-preview":"max-image-preview:large","max-video-preview":"max-video-preview:-1"},"canonical":"https:\/\/bubaclub.com\/ca\/rutines-personalitzades\/","og_locale":"ca_ES","og_type":"article","og_title":"Rutines Personalitzades - Buba Club","og_description":"T'ajudem a aconseguir els teus objectius amb les nostres rutines d'entrenament personalitzades. Plans adaptats a les teves necessitats!","og_url":"https:\/\/bubaclub.com\/ca\/rutines-personalitzades\/","og_site_name":"Buba Club","article_modified_time":"2025-05-02T09:55:05+00:00","og_image":[{"width":1080,"height":890,"url":"https:\/\/bubaclub.com\/wp-content\/uploads\/2024\/09\/RUTINA-PERSONALIZADA-5-e1733757548242.png","type":"image\/png"}],"twitter_card":"summary_large_image","twitter_misc":{"Temps estimat de lectura":"2 minuts"},"schema":{"@context":"https:\/\/schema.org","@graph":[{"@type":"WebPage","@id":"https:\/\/bubaclub.com\/ca\/rutines-personalitzades\/","url":"https:\/\/bubaclub.com\/ca\/rutines-personalitzades\/","name":"Rutines Personalitzades - Buba Club","isPartOf":{"@id":"https:\/\/bubaclub.com\/es\/#website"},"primaryImageOfPage":{"@id":"https:\/\/bubaclub.com\/ca\/rutines-personalitzades\/#primaryimage"},"image":{"@id":"https:\/\/bubaclub.com\/ca\/rutines-personalitzades\/#primaryimage"},"thumbnailUrl":"https:\/\/bubaclub.com\/wp-content\/uploads\/2024\/09\/RUTINA-PERSONALIZADA-5-e1733757548242-1024x844.png","datePublished":"2024-12-05T14:34:27+00:00","dateModified":"2025-05-02T09:55:05+00:00","description":"T'ajudem a aconseguir els teus objectius amb les nostres rutines d'entrenament personalitzades. Plans adaptats a les teves necessitats!","breadcrumb":{"@id":"https:\/\/bubaclub.com\/ca\/rutines-personalitzades\/#breadcrumb"},"inLanguage":"ca","potentialAction":[{"@type":"ReadAction","target":["https:\/\/bubaclub.com\/ca\/rutines-personalitzades\/"]}]},{"@type":"ImageObject","inLanguage":"ca","@id":"https:\/\/bubaclub.com\/ca\/rutines-personalitzades\/#primaryimage","url":"https:\/\/bubaclub.com\/wp-content\/uploads\/2024\/09\/RUTINA-PERSONALIZADA-5-e1733757548242-1024x844.png","contentUrl":"https:\/\/bubaclub.com\/wp-content\/uploads\/2024\/09\/RUTINA-PERSONALIZADA-5-e1733757548242-1024x844.png"},{"@type":"BreadcrumbList","@id":"https:\/\/bubaclub.com\/ca\/rutines-personalitzades\/#breadcrumb","itemListElement":[{"@type":"ListItem","position":1,"name":"Home","item":"https:\/\/bubaclub.com\/ca\/home\/"},{"@type":"ListItem","position":2,"name":"Rutines Personalitzades"}]},{"@type":"WebSite","@id":"https:\/\/bubaclub.com\/es\/#website","url":"https:\/\/bubaclub.com\/es\/","name":"Buba Club","description":"Buba Club","publisher":{"@id":"https:\/\/bubaclub.com\/es\/#organization"},"potentialAction":[{"@type":"SearchAction","target":{"@type":"EntryPoint","urlTemplate":"https:\/\/bubaclub.com\/es\/?s={search_term_string}"},"query-input":{"@type":"PropertyValueSpecification","valueRequired":true,"valueName":"search_term_string"}}],"inLanguage":"ca"},{"@type":"Organization","@id":"https:\/\/bubaclub.com\/es\/#organization","name":"Buba Club","url":"https:\/\/bubaclub.com\/es\/","logo":{"@type":"ImageObject","inLanguage":"ca","@id":"https:\/\/bubaclub.com\/es\/#\/schema\/logo\/image\/","url":"https:\/\/bubaclub.com\/wp-content\/uploads\/2023\/12\/Buba_logo_Horizontal-nwew-.png","contentUrl":"https:\/\/bubaclub.com\/wp-content\/uploads\/2023\/12\/Buba_logo_Horizontal-nwew-.png","width":1548,"height":633,"caption":"Buba Club"},"image":{"@id":"https:\/\/bubaclub.com\/es\/#\/schema\/logo\/image\/"}}]}},"_links":{"self":[{"href":"https:\/\/bubaclub.com\/ca\/wp-json\/wp\/v2\/pages\/6192","targetHints":{"allow":["GET"]}}],"collection":[{"href":"https:\/\/bubaclub.com\/ca\/wp-json\/wp\/v2\/pages"}],"about":[{"href":"https:\/\/bubaclub.com\/ca\/wp-json\/wp\/v2\/types\/page"}],"author":[{"embeddable":true,"href":"https:\/\/bubaclub.com\/ca\/wp-json\/wp\/v2\/users\/7"}],"replies":[{"embeddable":true,"href":"https:\/\/bubaclub.com\/ca\/wp-json\/wp\/v2\/comments?post=6192"}],"version-history":[{"count":5,"href":"https:\/\/bubaclub.com\/ca\/wp-json\/wp\/v2\/pages\/6192\/revisions"}],"predecessor-version":[{"id":7174,"href":"https:\/\/bubaclub.com\/ca\/wp-json\/wp\/v2\/pages\/6192\/revisions\/7174"}],"wp:attachment":[{"href":"https:\/\/bubaclub.com\/ca\/wp-json\/wp\/v2\/media?parent=6192"}],"curies":[{"name":"wp","href":"https:\/\/api.w.org\/{rel}","templated":true}]}}