{"id":6194,"date":"2024-12-05T15:14:12","date_gmt":"2024-12-05T15:14:12","guid":{"rendered":"https:\/\/bubaclub.com\/servei-destetica\/"},"modified":"2025-02-04T11:11:14","modified_gmt":"2025-02-04T11:11:14","slug":"servei-destetica","status":"publish","type":"page","link":"https:\/\/bubaclub.com\/ca\/servei-destetica\/","title":{"rendered":"Servei d&#8217;Est\u00e8tica"},"content":{"rendered":"\t\t<div data-elementor-type=\"wp-page\" data-elementor-id=\"6194\" class=\"elementor elementor-6194 elementor-5620\" data-elementor-post-type=\"page\">\n\t\t\t\t<div class=\"elementor-element elementor-element-2334f83 e-flex e-con-boxed e-con e-parent\" data-id=\"2334f83\" data-element_type=\"container\" data-e-type=\"container\">\n\t\t\t\t\t<div class=\"e-con-inner\">\n\t\t\t\t<div class=\"elementor-element elementor-element-2dc90be elementor-widget elementor-widget-heading\" data-id=\"2dc90be\" data-element_type=\"widget\" data-e-type=\"widget\" data-widget_type=\"heading.default\">\n\t\t\t\t<div class=\"elementor-widget-container\">\n\t\t\t\t\t<h1 class=\"elementor-heading-title elementor-size-default\">SERVEI D'EST\u00c8TICA<\/h1>\t\t\t\t<\/div>\n\t\t\t\t<\/div>\n\t\t\t\t\t<\/div>\n\t\t\t\t<\/div>\n\t\t<div class=\"elementor-element elementor-element-f4ff3c6 e-flex e-con-boxed e-con e-parent\" data-id=\"f4ff3c6\" data-element_type=\"container\" data-e-type=\"container\">\n\t\t\t\t\t<div class=\"e-con-inner\">\n\t\t\t\t<div class=\"elementor-element elementor-element-7cbf46c elementor-widget elementor-widget-text-editor\" data-id=\"7cbf46c\" data-element_type=\"widget\" data-e-type=\"widget\" data-widget_type=\"text-editor.default\">\n\t\t\t\t<div class=\"elementor-widget-container\">\n\t\t\t\t\t\t\t\t\t<p>Benvingut al servei d&#8217;est\u00e8tica de BUBA Fitness Club, on us oferim una experi\u00e8ncia \u00fanica en tractaments est\u00e8tics. Utilitzem la tecnologia m\u00e9s avan\u00e7ada per ajudar-te a lluir la teva millor versi\u00f3 i cuidem cada detall perqu\u00e8 la teva pell rebi l&#8217;atenci\u00f3 que mereix. <\/p>\n\t\t\t\t\t\t\t\t<\/div>\n\t\t\t\t<\/div>\n\t\t<div class=\"elementor-element elementor-element-cd83908 e-con-full e-flex e-con e-child\" data-id=\"cd83908\" data-element_type=\"container\" data-e-type=\"container\">\n\t\t\t\t<div class=\"elementor-element elementor-element-9365ba4 elementor-widget__width-initial elementor-widget elementor-widget-text-editor\" data-id=\"9365ba4\" data-element_type=\"widget\" data-e-type=\"widget\" data-widget_type=\"text-editor.default\">\n\t\t\t\t<div class=\"elementor-widget-container\">\n\t\t\t\t\t\t\t\t\t<h3><strong style=\"color: white;\">Les nostres expertes<\/strong><\/h3>\n<p>La nostra experta en est\u00e8tica, Eva Coronado (@byevacoronado), compta amb <strong>m\u00e9s de 20 anys d&#8217;experi\u00e8ncia<\/strong> al sector. Gr\u00e0cies al seu coneixement i dedicaci\u00f3, cada tractament s&#8217;adapta a les vostres necessitats espec\u00edfiques per garantir els millors resultats. <\/p>\n<h3><strong style=\"color: white;\"> <span class=\"TextRun SCXW217637980 BCX0\" lang=\"ES-ES\" xml:lang=\"ES-ES\" data-contrast=\"auto\"><span class=\"NormalTextRun SCXW217637980 BCX0\" data-ccp-parastyle=\"Anclaje de objeto\" data-ccp-parastyle-defn=\"{\"ObjectId\":\"03b9156f-8230-4385-a1dd-f0b1e7986890|121\",\"ClassId\":1073872969,\"Properties\":[268442635,\"10\",335559739,\"0\",335559738,\"0\",201342446,\"1\",201342447,\"5\",201342448,\"1\",201342449,\"1\",469777841,\"AvenirNext LT Pro Light\",469777842,\"\",469777843,\"Avenir Next LT Pro\",469777844,\"Avenir Next LT Pro\",201341986,\"1\",469769226,\"AvenirNext LT Pro Light\",469775450,\"Anclaje de objeto\",201340122,\"2\",134234082,\"true\",134233614,\"true\",469778129,\"Anclajedeobjeto\",335572020,\"1\",134233111,\"true\",469778324,\"Normal\"]}\">TRACTAMENTS FACIALS I CORPORALS<\/span><\/span><span class=\"EOP SCXW217637980 BCX0\" data-ccp-props=\"{\"335559738\":0,\"335559739\":0}\"> <\/span><\/strong><\/h3>\n<p><b><span data-contrast=\"auto\">Dermapen:<\/span><\/b> <span data-contrast=\"auto\">Aquest tractament avan\u00e7at estimula la regeneraci\u00f3 natural de la pell, millorant-ne la textura i aportant un aspecte rejovenit.<\/span><span data-ccp-props=\"{\"335559738\":0,\"335559739\":0}\"> <\/span><\/p>\n<p><b><span data-contrast=\"auto\">Carb\u00f3 actiu:<\/span><\/b> <span data-contrast=\"auto\">Una neteja profunda dissenyada per revitalitzar la pell, deixant-la lluminosa, uniforme i lliure d&#8217;impureses.<\/span><span data-ccp-props=\"{\"335559738\":0,\"335559739\":0}\"> <\/span><\/p>\n<p><span data-ccp-props=\"{\"335559738\":0,\"335559739\":0}\"> <\/span><b><span data-contrast=\"auto\">Plasmapen \/ Blefaropl\u00e0stia:<\/span><\/b> <span data-contrast=\"auto\">T\u00e8cnica efica\u00e7 per reduir arrugues i millorar la fermesa del rostre, proporcionant un aspecte m\u00e9s jove i descansat.<\/span><span data-ccp-props=\"{\"335559738\":0,\"335559739\":0}\"> <\/span><\/p>\n\t\t\t\t\t\t\t\t<\/div>\n\t\t\t\t<\/div>\n\t\t\t\t<div class=\"elementor-element elementor-element-720c8e5 elementor-widget__width-initial elementor-widget elementor-widget-image\" data-id=\"720c8e5\" data-element_type=\"widget\" data-e-type=\"widget\" data-widget_type=\"image.default\">\n\t\t\t\t<div class=\"elementor-widget-container\">\n\t\t\t\t\t\t\t\t\t\t\t\t\t\t\t<img fetchpriority=\"high\" decoding=\"async\" width=\"800\" height=\"800\" src=\"https:\/\/bubaclub.com\/wp-content\/uploads\/2022\/05\/Diseno-sin-titulo-9.png\" class=\"attachment-large size-large wp-image-6016\" alt=\"\" srcset=\"https:\/\/bubaclub.com\/wp-content\/uploads\/2022\/05\/Diseno-sin-titulo-9.png 800w, https:\/\/bubaclub.com\/wp-content\/uploads\/2022\/05\/Diseno-sin-titulo-9-300x300.png 300w, https:\/\/bubaclub.com\/wp-content\/uploads\/2022\/05\/Diseno-sin-titulo-9-150x150.png 150w, https:\/\/bubaclub.com\/wp-content\/uploads\/2022\/05\/Diseno-sin-titulo-9-768x768.png 768w, https:\/\/bubaclub.com\/wp-content\/uploads\/2022\/05\/Diseno-sin-titulo-9-500x500.png 500w, https:\/\/bubaclub.com\/wp-content\/uploads\/2022\/05\/Diseno-sin-titulo-9-80x80.png 80w\" sizes=\"(max-width: 800px) 100vw, 800px\" \/>\t\t\t\t\t\t\t\t\t\t\t\t\t\t\t<\/div>\n\t\t\t\t<\/div>\n\t\t\t\t<\/div>\n\t\t\t\t<div class=\"elementor-element elementor-element-419bce1 elementor-widget elementor-widget-text-editor\" data-id=\"419bce1\" data-element_type=\"widget\" data-e-type=\"widget\" data-widget_type=\"text-editor.default\">\n\t\t\t\t<div class=\"elementor-widget-container\">\n\t\t\t\t\t\t\t\t\t<h3><b><span style=\"color: white;\" data-contrast=\"auto\">CURA CORPORAL<\/span><\/b><span data-ccp-props=\"{\"335559738\":0,\"335559739\":0}\"> <\/span><\/h3>\n<p><b><span data-contrast=\"auto\">Eliminaci\u00f3 de taques i tatuatges:<\/span><\/b> <span data-contrast=\"auto\">Tractaments especialitzats que aconsegueixen resultats visibles des de les primeres sessions, tornant uniformitat i claredat a la teva pell.<\/span><span data-ccp-props=\"{\"335559738\":0,\"335559739\":0}\"> <\/span><\/p>\n<p><b><span data-contrast=\"auto\">Depilaci\u00f3 l\u00e0ser de triple ona:<\/span><\/b> <span data-contrast=\"auto\">L&#8217;\u00faltima tecnologia en eliminaci\u00f3 del p\u00e8l, dissenyada per ser segura, efectiva i completament indolora.<\/span><span data-ccp-props=\"{\"335559738\":0,\"335559739\":0}\"> <\/span><span data-contrast=\"auto\">Aquest procediment \u00e9s apte per a tota mena de pells i es pot fer fins i tot durant els mesos d&#8217;estiu, sense afectar la salut de la pell.<\/span><span data-ccp-props=\"{\"335559738\":0,\"335559739\":0}\"> <\/span><\/p>\n<p><strong>T\u00e8cnica Estructural:<\/strong> creada per Jordi Puig, \u00e9s un m\u00e8tode innovador que ajuda a restablir lequilibri f\u00edsic del cos i millorar el funcionament del sistema nervi\u00f3s. A m\u00e9s, treballa inconscientment, identificant i alliberant bloquejos emocionals en l&#8217;ordre m\u00e9s adequat per a cada persona. Aquesta t\u00e8cnica ofereix un enfocament integral per al benestar, combinant l&#8217;ajust f\u00edsic amb l&#8217;alliberament emocional, cosa que permet recuperar de manera efectiva l&#8217;harmonia corporal i mental.  <\/p>\n<h3><b><span style=\"color: white;\" data-contrast=\"auto\">REDUEIX GREIX LOCALITZAT SENSE CIRURGIA<\/span><\/b><span data-ccp-props=\"{\"335559738\":0,\"335559739\":0}\"> <\/span><\/h3>\n<p><span data-contrast=\"auto\">Oferim <strong>SERVEI DE CRIOLIP\u00d2LISI<\/strong> , un tractament no invasiu que elimina greix localitzat mitjan\u00e7ant congelaci\u00f3 controlada. Aquest proc\u00e9s \u00e9s segur, no requereix cirurgia i ofereix resultats visibles al cap de poques setmanes. A m\u00e9s a m\u00e9s, cada sessi\u00f3 inclou un massatge per potenciar els resultats i millorar el teu benestar.  <\/span><span data-ccp-props=\"{\"335559738\":0,\"335559739\":0}\"> <\/span><\/p>\n<h3><b><span style=\"color: white;\" data-contrast=\"auto\">UN ESPAI DISSENYAT PER A TU<\/span><\/b><span data-ccp-props=\"{\"335559738\":0,\"335559739\":0}\"> <\/span><\/h3>\n<p><span data-contrast=\"auto\">El nostre centre d&#8217;est\u00e8tica est\u00e0 pensat perqu\u00e8 gaudiu d&#8217;un ambient relaxant i c\u00f2mode mentre rebeu els nostres tractaments. Ens esforcem per brindar-te una experi\u00e8ncia que superi les teves expectatives. <\/span><span data-ccp-props=\"{\"335559738\":0,\"335559739\":0}\"> <\/span><\/p>\n<h3><b><span style=\"color: white;\" data-contrast=\"auto\">AGENDA LA TEVA CITA AVUI!<\/span><\/b><span data-ccp-props=\"{\"335559738\":0,\"335559739\":0}\"> <\/span><\/h3>\n<p><span data-contrast=\"auto\">Per a m\u00e9s informaci\u00f3 o per programar la teva propera cita, contacta amb recepci\u00f3 o truca&#8217;ns al 933 998 304.<\/span><span data-ccp-props=\"{\"335559738\":0,\"335559739\":0}\"> <\/span><\/p>\n\t\t\t\t\t\t\t\t<\/div>\n\t\t\t\t<\/div>\n\t\t\t\t<div class=\"elementor-element elementor-element-d6916cf elementor-widget elementor-widget-button\" data-id=\"d6916cf\" data-element_type=\"widget\" data-e-type=\"widget\" data-widget_type=\"button.default\">\n\t\t\t\t<div class=\"elementor-widget-container\">\n\t\t\t\t\t\t\t\t\t<div class=\"elementor-button-wrapper\">\n\t\t\t\t\t<a class=\"elementor-button elementor-button-link elementor-size-sm\" href=\"https:\/\/bubaclub.com\/wp-content\/uploads\/2023\/04\/Precios-Estetica-BF-2023.pdf\">\n\t\t\t\t\t\t<span class=\"elementor-button-content-wrapper\">\n\t\t\t\t\t\t\t\t\t<span class=\"elementor-button-text\">descarregar preus<\/span>\n\t\t\t\t\t<\/span>\n\t\t\t\t\t<\/a>\n\t\t\t\t<\/div>\n\t\t\t\t\t\t\t\t<\/div>\n\t\t\t\t<\/div>\n\t\t\t\t\t<\/div>\n\t\t\t\t<\/div>\n\t\t\t\t<\/div>\n\t\t","protected":false},"excerpt":{"rendered":"<p>SERVEI D&#8217;EST\u00c8TICA Benvingut al servei d&#8217;est\u00e8tica de BUBA Fitness Club, on us oferim una experi\u00e8ncia \u00fanica en tractaments est\u00e8tics. Utilitzem la tecnologia m\u00e9s avan\u00e7ada per ajudar-te a lluir la teva millor versi\u00f3 i cuidem cada detall perqu\u00e8 la teva pell rebi l&#8217;atenci\u00f3 que mereix. Les nostres expertes La nostra experta en est\u00e8tica, Eva Coronado (@byevacoronado),&#8230;<\/p>\n<div class=\"read-more-link-wrapper\"><a class=\"read-more-link\" href=\"https:\/\/bubaclub.com\/ca\/servei-destetica\/\">Leer m\u00e1s<i class=\"icon-next\"><\/i><\/a><\/div>\n","protected":false},"author":7,"featured_media":0,"parent":0,"menu_order":0,"comment_status":"closed","ping_status":"closed","template":"","meta":{"_uf_show_specific_survey":0,"_uf_disable_surveys":false,"footnotes":""},"class_list":["post-6194","page","type-page","status-publish","hentry"],"yoast_head":"<!-- This site is optimized with the Yoast SEO plugin v27.1.1 - https:\/\/yoast.com\/product\/yoast-seo-wordpress\/ -->\n<title>Servei d&#039;Est\u00e8tica - Buba Club<\/title>\n<meta name=\"description\" content=\"Descobreix el servei d&#039;est\u00e8tica de Buba Fitness Club a Badalona. Tractaments personalitzats per a cuidar-te. Reserva la teva cita avui!\" \/>\n<meta name=\"robots\" content=\"index, follow, max-snippet:-1, max-image-preview:large, max-video-preview:-1\" \/>\n<link rel=\"canonical\" href=\"https:\/\/bubaclub.com\/ca\/servei-destetica\/\" \/>\n<meta property=\"og:locale\" content=\"ca_ES\" \/>\n<meta property=\"og:type\" content=\"article\" \/>\n<meta property=\"og:title\" content=\"Servei d&#039;Est\u00e8tica - Buba Club\" \/>\n<meta property=\"og:description\" content=\"Descobreix el servei d&#039;est\u00e8tica de Buba Fitness Club a Badalona. Tractaments personalitzats per a cuidar-te. Reserva la teva cita avui!\" \/>\n<meta property=\"og:url\" content=\"https:\/\/bubaclub.com\/ca\/servei-destetica\/\" \/>\n<meta property=\"og:site_name\" content=\"Buba Club\" \/>\n<meta property=\"article:modified_time\" content=\"2025-02-04T11:11:14+00:00\" \/>\n<meta property=\"og:image\" content=\"https:\/\/bubaclub.com\/wp-content\/uploads\/2022\/05\/Diseno-sin-titulo-9.png\" \/>\n\t<meta property=\"og:image:width\" content=\"800\" \/>\n\t<meta property=\"og:image:height\" content=\"800\" \/>\n\t<meta property=\"og:image:type\" content=\"image\/png\" \/>\n<meta name=\"twitter:card\" content=\"summary_large_image\" \/>\n<meta name=\"twitter:label1\" content=\"Temps estimat de lectura\" \/>\n\t<meta name=\"twitter:data1\" content=\"2 minuts\" \/>\n<script type=\"application\/ld+json\" class=\"yoast-schema-graph\">{\"@context\":\"https:\/\/schema.org\",\"@graph\":[{\"@type\":\"WebPage\",\"@id\":\"https:\/\/bubaclub.com\/ca\/servei-destetica\/\",\"url\":\"https:\/\/bubaclub.com\/ca\/servei-destetica\/\",\"name\":\"Servei d'Est\u00e8tica - Buba Club\",\"isPartOf\":{\"@id\":\"https:\/\/bubaclub.com\/es\/#website\"},\"primaryImageOfPage\":{\"@id\":\"https:\/\/bubaclub.com\/ca\/servei-destetica\/#primaryimage\"},\"image\":{\"@id\":\"https:\/\/bubaclub.com\/ca\/servei-destetica\/#primaryimage\"},\"thumbnailUrl\":\"https:\/\/bubaclub.com\/wp-content\/uploads\/2022\/05\/Diseno-sin-titulo-9.png\",\"datePublished\":\"2024-12-05T15:14:12+00:00\",\"dateModified\":\"2025-02-04T11:11:14+00:00\",\"description\":\"Descobreix el servei d'est\u00e8tica de Buba Fitness Club a Badalona. Tractaments personalitzats per a cuidar-te. Reserva la teva cita avui!\",\"breadcrumb\":{\"@id\":\"https:\/\/bubaclub.com\/ca\/servei-destetica\/#breadcrumb\"},\"inLanguage\":\"ca\",\"potentialAction\":[{\"@type\":\"ReadAction\",\"target\":[\"https:\/\/bubaclub.com\/ca\/servei-destetica\/\"]}]},{\"@type\":\"ImageObject\",\"inLanguage\":\"ca\",\"@id\":\"https:\/\/bubaclub.com\/ca\/servei-destetica\/#primaryimage\",\"url\":\"https:\/\/bubaclub.com\/wp-content\/uploads\/2022\/05\/Diseno-sin-titulo-9.png\",\"contentUrl\":\"https:\/\/bubaclub.com\/wp-content\/uploads\/2022\/05\/Diseno-sin-titulo-9.png\"},{\"@type\":\"BreadcrumbList\",\"@id\":\"https:\/\/bubaclub.com\/ca\/servei-destetica\/#breadcrumb\",\"itemListElement\":[{\"@type\":\"ListItem\",\"position\":1,\"name\":\"Home\",\"item\":\"https:\/\/bubaclub.com\/ca\/\"},{\"@type\":\"ListItem\",\"position\":2,\"name\":\"Servei d&#8217;Est\u00e8tica\"}]},{\"@type\":\"WebSite\",\"@id\":\"https:\/\/bubaclub.com\/es\/#website\",\"url\":\"https:\/\/bubaclub.com\/es\/\",\"name\":\"Buba Club\",\"description\":\"Buba Club\",\"publisher\":{\"@id\":\"https:\/\/bubaclub.com\/es\/#organization\"},\"potentialAction\":[{\"@type\":\"SearchAction\",\"target\":{\"@type\":\"EntryPoint\",\"urlTemplate\":\"https:\/\/bubaclub.com\/es\/?s={search_term_string}\"},\"query-input\":{\"@type\":\"PropertyValueSpecification\",\"valueRequired\":true,\"valueName\":\"search_term_string\"}}],\"inLanguage\":\"ca\"},{\"@type\":\"Organization\",\"@id\":\"https:\/\/bubaclub.com\/es\/#organization\",\"name\":\"Buba Club\",\"url\":\"https:\/\/bubaclub.com\/es\/\",\"logo\":{\"@type\":\"ImageObject\",\"inLanguage\":\"ca\",\"@id\":\"https:\/\/bubaclub.com\/es\/#\/schema\/logo\/image\/\",\"url\":\"https:\/\/bubaclub.com\/wp-content\/uploads\/2023\/12\/Buba_logo_Horizontal-nwew-.png\",\"contentUrl\":\"https:\/\/bubaclub.com\/wp-content\/uploads\/2023\/12\/Buba_logo_Horizontal-nwew-.png\",\"width\":1548,\"height\":633,\"caption\":\"Buba Club\"},\"image\":{\"@id\":\"https:\/\/bubaclub.com\/es\/#\/schema\/logo\/image\/\"}}]}<\/script>\n<!-- \/ Yoast SEO plugin. -->","yoast_head_json":{"title":"Servei d'Est\u00e8tica - Buba Club","description":"Descobreix el servei d'est\u00e8tica de Buba Fitness Club a Badalona. Tractaments personalitzats per a cuidar-te. Reserva la teva cita avui!","robots":{"index":"index","follow":"follow","max-snippet":"max-snippet:-1","max-image-preview":"max-image-preview:large","max-video-preview":"max-video-preview:-1"},"canonical":"https:\/\/bubaclub.com\/ca\/servei-destetica\/","og_locale":"ca_ES","og_type":"article","og_title":"Servei d'Est\u00e8tica - Buba Club","og_description":"Descobreix el servei d'est\u00e8tica de Buba Fitness Club a Badalona. Tractaments personalitzats per a cuidar-te. Reserva la teva cita avui!","og_url":"https:\/\/bubaclub.com\/ca\/servei-destetica\/","og_site_name":"Buba Club","article_modified_time":"2025-02-04T11:11:14+00:00","og_image":[{"width":800,"height":800,"url":"https:\/\/bubaclub.com\/wp-content\/uploads\/2022\/05\/Diseno-sin-titulo-9.png","type":"image\/png"}],"twitter_card":"summary_large_image","twitter_misc":{"Temps estimat de lectura":"2 minuts"},"schema":{"@context":"https:\/\/schema.org","@graph":[{"@type":"WebPage","@id":"https:\/\/bubaclub.com\/ca\/servei-destetica\/","url":"https:\/\/bubaclub.com\/ca\/servei-destetica\/","name":"Servei d'Est\u00e8tica - Buba Club","isPartOf":{"@id":"https:\/\/bubaclub.com\/es\/#website"},"primaryImageOfPage":{"@id":"https:\/\/bubaclub.com\/ca\/servei-destetica\/#primaryimage"},"image":{"@id":"https:\/\/bubaclub.com\/ca\/servei-destetica\/#primaryimage"},"thumbnailUrl":"https:\/\/bubaclub.com\/wp-content\/uploads\/2022\/05\/Diseno-sin-titulo-9.png","datePublished":"2024-12-05T15:14:12+00:00","dateModified":"2025-02-04T11:11:14+00:00","description":"Descobreix el servei d'est\u00e8tica de Buba Fitness Club a Badalona. Tractaments personalitzats per a cuidar-te. Reserva la teva cita avui!","breadcrumb":{"@id":"https:\/\/bubaclub.com\/ca\/servei-destetica\/#breadcrumb"},"inLanguage":"ca","potentialAction":[{"@type":"ReadAction","target":["https:\/\/bubaclub.com\/ca\/servei-destetica\/"]}]},{"@type":"ImageObject","inLanguage":"ca","@id":"https:\/\/bubaclub.com\/ca\/servei-destetica\/#primaryimage","url":"https:\/\/bubaclub.com\/wp-content\/uploads\/2022\/05\/Diseno-sin-titulo-9.png","contentUrl":"https:\/\/bubaclub.com\/wp-content\/uploads\/2022\/05\/Diseno-sin-titulo-9.png"},{"@type":"BreadcrumbList","@id":"https:\/\/bubaclub.com\/ca\/servei-destetica\/#breadcrumb","itemListElement":[{"@type":"ListItem","position":1,"name":"Home","item":"https:\/\/bubaclub.com\/ca\/"},{"@type":"ListItem","position":2,"name":"Servei d&#8217;Est\u00e8tica"}]},{"@type":"WebSite","@id":"https:\/\/bubaclub.com\/es\/#website","url":"https:\/\/bubaclub.com\/es\/","name":"Buba Club","description":"Buba Club","publisher":{"@id":"https:\/\/bubaclub.com\/es\/#organization"},"potentialAction":[{"@type":"SearchAction","target":{"@type":"EntryPoint","urlTemplate":"https:\/\/bubaclub.com\/es\/?s={search_term_string}"},"query-input":{"@type":"PropertyValueSpecification","valueRequired":true,"valueName":"search_term_string"}}],"inLanguage":"ca"},{"@type":"Organization","@id":"https:\/\/bubaclub.com\/es\/#organization","name":"Buba Club","url":"https:\/\/bubaclub.com\/es\/","logo":{"@type":"ImageObject","inLanguage":"ca","@id":"https:\/\/bubaclub.com\/es\/#\/schema\/logo\/image\/","url":"https:\/\/bubaclub.com\/wp-content\/uploads\/2023\/12\/Buba_logo_Horizontal-nwew-.png","contentUrl":"https:\/\/bubaclub.com\/wp-content\/uploads\/2023\/12\/Buba_logo_Horizontal-nwew-.png","width":1548,"height":633,"caption":"Buba Club"},"image":{"@id":"https:\/\/bubaclub.com\/es\/#\/schema\/logo\/image\/"}}]}},"_links":{"self":[{"href":"https:\/\/bubaclub.com\/ca\/wp-json\/wp\/v2\/pages\/6194","targetHints":{"allow":["GET"]}}],"collection":[{"href":"https:\/\/bubaclub.com\/ca\/wp-json\/wp\/v2\/pages"}],"about":[{"href":"https:\/\/bubaclub.com\/ca\/wp-json\/wp\/v2\/types\/page"}],"author":[{"embeddable":true,"href":"https:\/\/bubaclub.com\/ca\/wp-json\/wp\/v2\/users\/7"}],"replies":[{"embeddable":true,"href":"https:\/\/bubaclub.com\/ca\/wp-json\/wp\/v2\/comments?post=6194"}],"version-history":[{"count":7,"href":"https:\/\/bubaclub.com\/ca\/wp-json\/wp\/v2\/pages\/6194\/revisions"}],"predecessor-version":[{"id":6928,"href":"https:\/\/bubaclub.com\/ca\/wp-json\/wp\/v2\/pages\/6194\/revisions\/6928"}],"wp:attachment":[{"href":"https:\/\/bubaclub.com\/ca\/wp-json\/wp\/v2\/media?parent=6194"}],"curies":[{"name":"wp","href":"https:\/\/api.w.org\/{rel}","templated":true}]}}