{"id":6196,"date":"2024-12-05T15:19:00","date_gmt":"2024-12-05T15:19:00","guid":{"rendered":"https:\/\/bubaclub.com\/servei-nutricional\/"},"modified":"2025-02-04T11:09:12","modified_gmt":"2025-02-04T11:09:12","slug":"servei-nutricional","status":"publish","type":"page","link":"https:\/\/bubaclub.com\/ca\/servei-nutricional\/","title":{"rendered":"Servei Nutricional"},"content":{"rendered":"\t\t<div data-elementor-type=\"wp-page\" data-elementor-id=\"6196\" class=\"elementor elementor-6196 elementor-5635\" data-elementor-post-type=\"page\">\n\t\t\t\t<div class=\"elementor-element elementor-element-01d6fc7 e-flex e-con-boxed e-con e-parent\" data-id=\"01d6fc7\" data-element_type=\"container\" data-e-type=\"container\">\n\t\t\t\t\t<div class=\"e-con-inner\">\n\t\t\t\t<div class=\"elementor-element elementor-element-a9cd5e5 elementor-widget elementor-widget-heading\" data-id=\"a9cd5e5\" data-element_type=\"widget\" data-e-type=\"widget\" data-widget_type=\"heading.default\">\n\t\t\t\t<div class=\"elementor-widget-container\">\n\t\t\t\t\t<h1 class=\"elementor-heading-title elementor-size-default\">SERVEI nutricional<\/h1>\t\t\t\t<\/div>\n\t\t\t\t<\/div>\n\t\t\t\t\t<\/div>\n\t\t\t\t<\/div>\n\t\t<div class=\"elementor-element elementor-element-9415058 e-flex e-con-boxed e-con e-parent\" data-id=\"9415058\" data-element_type=\"container\" data-e-type=\"container\">\n\t\t\t\t\t<div class=\"e-con-inner\">\n\t\t\t\t<div class=\"elementor-element elementor-element-e6e7d91 elementor-widget__width-initial enlaces elementor-widget elementor-widget-text-editor\" data-id=\"e6e7d91\" data-element_type=\"widget\" data-e-type=\"widget\" data-widget_type=\"text-editor.default\">\n\t\t\t\t<div class=\"elementor-widget-container\">\n\t\t\t\t\t\t\t\t\t<p>A BUBA Fitness Club, oferim un <strong>servei nutricional<\/strong> que et ser\u00e0 <strong>fonamental per assolir qualsevol objectiu f\u00edsic<\/strong> . Una alimentaci\u00f3 adequada no sols influeix en la composici\u00f3 corporal, sin\u00f3 que tamb\u00e9 impacta en el rendiment esportiu, la recuperaci\u00f3 muscular i l&#8217;energia di\u00e0ria. <\/p>\n<p><span style=\"background-color: var( --e-global-color-primary ); text-align: var(--text-align);\">El nostre servei nutricional est\u00e0 format per monitors llicenciats a l&#8217;\u00e0rea esportiva i nutricional, que dissenyen <strong>plans alimentaris adaptats<\/strong> a les necessitats individuals de cada persona. No creiem en dietes gen\u00e8riques, sin\u00f3 en <strong>estrat\u00e8gies nutricionals<\/strong> adaptades al teu metabolisme, al nivell d&#8217;activitat f\u00edsica i als objectius espec\u00edfics.   <\/span><\/p>\n\t\t\t\t\t\t\t\t<\/div>\n\t\t\t\t<\/div>\n\t\t<div class=\"elementor-element elementor-element-03caf0e e-con-full e-flex e-con e-child\" data-id=\"03caf0e\" data-element_type=\"container\" data-e-type=\"container\">\n\t\t\t\t<div class=\"elementor-element elementor-element-31077b8 elementor-widget__width-initial elementor-widget elementor-widget-image\" data-id=\"31077b8\" data-element_type=\"widget\" data-e-type=\"widget\" data-widget_type=\"image.default\">\n\t\t\t\t<div class=\"elementor-widget-container\">\n\t\t\t\t\t\t\t\t\t\t\t\t\t\t\t<img fetchpriority=\"high\" decoding=\"async\" width=\"790\" height=\"800\" src=\"https:\/\/bubaclub.com\/wp-content\/uploads\/2022\/05\/Diseno-sin-titulo-e1733405236629.jpg\" class=\"attachment-large size-large wp-image-6010\" alt=\"\" srcset=\"https:\/\/bubaclub.com\/wp-content\/uploads\/2022\/05\/Diseno-sin-titulo-e1733405236629.jpg 790w, https:\/\/bubaclub.com\/wp-content\/uploads\/2022\/05\/Diseno-sin-titulo-e1733405236629-296x300.jpg 296w, https:\/\/bubaclub.com\/wp-content\/uploads\/2022\/05\/Diseno-sin-titulo-e1733405236629-768x778.jpg 768w, https:\/\/bubaclub.com\/wp-content\/uploads\/2022\/05\/Diseno-sin-titulo-e1733405236629-80x80.jpg 80w\" sizes=\"(max-width: 790px) 100vw, 790px\" \/>\t\t\t\t\t\t\t\t\t\t\t\t\t\t\t<\/div>\n\t\t\t\t<\/div>\n\t\t\t\t<\/div>\n\t\t\t\t\t<\/div>\n\t\t\t\t<\/div>\n\t\t<div class=\"elementor-element elementor-element-86f5eb8 e-flex e-con-boxed e-con e-parent\" data-id=\"86f5eb8\" data-element_type=\"container\" data-e-type=\"container\">\n\t\t\t\t\t<div class=\"e-con-inner\">\n\t\t\t\t<div class=\"elementor-element elementor-element-461c57a elementor-widget elementor-widget-text-editor\" data-id=\"461c57a\" data-element_type=\"widget\" data-e-type=\"widget\" data-widget_type=\"text-editor.default\">\n\t\t\t\t<div class=\"elementor-widget-container\">\n\t\t\t\t\t\t\t\t\t<h3><strong style=\"color: white;\">PER QU\u00c8 \u00c9S IMPORTANT UNA BONA NUTRICI\u00d3?<\/strong><\/h3>\n<p>Seguir un pla d&#8217;alimentaci\u00f3 adequat no nom\u00e9s impacta a la composici\u00f3 corporal, sin\u00f3 tamb\u00e9 a l&#8217;energia di\u00e0ria, la recuperaci\u00f3 muscular i el benestar general. Una bona nutrici\u00f3 ajuda a: <\/p>\n<ul>\n<li>Millorar-ne el rendiment f\u00edsic i mental.<\/li>\n<li>Afavorir la recuperaci\u00f3 despr\u00e9s de lexercici, reduint la fatiga muscular.<\/li>\n<li>Optimitzar la digesti\u00f3 i el metabolisme, ajudant a mantenir un pes saludable.<\/li>\n<li>Mantenir un equilibri adequat de macronutrients i micronutrients.<\/li>\n<li>Potenciar el sistema immunol\u00f2gic i millorar el benestar general.<\/li>\n<li>Augmentar els nivells denergia i concentraci\u00f3 al llarg del dia.<\/li>\n<\/ul>\n<h3> <\/h3>\n<h3><strong style=\"color: white;\">DIETA I NUTRICI<\/strong> <strong style=\"color: white;\">\u00d3 AJUSTADES A LES TEVES NECESSITATS<span data-ccp-props=\"{\"335559738\":0,\"335559739\":0}\"> <\/span><\/strong> <\/h3>\n<p><span data-ccp-props=\"{\"335559738\":0,\"335559739\":0}\"> <\/span><span data-contrast=\"auto\">Cada persona t\u00e9 necessitats nutricionals diferents, per la qual cosa dissenyem plans espec\u00edfics en funci\u00f3 dels objectius individuals:<\/span><span data-ccp-props=\"{\"335559738\":0,\"335559739\":0}\"> <\/span><\/p>\n<ul>\n<li><strong>Control i p\u00e8rdua de pes:<\/strong> Un enfocament basat en la reeducaci\u00f3 aliment\u00e0ria per reduir greix corporal de manera saludable i sostenible.<\/li>\n<li><strong>Augment de massa muscular:<\/strong> Estrat\u00e8gies enfocades en un equilibri adequat de macronutrients per afavorir el desenvolupament muscular sense un exc\u00e9s de greix.<\/li>\n<li><strong>Nutrici\u00f3 esportiva:<\/strong> Plans espec\u00edfics per millorar la resist\u00e8ncia, la for\u00e7a i la recuperaci\u00f3 en qualsevol disciplina esportiva.<\/li>\n<\/ul>\n<p><span data-ccp-props=\"{\"335559738\":0,\"335559739\":0}\"> <\/span><span data-contrast=\"auto\">A m\u00e9s, els nostres especialistes us guiaran en la creaci\u00f3 d&#8217;h\u00e0bits alimentaris saludables, ensenyant-vos a estructurar els vostres \u00e0pats de manera eficient per mantenir els resultats en el temps.<\/span><span data-ccp-props=\"{\"335559738\":0,\"335559739\":0}\"> <\/span><\/p>\n\t\t\t\t\t\t\t\t<\/div>\n\t\t\t\t<\/div>\n\t\t\t\t<div class=\"elementor-element elementor-element-8f24a8e elementor-widget elementor-widget-text-editor\" data-id=\"8f24a8e\" data-element_type=\"widget\" data-e-type=\"widget\" data-widget_type=\"text-editor.default\">\n\t\t\t\t<div class=\"elementor-widget-container\">\n\t\t\t\t\t\t\t\t\t<h3><strong style=\"color: white;\">FES LA TEVA RESERVA I ACONSEGUEIX EL TEU OBJECTIU<\/strong><\/h3>\n<p>Si vols millorar la teva alimentaci\u00f3, potenciar el teu rendiment i sentir-te millor, accedeix a <a class=\"Hyperlink SCXW148609121 BCX0\" href=\"https:\/\/bubaclub.provis.es\/Login\" target=\"_blank\" rel=\"noreferrer noopener\"><span class=\"TextRun Underlined SCXW148609121 BCX0\" lang=\"ES-ES\" data-contrast=\"auto\"><span class=\"NormalTextRun SCXW148609121 BCX0\" data-ccp-charstyle=\"Hyperlink\">ZONA SOCIS<\/span><\/span><\/a> i reserva la teva cita amb els nostres experts en nutrici\u00f3. Comen\u00e7a avui el cam\u00ed cap a la teva millor versi\u00f3! <\/p>\n\t\t\t\t\t\t\t\t<\/div>\n\t\t\t\t<\/div>\n\t\t\t\t\t<\/div>\n\t\t\t\t<\/div>\n\t\t\t\t<\/div>\n\t\t","protected":false},"excerpt":{"rendered":"<p>SERVEI nutricional A BUBA Fitness Club, oferim un servei nutricional que et ser\u00e0 fonamental per assolir qualsevol objectiu f\u00edsic . Una alimentaci\u00f3 adequada no sols influeix en la composici\u00f3 corporal, sin\u00f3 que tamb\u00e9 impacta en el rendiment esportiu, la recuperaci\u00f3 muscular i l&#8217;energia di\u00e0ria. El nostre servei nutricional est\u00e0 format per monitors llicenciats a l&#8217;\u00e0rea&#8230;<\/p>\n<div class=\"read-more-link-wrapper\"><a class=\"read-more-link\" href=\"https:\/\/bubaclub.com\/ca\/servei-nutricional\/\">Leer m\u00e1s<i class=\"icon-next\"><\/i><\/a><\/div>\n","protected":false},"author":7,"featured_media":0,"parent":0,"menu_order":0,"comment_status":"closed","ping_status":"closed","template":"","meta":{"_uf_show_specific_survey":0,"_uf_disable_surveys":false,"footnotes":""},"class_list":["post-6196","page","type-page","status-publish","hentry"],"yoast_head":"<!-- This site is optimized with the Yoast SEO plugin v27.1.1 - https:\/\/yoast.com\/product\/yoast-seo-wordpress\/ -->\n<title>Servei Nutricional - Buba Club<\/title>\n<meta name=\"description\" content=\"Millora la teva alimentaci\u00f3 amb el servei nutricional de Buba Fitness Club. Plans personalitzats a Badalona per a aconseguir els teus objectius!\" \/>\n<meta name=\"robots\" content=\"index, follow, max-snippet:-1, max-image-preview:large, max-video-preview:-1\" \/>\n<link rel=\"canonical\" href=\"https:\/\/bubaclub.com\/ca\/servei-nutricional\/\" \/>\n<meta property=\"og:locale\" content=\"ca_ES\" \/>\n<meta property=\"og:type\" content=\"article\" \/>\n<meta property=\"og:title\" content=\"Servei Nutricional - Buba Club\" \/>\n<meta property=\"og:description\" content=\"Millora la teva alimentaci\u00f3 amb el servei nutricional de Buba Fitness Club. Plans personalitzats a Badalona per a aconseguir els teus objectius!\" \/>\n<meta property=\"og:url\" content=\"https:\/\/bubaclub.com\/ca\/servei-nutricional\/\" \/>\n<meta property=\"og:site_name\" content=\"Buba Club\" \/>\n<meta property=\"article:modified_time\" content=\"2025-02-04T11:09:12+00:00\" \/>\n<meta property=\"og:image\" content=\"https:\/\/bubaclub.com\/wp-content\/uploads\/2022\/05\/Diseno-sin-titulo-e1733405236629.jpg\" \/>\n\t<meta property=\"og:image:width\" content=\"790\" \/>\n\t<meta property=\"og:image:height\" content=\"800\" \/>\n\t<meta property=\"og:image:type\" content=\"image\/jpeg\" \/>\n<meta name=\"twitter:card\" content=\"summary_large_image\" \/>\n<meta name=\"twitter:label1\" content=\"Temps estimat de lectura\" \/>\n\t<meta name=\"twitter:data1\" content=\"2 minuts\" \/>\n<script type=\"application\/ld+json\" class=\"yoast-schema-graph\">{\"@context\":\"https:\/\/schema.org\",\"@graph\":[{\"@type\":\"WebPage\",\"@id\":\"https:\/\/bubaclub.com\/ca\/servei-nutricional\/\",\"url\":\"https:\/\/bubaclub.com\/ca\/servei-nutricional\/\",\"name\":\"Servei Nutricional - Buba Club\",\"isPartOf\":{\"@id\":\"https:\/\/bubaclub.com\/es\/#website\"},\"primaryImageOfPage\":{\"@id\":\"https:\/\/bubaclub.com\/ca\/servei-nutricional\/#primaryimage\"},\"image\":{\"@id\":\"https:\/\/bubaclub.com\/ca\/servei-nutricional\/#primaryimage\"},\"thumbnailUrl\":\"https:\/\/bubaclub.com\/wp-content\/uploads\/2022\/05\/Diseno-sin-titulo-e1733405236629.jpg\",\"datePublished\":\"2024-12-05T15:19:00+00:00\",\"dateModified\":\"2025-02-04T11:09:12+00:00\",\"description\":\"Millora la teva alimentaci\u00f3 amb el servei nutricional de Buba Fitness Club. Plans personalitzats a Badalona per a aconseguir els teus objectius!\",\"breadcrumb\":{\"@id\":\"https:\/\/bubaclub.com\/ca\/servei-nutricional\/#breadcrumb\"},\"inLanguage\":\"ca\",\"potentialAction\":[{\"@type\":\"ReadAction\",\"target\":[\"https:\/\/bubaclub.com\/ca\/servei-nutricional\/\"]}]},{\"@type\":\"ImageObject\",\"inLanguage\":\"ca\",\"@id\":\"https:\/\/bubaclub.com\/ca\/servei-nutricional\/#primaryimage\",\"url\":\"https:\/\/bubaclub.com\/wp-content\/uploads\/2022\/05\/Diseno-sin-titulo-e1733405236629.jpg\",\"contentUrl\":\"https:\/\/bubaclub.com\/wp-content\/uploads\/2022\/05\/Diseno-sin-titulo-e1733405236629.jpg\"},{\"@type\":\"BreadcrumbList\",\"@id\":\"https:\/\/bubaclub.com\/ca\/servei-nutricional\/#breadcrumb\",\"itemListElement\":[{\"@type\":\"ListItem\",\"position\":1,\"name\":\"Home\",\"item\":\"https:\/\/bubaclub.com\/ca\/\"},{\"@type\":\"ListItem\",\"position\":2,\"name\":\"Servei Nutricional\"}]},{\"@type\":\"WebSite\",\"@id\":\"https:\/\/bubaclub.com\/es\/#website\",\"url\":\"https:\/\/bubaclub.com\/es\/\",\"name\":\"Buba Club\",\"description\":\"Buba Club\",\"publisher\":{\"@id\":\"https:\/\/bubaclub.com\/es\/#organization\"},\"potentialAction\":[{\"@type\":\"SearchAction\",\"target\":{\"@type\":\"EntryPoint\",\"urlTemplate\":\"https:\/\/bubaclub.com\/es\/?s={search_term_string}\"},\"query-input\":{\"@type\":\"PropertyValueSpecification\",\"valueRequired\":true,\"valueName\":\"search_term_string\"}}],\"inLanguage\":\"ca\"},{\"@type\":\"Organization\",\"@id\":\"https:\/\/bubaclub.com\/es\/#organization\",\"name\":\"Buba Club\",\"url\":\"https:\/\/bubaclub.com\/es\/\",\"logo\":{\"@type\":\"ImageObject\",\"inLanguage\":\"ca\",\"@id\":\"https:\/\/bubaclub.com\/es\/#\/schema\/logo\/image\/\",\"url\":\"https:\/\/bubaclub.com\/wp-content\/uploads\/2023\/12\/Buba_logo_Horizontal-nwew-.png\",\"contentUrl\":\"https:\/\/bubaclub.com\/wp-content\/uploads\/2023\/12\/Buba_logo_Horizontal-nwew-.png\",\"width\":1548,\"height\":633,\"caption\":\"Buba Club\"},\"image\":{\"@id\":\"https:\/\/bubaclub.com\/es\/#\/schema\/logo\/image\/\"}}]}<\/script>\n<!-- \/ Yoast SEO plugin. -->","yoast_head_json":{"title":"Servei Nutricional - Buba Club","description":"Millora la teva alimentaci\u00f3 amb el servei nutricional de Buba Fitness Club. Plans personalitzats a Badalona per a aconseguir els teus objectius!","robots":{"index":"index","follow":"follow","max-snippet":"max-snippet:-1","max-image-preview":"max-image-preview:large","max-video-preview":"max-video-preview:-1"},"canonical":"https:\/\/bubaclub.com\/ca\/servei-nutricional\/","og_locale":"ca_ES","og_type":"article","og_title":"Servei Nutricional - Buba Club","og_description":"Millora la teva alimentaci\u00f3 amb el servei nutricional de Buba Fitness Club. Plans personalitzats a Badalona per a aconseguir els teus objectius!","og_url":"https:\/\/bubaclub.com\/ca\/servei-nutricional\/","og_site_name":"Buba Club","article_modified_time":"2025-02-04T11:09:12+00:00","og_image":[{"width":790,"height":800,"url":"https:\/\/bubaclub.com\/wp-content\/uploads\/2022\/05\/Diseno-sin-titulo-e1733405236629.jpg","type":"image\/jpeg"}],"twitter_card":"summary_large_image","twitter_misc":{"Temps estimat de lectura":"2 minuts"},"schema":{"@context":"https:\/\/schema.org","@graph":[{"@type":"WebPage","@id":"https:\/\/bubaclub.com\/ca\/servei-nutricional\/","url":"https:\/\/bubaclub.com\/ca\/servei-nutricional\/","name":"Servei Nutricional - Buba Club","isPartOf":{"@id":"https:\/\/bubaclub.com\/es\/#website"},"primaryImageOfPage":{"@id":"https:\/\/bubaclub.com\/ca\/servei-nutricional\/#primaryimage"},"image":{"@id":"https:\/\/bubaclub.com\/ca\/servei-nutricional\/#primaryimage"},"thumbnailUrl":"https:\/\/bubaclub.com\/wp-content\/uploads\/2022\/05\/Diseno-sin-titulo-e1733405236629.jpg","datePublished":"2024-12-05T15:19:00+00:00","dateModified":"2025-02-04T11:09:12+00:00","description":"Millora la teva alimentaci\u00f3 amb el servei nutricional de Buba Fitness Club. Plans personalitzats a Badalona per a aconseguir els teus objectius!","breadcrumb":{"@id":"https:\/\/bubaclub.com\/ca\/servei-nutricional\/#breadcrumb"},"inLanguage":"ca","potentialAction":[{"@type":"ReadAction","target":["https:\/\/bubaclub.com\/ca\/servei-nutricional\/"]}]},{"@type":"ImageObject","inLanguage":"ca","@id":"https:\/\/bubaclub.com\/ca\/servei-nutricional\/#primaryimage","url":"https:\/\/bubaclub.com\/wp-content\/uploads\/2022\/05\/Diseno-sin-titulo-e1733405236629.jpg","contentUrl":"https:\/\/bubaclub.com\/wp-content\/uploads\/2022\/05\/Diseno-sin-titulo-e1733405236629.jpg"},{"@type":"BreadcrumbList","@id":"https:\/\/bubaclub.com\/ca\/servei-nutricional\/#breadcrumb","itemListElement":[{"@type":"ListItem","position":1,"name":"Home","item":"https:\/\/bubaclub.com\/ca\/"},{"@type":"ListItem","position":2,"name":"Servei Nutricional"}]},{"@type":"WebSite","@id":"https:\/\/bubaclub.com\/es\/#website","url":"https:\/\/bubaclub.com\/es\/","name":"Buba Club","description":"Buba Club","publisher":{"@id":"https:\/\/bubaclub.com\/es\/#organization"},"potentialAction":[{"@type":"SearchAction","target":{"@type":"EntryPoint","urlTemplate":"https:\/\/bubaclub.com\/es\/?s={search_term_string}"},"query-input":{"@type":"PropertyValueSpecification","valueRequired":true,"valueName":"search_term_string"}}],"inLanguage":"ca"},{"@type":"Organization","@id":"https:\/\/bubaclub.com\/es\/#organization","name":"Buba Club","url":"https:\/\/bubaclub.com\/es\/","logo":{"@type":"ImageObject","inLanguage":"ca","@id":"https:\/\/bubaclub.com\/es\/#\/schema\/logo\/image\/","url":"https:\/\/bubaclub.com\/wp-content\/uploads\/2023\/12\/Buba_logo_Horizontal-nwew-.png","contentUrl":"https:\/\/bubaclub.com\/wp-content\/uploads\/2023\/12\/Buba_logo_Horizontal-nwew-.png","width":1548,"height":633,"caption":"Buba Club"},"image":{"@id":"https:\/\/bubaclub.com\/es\/#\/schema\/logo\/image\/"}}]}},"_links":{"self":[{"href":"https:\/\/bubaclub.com\/ca\/wp-json\/wp\/v2\/pages\/6196","targetHints":{"allow":["GET"]}}],"collection":[{"href":"https:\/\/bubaclub.com\/ca\/wp-json\/wp\/v2\/pages"}],"about":[{"href":"https:\/\/bubaclub.com\/ca\/wp-json\/wp\/v2\/types\/page"}],"author":[{"embeddable":true,"href":"https:\/\/bubaclub.com\/ca\/wp-json\/wp\/v2\/users\/7"}],"replies":[{"embeddable":true,"href":"https:\/\/bubaclub.com\/ca\/wp-json\/wp\/v2\/comments?post=6196"}],"version-history":[{"count":8,"href":"https:\/\/bubaclub.com\/ca\/wp-json\/wp\/v2\/pages\/6196\/revisions"}],"predecessor-version":[{"id":6927,"href":"https:\/\/bubaclub.com\/ca\/wp-json\/wp\/v2\/pages\/6196\/revisions\/6927"}],"wp:attachment":[{"href":"https:\/\/bubaclub.com\/ca\/wp-json\/wp\/v2\/media?parent=6196"}],"curies":[{"name":"wp","href":"https:\/\/api.w.org\/{rel}","templated":true}]}}