{"id":6198,"date":"2024-09-26T10:53:02","date_gmt":"2024-09-26T10:53:02","guid":{"rendered":"https:\/\/bubaclub.com\/treballa-amb-nosaltres\/"},"modified":"2025-01-24T11:37:31","modified_gmt":"2025-01-24T11:37:31","slug":"treballa-amb-nosaltres","status":"publish","type":"page","link":"https:\/\/bubaclub.com\/ca\/treballa-amb-nosaltres\/","title":{"rendered":"Treballa amb nosaltres"},"content":{"rendered":"\t\t<div data-elementor-type=\"wp-page\" data-elementor-id=\"6198\" class=\"elementor elementor-6198 elementor-5162\" data-elementor-post-type=\"page\">\n\t\t\t\t<div class=\"elementor-element elementor-element-9705a72 e-flex e-con-boxed e-con e-parent\" data-id=\"9705a72\" data-element_type=\"container\" data-e-type=\"container\">\n\t\t\t\t\t<div class=\"e-con-inner\">\n\t\t\t\t<div class=\"elementor-element elementor-element-895a96d elementor-widget elementor-widget-heading\" data-id=\"895a96d\" data-element_type=\"widget\" data-e-type=\"widget\" data-widget_type=\"heading.default\">\n\t\t\t\t<div class=\"elementor-widget-container\">\n\t\t\t\t\t<h1 class=\"elementor-heading-title elementor-size-default\">TREBALLA AMB NOSALTRES<\/h1>\t\t\t\t<\/div>\n\t\t\t\t<\/div>\n\t\t\t\t\t<\/div>\n\t\t\t\t<\/div>\n\t\t<div class=\"elementor-element elementor-element-e1532ce e-flex e-con-boxed e-con e-parent\" data-id=\"e1532ce\" data-element_type=\"container\" data-e-type=\"container\">\n\t\t\t\t\t<div class=\"e-con-inner\">\n\t\t<div class=\"elementor-element elementor-element-c199df1 e-con-full e-flex e-con e-child\" data-id=\"c199df1\" data-element_type=\"container\" data-e-type=\"container\">\n\t\t\t\t<div class=\"elementor-element elementor-element-e7a8cbf elementor-widget elementor-widget-heading\" data-id=\"e7a8cbf\" data-element_type=\"widget\" data-e-type=\"widget\" data-widget_type=\"heading.default\">\n\t\t\t\t<div class=\"elementor-widget-container\">\n\t\t\t\t\t<h2 class=\"elementor-heading-title elementor-size-default\">UNEIX-TE AL NOSTRE EQUIP<\/h2>\t\t\t\t<\/div>\n\t\t\t\t<\/div>\n\t\t\t\t<div class=\"elementor-element elementor-element-6a9b5ff textos elementor-widget elementor-widget-text-editor\" data-id=\"6a9b5ff\" data-element_type=\"widget\" data-e-type=\"widget\" data-widget_type=\"text-editor.default\">\n\t\t\t\t<div class=\"elementor-widget-container\">\n\t\t\t\t\t\t\t\t\t<p>En BUBA busquem persones din\u00e0miques, apassionades per l&#8217;esport i amb ganes de continuar aprenent i creixent dins del sector esportiu.<\/p>\n\t\t\t\t\t\t\t\t<\/div>\n\t\t\t\t<\/div>\n\t\t\t\t<\/div>\n\t\t<div class=\"elementor-element elementor-element-8142686 e-con-full e-flex e-con e-child\" data-id=\"8142686\" data-element_type=\"container\" data-e-type=\"container\">\n\t\t\t\t<div class=\"elementor-element elementor-element-e652e85 elementor-widget elementor-widget-heading\" data-id=\"e652e85\" data-element_type=\"widget\" data-e-type=\"widget\" data-widget_type=\"heading.default\">\n\t\t\t\t<div class=\"elementor-widget-container\">\n\t\t\t\t\t<h2 class=\"elementor-heading-title elementor-size-default\">QU\u00c8 OFERIM?<\/h2>\t\t\t\t<\/div>\n\t\t\t\t<\/div>\n\t\t\t\t<div class=\"elementor-element elementor-element-cab7075 textos elementor-widget elementor-widget-text-editor\" data-id=\"cab7075\" data-element_type=\"widget\" data-e-type=\"widget\" data-widget_type=\"text-editor.default\">\n\t\t\t\t<div class=\"elementor-widget-container\">\n\t\t\t\t\t\t\t\t\t<p>Formaci\u00f3 cont\u00ednua: t&#8217;oferim programes de formaci\u00f3 i seguiment constant perqu\u00e8 puguis perfeccionar les teves habilitats i adquirir nous coneixements. Col\u00b7laborem amb entitats l\u00edders com Els Mills, ESHI, HBX Boxing, Zumba Fitnes, LLC, Coaching i vendes i altres assegurant-nos que rebis la formaci\u00f3 i acreditaci\u00f3 m\u00e9s actualitzada i rellevant del sector. <\/p>\n<p>Diversitat de classes: les nostres \u00e0mplies i vers\u00e0tils instal\u00b7lacions et permetran desenvolupar la teva carrera en diferents \u00e0rees, des de classes dirigides fins a activitats aqu\u00e0tiques, adaptades a diferents nivells i estils d&#8217;entrenament.<\/p>\n<p>Diferents targets de socis: En BUBA Fitnes Club, tindr\u00e0s l&#8217;oportunitat de treballar amb una \u00e0mplia varietat de persones, des de nens fins a adults majors, la qual cosa et permetr\u00e0 enriquir la teva experi\u00e8ncia professional.<\/p>\n\t\t\t\t\t\t\t\t<\/div>\n\t\t\t\t<\/div>\n\t\t\t\t<\/div>\n\t\t<div class=\"elementor-element elementor-element-ef126b1 e-con-full e-flex e-con e-child\" data-id=\"ef126b1\" data-element_type=\"container\" data-e-type=\"container\">\n\t\t\t\t<div class=\"elementor-element elementor-element-597ec54 elementor-widget elementor-widget-heading\" data-id=\"597ec54\" data-element_type=\"widget\" data-e-type=\"widget\" data-widget_type=\"heading.default\">\n\t\t\t\t<div class=\"elementor-widget-container\">\n\t\t\t\t\t<h2 class=\"elementor-heading-title elementor-size-default\">OPORTUNITATS DE PR\u00c0CTIQUES<\/h2>\t\t\t\t<\/div>\n\t\t\t\t<\/div>\n\t\t\t\t<div class=\"elementor-element elementor-element-4c4125f textos elementor-widget elementor-widget-text-editor\" data-id=\"4c4125f\" data-element_type=\"widget\" data-e-type=\"widget\" data-widget_type=\"text-editor.default\">\n\t\t\t\t<div class=\"elementor-widget-container\">\n\t\t\t\t\t\t\t\t\t<p>Si est\u00e0s comen\u00e7ant la teva carrera en el m\u00f3n de l&#8217;esport, oferim l&#8217;oportunitat de realitzar les pr\u00e0ctiques en el nostre centre. Estem orgullosos que molts dels nostres t\u00e8cnics van comen\u00e7ar la seva carrera en BUBA Fitnes i segueixen en l&#8217;equip. Fem costat als nous talents i els ajudem a cr\u00e9ixer.  <\/p>\n\t\t\t\t\t\t\t\t<\/div>\n\t\t\t\t<\/div>\n\t\t\t\t<\/div>\n\t\t<div class=\"elementor-element elementor-element-5b6b042 e-con-full e-flex e-con e-child\" data-id=\"5b6b042\" data-element_type=\"container\" data-e-type=\"container\">\n\t\t\t\t<div class=\"elementor-element elementor-element-e196017 elementor-widget elementor-widget-heading\" data-id=\"e196017\" data-element_type=\"widget\" data-e-type=\"widget\" data-widget_type=\"heading.default\">\n\t\t\t\t<div class=\"elementor-widget-container\">\n\t\t\t\t\t<h2 class=\"elementor-heading-title elementor-size-default\">POSICIONS OBERTES<\/h2>\t\t\t\t<\/div>\n\t\t\t\t<\/div>\n\t\t\t\t<div class=\"elementor-element elementor-element-888e706 textos elementor-widget elementor-widget-text-editor\" data-id=\"888e706\" data-element_type=\"widget\" data-e-type=\"widget\" data-widget_type=\"text-editor.default\">\n\t\t\t\t<div class=\"elementor-widget-container\">\n\t\t\t\t\t\t\t\t\t<p>En BUBA Fitnes no sols busquem monitors d&#8217;activitats esportives o de sala. Tamb\u00e9 estem interessats en talents per a altres equips clau: <\/p>\n<ul>\n<li>Recepcionistes<\/li>\n<li>Equip de manteniment<\/li>\n<li>Comercials de vendes<\/li>\n<li>Marketing<\/li>\n<li>Massatgista \/ Quiromassatgista \/ Fisioterapeuta (aut\u00f2nom imprescindible)<\/li>\n<\/ul>\n\t\t\t\t\t\t\t\t<\/div>\n\t\t\t\t<\/div>\n\t\t\t\t<\/div>\n\t\t<div class=\"elementor-element elementor-element-0767059 e-con-full e-flex e-con e-child\" data-id=\"0767059\" data-element_type=\"container\" data-e-type=\"container\">\n\t\t\t\t<div class=\"elementor-element elementor-element-1356f61 elementor-widget elementor-widget-heading\" data-id=\"1356f61\" data-element_type=\"widget\" data-e-type=\"widget\" data-widget_type=\"heading.default\">\n\t\t\t\t<div class=\"elementor-widget-container\">\n\t\t\t\t\t<h2 class=\"elementor-heading-title elementor-size-default\">ENVIA EL TEU CV!<\/h2>\t\t\t\t<\/div>\n\t\t\t\t<\/div>\n\t\t\t\t<div class=\"elementor-element elementor-element-883feb3 textos elementor-widget elementor-widget-text-editor\" data-id=\"883feb3\" data-element_type=\"widget\" data-e-type=\"widget\" data-widget_type=\"text-editor.default\">\n\t\t\t\t<div class=\"elementor-widget-container\">\n\t\t\t\t\t\t\t\t\t<p>Si t&#8217;interessa formar part del nostre equip, emplena el formulari de baix i adjunta el teu CV. Et contactarem quan tinguem una vacant que s&#8217;ajusti al teu perfil. <\/p>\n\t\t\t\t\t\t\t\t<\/div>\n\t\t\t\t<\/div>\n\t\t\t\t<\/div>\n\t\t\t\t<div class=\"elementor-element elementor-element-8e3bd08 elementor-widget__width-inherit eael-contact-form-7-button-align-left eael-contact-form-7-button-custom elementor-widget elementor-widget-eael-contact-form-7\" data-id=\"8e3bd08\" data-element_type=\"widget\" data-e-type=\"widget\" data-widget_type=\"eael-contact-form-7.default\">\n\t\t\t\t<div class=\"elementor-widget-container\">\n\t\t\t\t\t<div class=\"eael-contact-form-7-wrapper\">\n                <div class=\"eael-contact-form eael-contact-form-7 eael-contact-form-8e3bd08 placeholder-show eael-custom-radio-checkbox eael-contact-form-align-default\">\n<div class=\"wpcf7 no-js\" id=\"wpcf7-f6241-o1\" lang=\"ca\" dir=\"ltr\" data-wpcf7-id=\"6241\">\n<div class=\"screen-reader-response\"><p role=\"status\" aria-live=\"polite\" aria-atomic=\"true\"><\/p> <ul><\/ul><\/div>\n<form action=\"\/ca\/wp-json\/wp\/v2\/pages\/6198#wpcf7-f6241-o1\" method=\"post\" class=\"wpcf7-form init\" aria-label=\"Formulari de contacte\" enctype=\"multipart\/form-data\" novalidate=\"novalidate\" data-status=\"init\">\n<fieldset class=\"hidden-fields-container\"><input type=\"hidden\" name=\"_wpcf7\" value=\"6241\" \/><input type=\"hidden\" name=\"_wpcf7_version\" value=\"6.1.5\" \/><input type=\"hidden\" name=\"_wpcf7_locale\" value=\"ca\" \/><input type=\"hidden\" name=\"_wpcf7_unit_tag\" value=\"wpcf7-f6241-o1\" \/><input type=\"hidden\" name=\"_wpcf7_container_post\" value=\"0\" \/><input type=\"hidden\" name=\"_wpcf7_posted_data_hash\" value=\"\" \/>\n<\/fieldset>\n<div class=\"row\">\n\t<div class=\"column\">\n\t\t<p><label> Nom<br \/>\n<span class=\"wpcf7-form-control-wrap\" data-name=\"your-name\"><input size=\"40\" maxlength=\"400\" class=\"wpcf7-form-control wpcf7-text wpcf7-validates-as-required\" aria-required=\"true\" aria-invalid=\"false\" value=\"\" type=\"text\" name=\"your-name\" \/><\/span><br \/>\n<\/label>\n\t\t<\/p>\n\t<\/div>\n\t<div class=\"column\">\n\t\t<p><label> Correu Electr\u00f2nic<br \/>\n<span class=\"wpcf7-form-control-wrap\" data-name=\"your-email\"><input size=\"40\" maxlength=\"400\" class=\"wpcf7-form-control wpcf7-email wpcf7-validates-as-required wpcf7-text wpcf7-validates-as-email\" aria-required=\"true\" aria-invalid=\"false\" value=\"\" type=\"email\" name=\"your-email\" \/><\/span><br \/>\n<\/label>\n\t\t<\/p>\n\t<\/div>\n<\/div>\n<div class=\"row\">\n\t<div class=\"column\">\n\t\t<p><label> Tel\u00e8fon de contacte<br \/>\n<span class=\"wpcf7-form-control-wrap\" data-name=\"tel-930\"><input size=\"40\" maxlength=\"400\" class=\"wpcf7-form-control wpcf7-tel wpcf7-text wpcf7-validates-as-tel\" aria-invalid=\"false\" value=\"\" type=\"tel\" name=\"tel-930\" \/><\/span><br \/>\n<\/label>\n\t\t<\/p>\n\t<\/div>\n\t<div class=\"column\">\n\t\t<p><label> CV<br \/>\n<span class=\"wpcf7-form-control-wrap\" data-name=\"cv\"><input size=\"40\" class=\"wpcf7-form-control wpcf7-file wpcf7-validates-as-required\" accept=\".doc,.docx,.pdf\" aria-required=\"true\" aria-invalid=\"false\" type=\"file\" name=\"cv\" \/><\/span><br \/>\n<\/label>\n\t\t<\/p>\n\t<\/div>\n<\/div>\n<p><label> Missatge<br \/>\n<span class=\"wpcf7-form-control-wrap\" data-name=\"mensaje\"><textarea cols=\"40\" rows=\"10\" maxlength=\"2000\" class=\"wpcf7-form-control wpcf7-textarea\" aria-invalid=\"false\" name=\"mensaje\"><\/textarea><\/span><br \/>\n<\/label>\n<\/p>\n<p><input class=\"wpcf7-form-control btn btn-primary style-2 has-spinner\" type=\"submit\" value=\"Enviar\" \/>\n<\/p><div class=\"wpcf7-response-output\" aria-hidden=\"true\"><\/div>\n<\/form>\n<\/div>\n<\/div>\n            <\/div>\t\t\t\t<\/div>\n\t\t\t\t<\/div>\n\t\t\t\t\t<\/div>\n\t\t\t\t<\/div>\n\t\t\t\t<\/div>\n\t\t","protected":false},"excerpt":{"rendered":"<p>TREBALLA AMB NOSALTRES UNEIX-TE AL NOSTRE EQUIP En BUBA busquem persones din\u00e0miques, apassionades per l&#8217;esport i amb ganes de continuar aprenent i creixent dins del sector esportiu. QU\u00c8 OFERIM? Formaci\u00f3 cont\u00ednua: t&#8217;oferim programes de formaci\u00f3 i seguiment constant perqu\u00e8 puguis perfeccionar les teves habilitats i adquirir nous coneixements. Col\u00b7laborem amb entitats l\u00edders com Els Mills,&#8230;<\/p>\n<div class=\"read-more-link-wrapper\"><a class=\"read-more-link\" href=\"https:\/\/bubaclub.com\/ca\/treballa-amb-nosaltres\/\">Leer m\u00e1s<i class=\"icon-next\"><\/i><\/a><\/div>\n","protected":false},"author":6,"featured_media":0,"parent":0,"menu_order":0,"comment_status":"closed","ping_status":"closed","template":"","meta":{"_uf_show_specific_survey":0,"_uf_disable_surveys":false,"footnotes":""},"class_list":["post-6198","page","type-page","status-publish","hentry"],"yoast_head":"<!-- This site is optimized with the Yoast SEO plugin v27.1.1 - https:\/\/yoast.com\/product\/yoast-seo-wordpress\/ -->\n<title>Treballa amb nosaltres - Buba Club<\/title>\n<meta name=\"description\" content=\"Uneix-te a l&#039;equip de Buba Fitness Club a Badalona. Forma part d&#039;un entorn din\u00e0mic i apassionat pel fitnes. Envia&#039;ns la teva candidatura!\" \/>\n<meta name=\"robots\" content=\"index, follow, max-snippet:-1, max-image-preview:large, max-video-preview:-1\" \/>\n<link rel=\"canonical\" href=\"https:\/\/bubaclub.com\/trabaja-con-nosotros\/\" \/>\n<meta property=\"og:locale\" content=\"ca_ES\" \/>\n<meta property=\"og:type\" content=\"article\" \/>\n<meta property=\"og:title\" content=\"Treballa amb nosaltres - Buba Club\" \/>\n<meta property=\"og:description\" content=\"Uneix-te a l&#039;equip de Buba Fitness Club a Badalona. Forma part d&#039;un entorn din\u00e0mic i apassionat pel fitnes. Envia&#039;ns la teva candidatura!\" \/>\n<meta property=\"og:url\" content=\"https:\/\/bubaclub.com\/trabaja-con-nosotros\/\" \/>\n<meta property=\"og:site_name\" content=\"Buba Club\" \/>\n<meta property=\"article:modified_time\" content=\"2025-01-24T11:37:31+00:00\" \/>\n<meta name=\"twitter:card\" content=\"summary_large_image\" \/>\n<meta name=\"twitter:label1\" content=\"Temps estimat de lectura\" \/>\n\t<meta name=\"twitter:data1\" content=\"1 minut\" \/>\n<script type=\"application\/ld+json\" class=\"yoast-schema-graph\">{\"@context\":\"https:\/\/schema.org\",\"@graph\":[{\"@type\":\"WebPage\",\"@id\":\"https:\/\/bubaclub.com\/trabaja-con-nosotros\/\",\"url\":\"https:\/\/bubaclub.com\/trabaja-con-nosotros\/\",\"name\":\"Treballa amb nosaltres - Buba Club\",\"isPartOf\":{\"@id\":\"https:\/\/bubaclub.com\/es\/#website\"},\"datePublished\":\"2024-09-26T10:53:02+00:00\",\"dateModified\":\"2025-01-24T11:37:31+00:00\",\"description\":\"Uneix-te a l'equip de Buba Fitness Club a Badalona. Forma part d'un entorn din\u00e0mic i apassionat pel fitnes. Envia'ns la teva candidatura!\",\"breadcrumb\":{\"@id\":\"https:\/\/bubaclub.com\/trabaja-con-nosotros\/#breadcrumb\"},\"inLanguage\":\"ca\",\"potentialAction\":[{\"@type\":\"ReadAction\",\"target\":[\"https:\/\/bubaclub.com\/trabaja-con-nosotros\/\"]}]},{\"@type\":\"BreadcrumbList\",\"@id\":\"https:\/\/bubaclub.com\/trabaja-con-nosotros\/#breadcrumb\",\"itemListElement\":[{\"@type\":\"ListItem\",\"position\":1,\"name\":\"Home\",\"item\":\"https:\/\/bubaclub.com\/ca\/\"},{\"@type\":\"ListItem\",\"position\":2,\"name\":\"Treballa amb nosaltres\"}]},{\"@type\":\"WebSite\",\"@id\":\"https:\/\/bubaclub.com\/es\/#website\",\"url\":\"https:\/\/bubaclub.com\/es\/\",\"name\":\"Buba Club\",\"description\":\"Buba Club\",\"publisher\":{\"@id\":\"https:\/\/bubaclub.com\/es\/#organization\"},\"potentialAction\":[{\"@type\":\"SearchAction\",\"target\":{\"@type\":\"EntryPoint\",\"urlTemplate\":\"https:\/\/bubaclub.com\/es\/?s={search_term_string}\"},\"query-input\":{\"@type\":\"PropertyValueSpecification\",\"valueRequired\":true,\"valueName\":\"search_term_string\"}}],\"inLanguage\":\"ca\"},{\"@type\":\"Organization\",\"@id\":\"https:\/\/bubaclub.com\/es\/#organization\",\"name\":\"Buba Club\",\"url\":\"https:\/\/bubaclub.com\/es\/\",\"logo\":{\"@type\":\"ImageObject\",\"inLanguage\":\"ca\",\"@id\":\"https:\/\/bubaclub.com\/es\/#\/schema\/logo\/image\/\",\"url\":\"https:\/\/bubaclub.com\/wp-content\/uploads\/2023\/12\/Buba_logo_Horizontal-nwew-.png\",\"contentUrl\":\"https:\/\/bubaclub.com\/wp-content\/uploads\/2023\/12\/Buba_logo_Horizontal-nwew-.png\",\"width\":1548,\"height\":633,\"caption\":\"Buba Club\"},\"image\":{\"@id\":\"https:\/\/bubaclub.com\/es\/#\/schema\/logo\/image\/\"}}]}<\/script>\n<!-- \/ Yoast SEO plugin. -->","yoast_head_json":{"title":"Treballa amb nosaltres - Buba Club","description":"Uneix-te a l'equip de Buba Fitness Club a Badalona. Forma part d'un entorn din\u00e0mic i apassionat pel fitnes. Envia'ns la teva candidatura!","robots":{"index":"index","follow":"follow","max-snippet":"max-snippet:-1","max-image-preview":"max-image-preview:large","max-video-preview":"max-video-preview:-1"},"canonical":"https:\/\/bubaclub.com\/trabaja-con-nosotros\/","og_locale":"ca_ES","og_type":"article","og_title":"Treballa amb nosaltres - Buba Club","og_description":"Uneix-te a l'equip de Buba Fitness Club a Badalona. Forma part d'un entorn din\u00e0mic i apassionat pel fitnes. Envia'ns la teva candidatura!","og_url":"https:\/\/bubaclub.com\/trabaja-con-nosotros\/","og_site_name":"Buba Club","article_modified_time":"2025-01-24T11:37:31+00:00","twitter_card":"summary_large_image","twitter_misc":{"Temps estimat de lectura":"1 minut"},"schema":{"@context":"https:\/\/schema.org","@graph":[{"@type":"WebPage","@id":"https:\/\/bubaclub.com\/trabaja-con-nosotros\/","url":"https:\/\/bubaclub.com\/trabaja-con-nosotros\/","name":"Treballa amb nosaltres - Buba Club","isPartOf":{"@id":"https:\/\/bubaclub.com\/es\/#website"},"datePublished":"2024-09-26T10:53:02+00:00","dateModified":"2025-01-24T11:37:31+00:00","description":"Uneix-te a l'equip de Buba Fitness Club a Badalona. Forma part d'un entorn din\u00e0mic i apassionat pel fitnes. Envia'ns la teva candidatura!","breadcrumb":{"@id":"https:\/\/bubaclub.com\/trabaja-con-nosotros\/#breadcrumb"},"inLanguage":"ca","potentialAction":[{"@type":"ReadAction","target":["https:\/\/bubaclub.com\/trabaja-con-nosotros\/"]}]},{"@type":"BreadcrumbList","@id":"https:\/\/bubaclub.com\/trabaja-con-nosotros\/#breadcrumb","itemListElement":[{"@type":"ListItem","position":1,"name":"Home","item":"https:\/\/bubaclub.com\/ca\/"},{"@type":"ListItem","position":2,"name":"Treballa amb nosaltres"}]},{"@type":"WebSite","@id":"https:\/\/bubaclub.com\/es\/#website","url":"https:\/\/bubaclub.com\/es\/","name":"Buba Club","description":"Buba Club","publisher":{"@id":"https:\/\/bubaclub.com\/es\/#organization"},"potentialAction":[{"@type":"SearchAction","target":{"@type":"EntryPoint","urlTemplate":"https:\/\/bubaclub.com\/es\/?s={search_term_string}"},"query-input":{"@type":"PropertyValueSpecification","valueRequired":true,"valueName":"search_term_string"}}],"inLanguage":"ca"},{"@type":"Organization","@id":"https:\/\/bubaclub.com\/es\/#organization","name":"Buba Club","url":"https:\/\/bubaclub.com\/es\/","logo":{"@type":"ImageObject","inLanguage":"ca","@id":"https:\/\/bubaclub.com\/es\/#\/schema\/logo\/image\/","url":"https:\/\/bubaclub.com\/wp-content\/uploads\/2023\/12\/Buba_logo_Horizontal-nwew-.png","contentUrl":"https:\/\/bubaclub.com\/wp-content\/uploads\/2023\/12\/Buba_logo_Horizontal-nwew-.png","width":1548,"height":633,"caption":"Buba Club"},"image":{"@id":"https:\/\/bubaclub.com\/es\/#\/schema\/logo\/image\/"}}]}},"_links":{"self":[{"href":"https:\/\/bubaclub.com\/ca\/wp-json\/wp\/v2\/pages\/6198","targetHints":{"allow":["GET"]}}],"collection":[{"href":"https:\/\/bubaclub.com\/ca\/wp-json\/wp\/v2\/pages"}],"about":[{"href":"https:\/\/bubaclub.com\/ca\/wp-json\/wp\/v2\/types\/page"}],"author":[{"embeddable":true,"href":"https:\/\/bubaclub.com\/ca\/wp-json\/wp\/v2\/users\/6"}],"replies":[{"embeddable":true,"href":"https:\/\/bubaclub.com\/ca\/wp-json\/wp\/v2\/comments?post=6198"}],"version-history":[{"count":9,"href":"https:\/\/bubaclub.com\/ca\/wp-json\/wp\/v2\/pages\/6198\/revisions"}],"predecessor-version":[{"id":6830,"href":"https:\/\/bubaclub.com\/ca\/wp-json\/wp\/v2\/pages\/6198\/revisions\/6830"}],"wp:attachment":[{"href":"https:\/\/bubaclub.com\/ca\/wp-json\/wp\/v2\/media?parent=6198"}],"curies":[{"name":"wp","href":"https:\/\/api.w.org\/{rel}","templated":true}]}}