{"id":6200,"date":"2022-04-06T14:27:20","date_gmt":"2022-04-06T14:27:20","guid":{"rendered":"https:\/\/bubaclub.com\/dades-personals\/"},"modified":"2024-12-09T12:01:22","modified_gmt":"2024-12-09T12:01:22","slug":"dades-personals","status":"publish","type":"page","link":"https:\/\/bubaclub.com\/ca\/dades-personals\/","title":{"rendered":"Dades personals"},"content":{"rendered":"\t\t<div data-elementor-type=\"wp-page\" data-elementor-id=\"6200\" class=\"elementor elementor-6200 elementor-3743\" data-elementor-post-type=\"page\">\n\t\t\t\t<div class=\"elementor-element elementor-element-08e491e e-flex e-con-boxed e-con e-parent\" data-id=\"08e491e\" data-element_type=\"container\" data-e-type=\"container\">\n\t\t\t\t\t<div class=\"e-con-inner\">\n\t\t\t\t<div class=\"elementor-element elementor-element-c2f3f4b elementor-widget elementor-widget-heading\" data-id=\"c2f3f4b\" data-element_type=\"widget\" data-e-type=\"widget\" data-widget_type=\"heading.default\">\n\t\t\t\t<div class=\"elementor-widget-container\">\n\t\t\t\t\t<h1 class=\"elementor-heading-title elementor-size-default\">EXERCICI DE DRETS SOBRE DADES PERSONALS: <\/h1>\t\t\t\t<\/div>\n\t\t\t\t<\/div>\n\t\t\t\t\t<\/div>\n\t\t\t\t<\/div>\n\t\t<div class=\"elementor-element elementor-element-4dd26e40 e-flex e-con-boxed e-con e-parent\" data-id=\"4dd26e40\" data-element_type=\"container\" data-e-type=\"container\">\n\t\t\t\t\t<div class=\"e-con-inner\">\n\t\t\t\t<div class=\"elementor-element elementor-element-763e0644 texto elementor-widget elementor-widget-text-editor\" data-id=\"763e0644\" data-element_type=\"widget\" data-e-type=\"widget\" data-widget_type=\"text-editor.default\">\n\t\t\t\t<div class=\"elementor-widget-container\">\n\t\t\t\t\t\t\t\t\t<p><span style=\"font-size: 1rem; letter-spacing: 0px; font-family: var( --e-global-typography-text-font-family ), Sans-serif; text-align: var(--text-align);\">Si desitja exercir els drets que la normativa de protecci\u00f3 de dades li atorga, si us plau, envi\u00ef&#8217;ns un e mail a la seg\u00fcent adre\u00e7a<\/span> <a style=\"font-size: 1rem; letter-spacing: 0px; font-family: var( --e-global-typography-text-font-family ), Sans-serif; text-align: var(--text-align); background-color: #2e323f;\" href=\"mailto:info@bubaclub.com\">info@bubaclub.com<\/a> <span style=\"font-size: 1rem; letter-spacing: 0px; font-family: var( --e-global-typography-text-font-family ), Sans-serif; text-align: var(--text-align);\">posant en l&#8217;assumpte el dret exercitat i adjuntant c\u00f2pia del seu document nacional d&#8217;identitat o passaport.<\/span><\/p>\n<p><\/p>\n<p><\/p>\n<p>Els Drets que pot exercir s\u00f3n:<\/p>\n<p><\/p>\n<p><\/p>\n<ul>\n<li>Acc\u00e9s a les dades<\/li>\n<li>Rectificaci\u00f3 de les dades<\/li>\n<li>Supressi\u00f3 de les dades<\/li>\n<li>Portabilitat de les dades<\/li>\n<li>Limitaci\u00f3 del tractament<\/li>\n<li>Oposici\u00f3 al tractament<\/li>\n<li>A no ser objecte d&#8217;una elaboraci\u00f3 de perfils<\/li>\n<\/ul>\n<p><\/p>\n<p><\/p>\n<p><strong><u>Dret d&#8217;Acc\u00e9s a les dades:<\/u><\/strong><\/p>\n<p><\/p>\n<p><\/p>\n<p>T\u00e9 dret al fet que el Responsable li comuniqui si s&#8217;estan tractant o no les seves dades personals, i en cas que es confirmi el tractament, possibilitar\u00e0 el seu acc\u00e9s facilitant-li la seg\u00fcent informaci\u00f3:<\/p>\n<p><\/p>\n<p><\/p>\n<ul>\n<li>Els fins del tractament.<\/li>\n<li>Les categories de dades de qu\u00e8 es tracti.<\/li>\n<li>El termini o criteris de conservaci\u00f3.<\/li>\n<\/ul>\n<p><\/p>\n<p><\/p>\n<p><strong><u>Dret de rectificaci\u00f3 de les dades<\/u><\/strong>:<\/p>\n<p><\/p>\n<p><\/p>\n<p>Tindr\u00e0 dret al fet que el Responsable rectifiqui les seves dades quan resultin inexactes o incomplets mitjan\u00e7ant una declaraci\u00f3 rectificativa addicional.<\/p>\n<p><\/p>\n<p><\/p>\n<p><strong><u>Dret de Supressi\u00f3 de les dades<\/u><\/strong><\/p>\n<p><\/p>\n<p><\/p>\n<p>L&#8217;interessat tindr\u00e0 dret al fet que el Responsable suprimeixi les seves dades, quan:<\/p>\n<p><\/p>\n<p><\/p>\n<ul>\n<li>El tractament sigui il\u00b7l\u00edcit.<\/li>\n<li>L&#8217;interessat hagi retirat el seu consentiment.<\/li>\n<li>Ja no siguin necessaris en relaci\u00f3 amb els fins per als quals van ser recollits o tractats.<\/li>\n<li>L&#8217;interessat hagi exercit el dret d&#8217;oposici\u00f3 i no prevalguin altres motius leg\u00edtims per al tractament.<\/li>\n<li>Les dades hagin de suprimir-se per a complir una obligaci\u00f3 jur\u00eddica del Responsable.<\/li>\n<\/ul>\n<p><\/p>\n<p><\/p>\n<p>L&#8217;interessat no tindr\u00e0 dret al fet que el Responsable suprimeixi les seves dades quan el tractament sigui necessari:<\/p>\n<p><\/p>\n<p><\/p>\n<ul>\n<li>Per a exercir el dret a la llibertat d&#8217;expressi\u00f3 i informaci\u00f3.<\/li>\n<li>Per a complir una obligaci\u00f3 jur\u00eddica del Responsable.<\/li>\n<li>Per a la formulaci\u00f3, exercici o defensa de reclamacions.<\/li>\n<li>Per inter\u00e8s p\u00fablic fonamentat en la legislaci\u00f3 vigent per raons de salut p\u00fablica o per a fins de recerca hist\u00f2rica, estad\u00edstica o cient\u00edfica.<\/li>\n<\/ul>\n<p><\/p>\n<p><\/p>\n<p><u><strong>Dret de Portabilitat de les dades<\/strong><\/u><br>T\u00e9 dret al fet que el Responsable transmeti les seves dades a un altre Responsable del tractament o al mateix interessat, mitjan\u00e7ant un format estructurat d&#8217;\u00fas habitual i lectura mec\u00e0nica, quan el tractament s&#8217;efectu\u00ef per mitjans automatitzats i es basi en:<\/p>\n<p><\/p>\n<p><\/p>\n<ul>\n<li>El consentiment de l&#8217;interessat per a fins espec\u00edfics.<\/li>\n<li>L&#8217;execuci\u00f3 d&#8217;un contracte o precontracte amb l&#8217;interessat.<\/li>\n<\/ul>\n<p><\/p>\n<p><\/p>\n<p>El dret a la portabilitat de dades no s&#8217;aplicar\u00e0 quan:<\/p>\n<p><\/p>\n<p><\/p>\n<ul>\n<li>Sigui t\u00e8cnicament impossible la transmissi\u00f3.<\/li>\n<li>Pugui afectar negativament els drets i llibertats de tercers.<\/li>\n<li>El tractament tingui una missi\u00f3 d&#8217;inter\u00e8s p\u00fablic fonamentat en la legislaci\u00f3 vigent.<\/li>\n<\/ul>\n<p><\/p>\n<p><\/p>\n<p><strong><u>Dret de Limitaci\u00f3 del tractament<\/u><\/strong><\/p>\n<p><\/p>\n<p><\/p>\n<p>L&#8217;interessat tindr\u00e0 dret a oposar-se al tractament de les seves dades realitzat pel Responsable per motius relacionats amb la seva situaci\u00f3 particular, quan el tractament es basi en:<\/p>\n<p><\/p>\n<p><\/p>\n<ul>\n<li>M\u00e0rqueting directe.<\/li>\n<li>Elaboraci\u00f3 de perfils.<\/li>\n<li>Inter\u00e8s leg\u00edtim del Responsable o tercers, sempre que no prevalguin els interessos o els drets i llibertats de l&#8217;interessat, especialment si \u00e9s un nen.<\/li>\n<li>Recerca hist\u00f2rica, estad\u00edstica o cient\u00edfica, tret que el tractament sigui necessari per motius d&#8217;inter\u00e8s p\u00fablic.<\/li>\n<\/ul>\n<p><\/p>\n<p><\/p>\n<p>Encara que l&#8217;interessat s&#8217;oposi al tractament de les seves dades, el Responsable podr\u00e0 continuar tractant-los sempre que l&#8217;inter\u00e8s leg\u00edtim del Responsable imperi sobre els interessos o els drets i llibertats de l&#8217;interessat en un procediment judicial que el justifiqui.<\/p>\n<p><\/p>\n<p><\/p>\n<p>El Responsable haur\u00e0 d&#8217;informar l&#8217;interessat del dret a oposar-se al tractament de les seves dades de manera expl\u00edcita, clara i separada de qualsevol altra informaci\u00f3, en el moment de la primera comunicaci\u00f3.<\/p>\n<p><\/p>\n<p><\/p>\n<p><strong><u>Dret a no ser objecte d&#8217;una elaboraci\u00f3 de perfils<\/u><\/strong><\/p>\n<p><\/p>\n<p><\/p>\n<p>L&#8217;interessat tindr\u00e0 dret a no ser objecte d&#8217;una elaboraci\u00f3 de perfils la finalitat dels quals sigui adoptar decisions individuals basades en un tractament automatitzat de dades i destinades a avaluar, analitzar o predir els seg\u00fcents aspectes personals:<\/p>\n<p><\/p>\n<p><\/p>\n<ul>\n<li>Rendiment professional.<\/li>\n<li>Situaci\u00f3 econ\u00f2mica.<\/li>\n<li>Salut.<\/li>\n<li>Prefer\u00e8ncies o interessos personals.<\/li>\n<li>Fiabilitat.<\/li>\n<li>Comportament.<\/li>\n<li>Ubicaci\u00f3 o moviments de la persona.<\/li>\n<\/ul>\n<p><\/p>\n<p><\/p>\n<p>Quan l&#8217;elaboraci\u00f3 de perfils es basi \u00fanicament en un tractament automatitzat:<\/p>\n<p><\/p>\n<p><\/p>\n<ul>\n<li>L&#8217;interessat tindr\u00e0 dret a estar informat si la decisi\u00f3 que pugui ser presa pugui produir-li efectes jur\u00eddics que l&#8217;afectin significativament.<\/li>\n<li>L&#8217;interessat tindr\u00e0 dret a obtenir la intervenci\u00f3 humana per part del Responsable, a expressar el seu punt de vista i a impugnar la decisi\u00f3, si el tractament ha estat autoritzat mitjan\u00e7ant:<\/li>\n<li>El consentiment expl\u00edcit de l&#8217;interessat.<\/li>\n<li>Un contracte entre el Responsable i l&#8217;interessat.<\/li>\n<\/ul>\n<p><\/p>\n<p><\/p>\n<p>No s&#8217;aplicar\u00e0 al dret a no ser objecte d&#8217;una elaboraci\u00f3 de perfils quan la decisi\u00f3 que pugui ser presa a conseq\u00fc\u00e8ncia de la mateixa estigui autoritzada mitjan\u00e7ant:<\/p>\n<p><\/p>\n<p><\/p>\n<ul>\n<li>El consentiment expl\u00edcit de l&#8217;interessat.<\/li>\n<li>Un contracte entre el Responsable i l&#8217;interessat.<\/li>\n<li>Un tractament fonamentat en la legislaci\u00f3 vigent.<\/li>\n<\/ul>\n<p><\/p>\t\t\t\t\t\t\t\t<\/div>\n\t\t\t\t<\/div>\n\t\t\t\t\t<\/div>\n\t\t\t\t<\/div>\n\t\t\t\t<\/div>\n\t\t","protected":false},"excerpt":{"rendered":"<p>EXERCICI DE DRETS SOBRE DADES PERSONALS: Si desitja exercir els drets que la normativa de protecci\u00f3 de dades li atorga, si us plau, envi\u00ef&#8217;ns un e mail a la seg\u00fcent adre\u00e7a info@bubaclub.com posant en l&#8217;assumpte el dret exercitat i adjuntant c\u00f2pia del seu document nacional d&#8217;identitat o passaport. Els Drets que pot exercir s\u00f3n: Acc\u00e9s&#8230;<\/p>\n<div class=\"read-more-link-wrapper\"><a class=\"read-more-link\" href=\"https:\/\/bubaclub.com\/ca\/dades-personals\/\">Leer m\u00e1s<i class=\"icon-next\"><\/i><\/a><\/div>\n","protected":false},"author":6,"featured_media":0,"parent":0,"menu_order":0,"comment_status":"closed","ping_status":"closed","template":"","meta":{"_uf_show_specific_survey":0,"_uf_disable_surveys":false,"footnotes":""},"class_list":["post-6200","page","type-page","status-publish","hentry"],"yoast_head":"<!-- This site is optimized with the Yoast SEO plugin v27.1.1 - https:\/\/yoast.com\/product\/yoast-seo-wordpress\/ -->\n<title>Dades personals - Buba Club<\/title>\n<meta name=\"robots\" content=\"index, follow, max-snippet:-1, max-image-preview:large, max-video-preview:-1\" \/>\n<link rel=\"canonical\" href=\"https:\/\/bubaclub.com\/ca\/dades-personals\/\" \/>\n<meta property=\"og:locale\" content=\"ca_ES\" \/>\n<meta property=\"og:type\" content=\"article\" \/>\n<meta property=\"og:title\" content=\"Dades personals - Buba Club\" \/>\n<meta property=\"og:description\" content=\"EXERCICI DE DRETS SOBRE DADES PERSONALS: Si desitja exercir els drets que la normativa de protecci\u00f3 de dades li atorga, si us plau, envi\u00ef&#8217;ns un e mail a la seg\u00fcent adre\u00e7a info@bubaclub.com posant en l&#8217;assumpte el dret exercitat i adjuntant c\u00f2pia del seu document nacional d&#8217;identitat o passaport. Els Drets que pot exercir s\u00f3n: Acc\u00e9s...Leer m\u00e1s\" \/>\n<meta property=\"og:url\" content=\"https:\/\/bubaclub.com\/ca\/dades-personals\/\" \/>\n<meta property=\"og:site_name\" content=\"Buba Club\" \/>\n<meta property=\"article:modified_time\" content=\"2024-12-09T12:01:22+00:00\" \/>\n<meta name=\"twitter:card\" content=\"summary_large_image\" \/>\n<meta name=\"twitter:label1\" content=\"Temps estimat de lectura\" \/>\n\t<meta name=\"twitter:data1\" content=\"4 minuts\" \/>\n<script type=\"application\/ld+json\" class=\"yoast-schema-graph\">{\"@context\":\"https:\/\/schema.org\",\"@graph\":[{\"@type\":\"WebPage\",\"@id\":\"https:\/\/bubaclub.com\/ca\/dades-personals\/\",\"url\":\"https:\/\/bubaclub.com\/ca\/dades-personals\/\",\"name\":\"Dades personals - Buba Club\",\"isPartOf\":{\"@id\":\"https:\/\/bubaclub.com\/es\/#website\"},\"datePublished\":\"2022-04-06T14:27:20+00:00\",\"dateModified\":\"2024-12-09T12:01:22+00:00\",\"breadcrumb\":{\"@id\":\"https:\/\/bubaclub.com\/ca\/dades-personals\/#breadcrumb\"},\"inLanguage\":\"ca\",\"potentialAction\":[{\"@type\":\"ReadAction\",\"target\":[\"https:\/\/bubaclub.com\/ca\/dades-personals\/\"]}]},{\"@type\":\"BreadcrumbList\",\"@id\":\"https:\/\/bubaclub.com\/ca\/dades-personals\/#breadcrumb\",\"itemListElement\":[{\"@type\":\"ListItem\",\"position\":1,\"name\":\"Home\",\"item\":\"https:\/\/bubaclub.com\/ca\/\"},{\"@type\":\"ListItem\",\"position\":2,\"name\":\"Dades personals\"}]},{\"@type\":\"WebSite\",\"@id\":\"https:\/\/bubaclub.com\/es\/#website\",\"url\":\"https:\/\/bubaclub.com\/es\/\",\"name\":\"Buba Club\",\"description\":\"Buba Club\",\"publisher\":{\"@id\":\"https:\/\/bubaclub.com\/es\/#organization\"},\"potentialAction\":[{\"@type\":\"SearchAction\",\"target\":{\"@type\":\"EntryPoint\",\"urlTemplate\":\"https:\/\/bubaclub.com\/es\/?s={search_term_string}\"},\"query-input\":{\"@type\":\"PropertyValueSpecification\",\"valueRequired\":true,\"valueName\":\"search_term_string\"}}],\"inLanguage\":\"ca\"},{\"@type\":\"Organization\",\"@id\":\"https:\/\/bubaclub.com\/es\/#organization\",\"name\":\"Buba Club\",\"url\":\"https:\/\/bubaclub.com\/es\/\",\"logo\":{\"@type\":\"ImageObject\",\"inLanguage\":\"ca\",\"@id\":\"https:\/\/bubaclub.com\/es\/#\/schema\/logo\/image\/\",\"url\":\"https:\/\/bubaclub.com\/wp-content\/uploads\/2023\/12\/Buba_logo_Horizontal-nwew-.png\",\"contentUrl\":\"https:\/\/bubaclub.com\/wp-content\/uploads\/2023\/12\/Buba_logo_Horizontal-nwew-.png\",\"width\":1548,\"height\":633,\"caption\":\"Buba Club\"},\"image\":{\"@id\":\"https:\/\/bubaclub.com\/es\/#\/schema\/logo\/image\/\"}}]}<\/script>\n<!-- \/ Yoast SEO plugin. -->","yoast_head_json":{"title":"Dades personals - Buba Club","robots":{"index":"index","follow":"follow","max-snippet":"max-snippet:-1","max-image-preview":"max-image-preview:large","max-video-preview":"max-video-preview:-1"},"canonical":"https:\/\/bubaclub.com\/ca\/dades-personals\/","og_locale":"ca_ES","og_type":"article","og_title":"Dades personals - Buba Club","og_description":"EXERCICI DE DRETS SOBRE DADES PERSONALS: Si desitja exercir els drets que la normativa de protecci\u00f3 de dades li atorga, si us plau, envi\u00ef&#8217;ns un e mail a la seg\u00fcent adre\u00e7a info@bubaclub.com posant en l&#8217;assumpte el dret exercitat i adjuntant c\u00f2pia del seu document nacional d&#8217;identitat o passaport. Els Drets que pot exercir s\u00f3n: Acc\u00e9s...Leer m\u00e1s","og_url":"https:\/\/bubaclub.com\/ca\/dades-personals\/","og_site_name":"Buba Club","article_modified_time":"2024-12-09T12:01:22+00:00","twitter_card":"summary_large_image","twitter_misc":{"Temps estimat de lectura":"4 minuts"},"schema":{"@context":"https:\/\/schema.org","@graph":[{"@type":"WebPage","@id":"https:\/\/bubaclub.com\/ca\/dades-personals\/","url":"https:\/\/bubaclub.com\/ca\/dades-personals\/","name":"Dades personals - Buba Club","isPartOf":{"@id":"https:\/\/bubaclub.com\/es\/#website"},"datePublished":"2022-04-06T14:27:20+00:00","dateModified":"2024-12-09T12:01:22+00:00","breadcrumb":{"@id":"https:\/\/bubaclub.com\/ca\/dades-personals\/#breadcrumb"},"inLanguage":"ca","potentialAction":[{"@type":"ReadAction","target":["https:\/\/bubaclub.com\/ca\/dades-personals\/"]}]},{"@type":"BreadcrumbList","@id":"https:\/\/bubaclub.com\/ca\/dades-personals\/#breadcrumb","itemListElement":[{"@type":"ListItem","position":1,"name":"Home","item":"https:\/\/bubaclub.com\/ca\/"},{"@type":"ListItem","position":2,"name":"Dades personals"}]},{"@type":"WebSite","@id":"https:\/\/bubaclub.com\/es\/#website","url":"https:\/\/bubaclub.com\/es\/","name":"Buba Club","description":"Buba Club","publisher":{"@id":"https:\/\/bubaclub.com\/es\/#organization"},"potentialAction":[{"@type":"SearchAction","target":{"@type":"EntryPoint","urlTemplate":"https:\/\/bubaclub.com\/es\/?s={search_term_string}"},"query-input":{"@type":"PropertyValueSpecification","valueRequired":true,"valueName":"search_term_string"}}],"inLanguage":"ca"},{"@type":"Organization","@id":"https:\/\/bubaclub.com\/es\/#organization","name":"Buba Club","url":"https:\/\/bubaclub.com\/es\/","logo":{"@type":"ImageObject","inLanguage":"ca","@id":"https:\/\/bubaclub.com\/es\/#\/schema\/logo\/image\/","url":"https:\/\/bubaclub.com\/wp-content\/uploads\/2023\/12\/Buba_logo_Horizontal-nwew-.png","contentUrl":"https:\/\/bubaclub.com\/wp-content\/uploads\/2023\/12\/Buba_logo_Horizontal-nwew-.png","width":1548,"height":633,"caption":"Buba Club"},"image":{"@id":"https:\/\/bubaclub.com\/es\/#\/schema\/logo\/image\/"}}]}},"_links":{"self":[{"href":"https:\/\/bubaclub.com\/ca\/wp-json\/wp\/v2\/pages\/6200","targetHints":{"allow":["GET"]}}],"collection":[{"href":"https:\/\/bubaclub.com\/ca\/wp-json\/wp\/v2\/pages"}],"about":[{"href":"https:\/\/bubaclub.com\/ca\/wp-json\/wp\/v2\/types\/page"}],"author":[{"embeddable":true,"href":"https:\/\/bubaclub.com\/ca\/wp-json\/wp\/v2\/users\/6"}],"replies":[{"embeddable":true,"href":"https:\/\/bubaclub.com\/ca\/wp-json\/wp\/v2\/comments?post=6200"}],"version-history":[{"count":7,"href":"https:\/\/bubaclub.com\/ca\/wp-json\/wp\/v2\/pages\/6200\/revisions"}],"predecessor-version":[{"id":6207,"href":"https:\/\/bubaclub.com\/ca\/wp-json\/wp\/v2\/pages\/6200\/revisions\/6207"}],"wp:attachment":[{"href":"https:\/\/bubaclub.com\/ca\/wp-json\/wp\/v2\/media?parent=6200"}],"curies":[{"name":"wp","href":"https:\/\/api.w.org\/{rel}","templated":true}]}}