{"id":6208,"date":"2022-04-06T14:39:45","date_gmt":"2022-04-06T14:39:45","guid":{"rendered":"https:\/\/bubaclub.com\/politica-de-cookies\/"},"modified":"2024-12-09T12:51:17","modified_gmt":"2024-12-09T12:51:17","slug":"politica-de-cookies","status":"publish","type":"page","link":"https:\/\/bubaclub.com\/ca\/politica-de-cookies\/","title":{"rendered":"Pol\u00edtica de cookies"},"content":{"rendered":"\t\t<div data-elementor-type=\"wp-page\" data-elementor-id=\"6208\" class=\"elementor elementor-6208 elementor-3748\" data-elementor-post-type=\"page\">\n\t\t\t\t<div class=\"elementor-element elementor-element-0c2072a e-flex e-con-boxed e-con e-parent\" data-id=\"0c2072a\" data-element_type=\"container\" data-e-type=\"container\">\n\t\t\t\t\t<div class=\"e-con-inner\">\n\t\t\t\t<div class=\"elementor-element elementor-element-6dcbb37 elementor-widget elementor-widget-heading\" data-id=\"6dcbb37\" data-element_type=\"widget\" data-e-type=\"widget\" data-widget_type=\"heading.default\">\n\t\t\t\t<div class=\"elementor-widget-container\">\n\t\t\t\t\t<h1 class=\"elementor-heading-title elementor-size-default\">POL\u00cdTICA DE COOKIES\n\n\n<\/h1>\t\t\t\t<\/div>\n\t\t\t\t<\/div>\n\t\t\t\t\t<\/div>\n\t\t\t\t<\/div>\n\t\t<div class=\"elementor-element elementor-element-aa4563e e-flex e-con-boxed e-con e-parent\" data-id=\"aa4563e\" data-element_type=\"container\" data-e-type=\"container\">\n\t\t\t\t\t<div class=\"e-con-inner\">\n\t\t\t\t<div class=\"elementor-element elementor-element-66886a5 elementor-widget elementor-widget-text-editor\" data-id=\"66886a5\" data-element_type=\"widget\" data-e-type=\"widget\" data-widget_type=\"text-editor.default\">\n\t\t\t\t<div class=\"elementor-widget-container\">\n\t\t\t\t\t\t\t\t\t\n<p>El nostre lloc web&nbsp;<a href=\"https:\/\/bubaclub.com\/ca\/\">https:\/\/bubaclub.com\/<\/a> (el \u201cLloc web\u201d) pot utilitzar una tecnologia denominada \u201ccookies\u201d amb la finalitat de poder recaptar informaci\u00f3 sobre l&#8217;\u00fas del Lloc web. T&#8217;informem que podr\u00edem utilitzar cookies amb la finalitat de facilitar la teva navegaci\u00f3 a trav\u00e9s del Lloc web, distingir-te d&#8217;altres usuaris, proporcionar-te una millor experi\u00e8ncia en l&#8217;\u00fas d&#8217;aquest, i identificar problemes per a millorar el nostre Lloc web. Aix\u00ed mateix, en cas que prestessis el teu consentiment, podr\u00edem utilitzar cookies que ens permetessin obtenir m\u00e9s informaci\u00f3 sobre les teves prefer\u00e8ncies i personalitzar el nostre Lloc web de conformitat amb els teus interessos individuals.  <\/p>\n\n\n\n<p>La present pol\u00edtica de cookies t\u00e9 per finalitat informar-te de manera clara i precisa sobre les cookies que s&#8217;utilitzen en el nostre Lloc web a cada moment. En cas que vulguis recaptar m\u00e9s informaci\u00f3 sobre les cookies que utilitzem en el Lloc web, pots enviar un correu electr\u00f2nic a la seg\u00fcent adre\u00e7a: info@bubaclub.com <\/p>\n\n\n\n<p><strong>1. Cookies<\/strong><\/p>\n\n\n\n<p>Una cookie \u00e9s un arxiu que es descarrega en el teu equip (ordinador o dispositiu m\u00f2bil) amb la finalitat d&#8217;emmagatzemar dades que podran ser actualitzats i recuperats per l&#8217;entitat responsable de la seva instal\u00b7laci\u00f3.<\/p>\n\n\n\n<p>La informaci\u00f3 recaptada a trav\u00e9s de les cookies pot incloure la data i hora de visites al Lloc web, les p\u00e0gines visionades, el temps que has estat en el nostre lloc web i els llocs visitats just abans i despr\u00e9s d&#8217;aquest.<\/p>\n\n\n\n<p><strong>2. Tipus de cookies que s&#8217;usen en el Lloc web.<\/strong><\/p>\n\n\n\n<p>Cookies de sesi\u00f3:<\/p>\n\n\n\n<p>S\u00f3n aquelles cookies que s\u00f3n enviades al teu ordinador i gestionades exclusivament per nosaltres per al millor funcionament del Lloc web. La informaci\u00f3 que recaptem s&#8217;empra per a millorar la qualitat del nostre servei i la teva experi\u00e8ncia com a usuari. <\/p>\n\n\n\n<p>Cookies persistents:<\/p>\n\n\n\n<p>Aquestes cookies romanen en el teu navegador m\u00e9s temps, permetent-nos recon\u00e8ixer-te com a visitant recurrent del Lloc web i adaptar el contingut per a oferir-li continguts que s&#8217;ajustin a les teves prefer\u00e8ncies. En concret, utilitzem les seg\u00fcents cookies: <\/p>\n\n\n\n<p><strong>2.1. Cookies propias: <\/strong><\/p>\n\n\n\n<p>La nostra web no utilitza cookies pr\u00f2pies<\/p>\n\n\n\n<p><strong>2.2. Cookies anal\u00edticas de terceros <\/strong><\/p>\n\n\n\n<p>2.2.1 Prove\u00efdor: Google Ireland Limited.<\/p>\n\n\n\n<p>\u2022 HSID (2 Anys) i SID (2 Anys): contenen registres encriptats i signats de manera digital de l&#8217;hora d&#8217;inici de sessi\u00f3 m\u00e9s recent i del ID de compte de Google d&#8217;un usuari. La combinaci\u00f3 d&#8217;aquestes dues cookies permet bloquejar molts tipus d&#8217;atacs com, per exemple, intents de robatori del contingut dels formularis que farcides en p\u00e0gines web. <\/p>\n\n\n\n<p>\u2022 NID (6 mesos): Per a personalitzar els anuncis que es mostren en les seves propietats (p. ex., en el cercador de Google). Per exemple, utilitzem aquestes cookies per a recordar les teves cerques m\u00e9s recents, les teves interaccions anteriors amb els resultats de cerca o amb la publicitat d&#8217;un anunciant i les teves visites al lloc web d&#8217;un anunciant. D&#8217;aquest mode, es poden mostrar anuncis personalitzats en Google  <\/p>\n\n\n\n<p>\u20221P_JAR (7 dies) Google usa aquesta cookie per a personalitzar anuncis que poguessin ser del teu inter\u00e8s.<\/p>\n\n\n\n<p>\u2022SSID (1 a\u00f1o) Utilizadas por Google para almacenar las preferencias del usuario y la informaci\u00f3n durante la visualizaci\u00f3n de las p\u00e1ginas con los mapas de Google en ellos.<\/p>\n\n\n\n<p>\u2022 SAPISID (2 Anys): Cookie utilitzada per a gestionar prefer\u00e8ncies d&#8217;usuari.<\/p>\n\n\n\n<p>\u2022 CONSENT (permanent): Cookie que gestiona l&#8217;acceptaci\u00f3 de les cookies de Google.<\/p>\n\n\n\n<p>\u2022 SIDCC (3 mesos): Aquesta cookie \u00e9s utilitzada per Google per a proveir serveis i extreure informaci\u00f3 an\u00f2nima sobre la navegaci\u00f3.<\/p>\n\n\n\n<p>\u2022 APISID (2 anys): Cookie per al funcionament de Doubleclick, avalua l&#8217;efic\u00e0cia de les campanyes de m\u00e0rqueting en l\u00ednia.<\/p>\n\n\n\n<p>\u2022 DV (Sessi\u00f3): Emmagatzemen informaci\u00f3, identificadors i prefer\u00e8ncies relacionats amb Google\u2022OTZ (1 mes) Recopilen informaci\u00f3 sobre les prefer\u00e8ncies per a usar-les amb finalitats publicitaris. Cap d&#8217;aquestes cookies emmagatzema dades personals. <\/p>\n\n\n\n<p>\u2022DSID (7 dies) es pot utilitzar en altres propietats de Google (p. ex., en YouTube) per a mostrar-te anuncis m\u00e9s rellevants.<\/p>\n\n\n\n<p>Si desitges m\u00e9s informaci\u00f3 sobre l&#8217;\u00fas de les cookies de Google Inc., pots contactar amb ells des de la p\u00e0gina <a href=\"http:\/\/www.google.com\/policies\/technologies\/ads\/\">http:\/\/www.google.com\/policies\/technologies\/ads\/.<\/a><\/p>\n\n\n\n<p>2.2.2 Prove\u00efdor: Twitter<\/p>\n\n\n\n<p>\u2022_ga&nbsp;(2 anys) S&#8217;usa per a distingir als usuaris. <\/p>\n\n\n\n<p>\u2022guest_aneu (sessi\u00f3) Aquesta cookie la grava Twitter quan visites alguna p\u00e0gina en la nostra web que inclogui comptadors socials. La seva utilitzaci\u00f3 est\u00e0 destinada al control de la seva publicitat en el seu web. &nbsp;<a href=\"https:\/\/twitter.com\/privacy\">Pol\u00edtica de cookies de Twitter.<\/a><\/p>\n\n\n\n<p>\u2022personalization_id (2 anys) Aquesta cookie s&#8217;estableix a causa de la integraci\u00f3 de Twitter i capacitats d&#8217;intercanvi per a les xarxes socials<\/p>\n\n\n\n<p>\u2022 eu_cn (sesi\u00f3n)<\/p>\n\n\n\n<p>\u2022 tfw_exp (14 d\u00edas)Esta cookie se establece debido a la integraci\u00f3n de Twitter y capacidades de intercambio para las redes sociales.<\/p>\n\n\n\n<p>\u2022syndication_guest_id (2 a\u00f1os) TWITTER utilizado para recolectar informaci\u00f3n sobre la navegaci\u00f3n de los usuarios<\/p>\n\n\n\n<p>comportament amb finalitats de m\u00e0rqueting incloent visualitzaci\u00f3 digital i social publicitat en els mitjans.<\/p>\n\n\n\n<p>Si desitges m\u00e9s informaci\u00f3 sobre l&#8217;\u00fas de les cookies de Twitter pots con\u00e8ixer la seva pol\u00edtica de privacitat des de la p\u00e0gina <a href=\"https:\/\/twitter.com\/es\/privacy\">https:\/\/twitter.com\/es\/privacy<\/a><\/p>\n\n\n\n<p>Adem\u00e1s, si interact\u00faas con el contenido de nuestro Sitio Web tambi\u00e9n pueden establecerse cookies de terceros (por ejemplo, al pulsar botones de redes sociales o visionar v\u00eddeos alojados en otro sitio web).<\/p>\n\n\n\n<p>Incloem a continuaci\u00f3 els enlla\u00e7os els llocs web on pots consultar la descripci\u00f3 del tipus de cookies que utilitzen les xarxes socials a les quals pots accedir des del nostre Lloc web i el seu per\u00edode de &nbsp;expiraci\u00f3:<\/p>\n\n\n\n<p>Youtube, consultar el siguiente enlace: <a href=\"https:\/\/www.youtube.com\/intl\/es\/yt\/about\/policies\/#community-guidelines\">https:\/\/www.youtube.com\/intl\/es\/yt\/about\/policies\/#community-guidelines<\/a><\/p>\n\n\n\n<p>Facebook, consultar el seg\u00fcent enlla\u00e7: https:\/\/es-es.facebook.com\/privacy\/explanation<\/p>\n\n\n\n<p>Instagram, consultar el seg\u00fcent enlla\u00e7: https:\/\/es-la.facebook.com\/help\/instagram\/155833707900388\/?ref=hc_fnav<\/p>\n\n\n\n<p><strong>3. Consentiment<\/strong><\/p>\n\n\n\n<p>En navegar i continuar en el nostre Lloc web estar\u00e0s consentint l&#8217;\u00fas de les cookies abans enunciades, pels terminis assenyalats i en les condicions contingudes en la present Pol\u00edtica de Cookies.<\/p>\n\n\n\n<p>Deshabilitar i bloquejar cookies o retirar el meu consentiment.<\/p>\n\n\n\n<p>En qualsevol cas, t&#8217;informem que at\u00e8s que les cookies no s\u00f3n imprescindibles per a l&#8217;\u00fas del nostre Lloc web, pots bloquejar-les o deshabilitar-les activant la configuraci\u00f3 del seu navegador que li permet rebutjar la instal\u00b7laci\u00f3 de totes les cookies o d&#8217;algunes d&#8217;elles. La pr\u00e0ctica majoria dels navegadors permeten advertir de la pres\u00e8ncia de cookies o rebutjar-les autom\u00e0ticament. Si les rebutges podr\u00e0s continuar usant el nostre Lloc web, encara que l&#8217;\u00fas d&#8217;alguns dels seus serveis podr\u00e0 ser limitat i per tant la teva experi\u00e8ncia en el nostre Lloc web menys satisfact\u00f2ria. Per a m\u00e9s informaci\u00f3 sobre l&#8217;eliminaci\u00f3, *deshabilitaci\u00f3n o bloqueig de les cookies si us plau visita:   <\/p>\n\n\n\n<p><a href=\"http:\/\/www.aboutcookies.org\/Default.aspx?page=2\">http:\/\/www.aboutcookies.org\/Default.aspx?page=2<\/a><\/p>\n\n\n\n<p>Igualment pots trobar informaci\u00f3 sobre com fer-ho en els seg\u00fcents enlla\u00e7os depenent del navegador que utilitzis:<\/p>\n\n\n\n<p>Firefox des de <a href=\"https:\/\/support.mozilla.org\/es\/kb\/habilitar-y-deshabilitar-cookies-sitios-web-rastrear-preferencias\" target=\"_blank\" rel=\"noreferrer noopener\">https:\/\/support.mozilla.org\/es\/kb\/habilitar-y-deshabilitar-cookies-sitios-web-rastrear-preferencias<\/a><\/p>\n\n\n\n<p>Chrome des de <a href=\"http:\/\/support.google.com\/chrome\/bin\/answer.py?hl=es&amp;answer=95647\">http:\/\/support.google.com\/chrome\/bin\/answer.py?hl=es&amp;answer=95647<\/a><\/p>\n\n\n\n<p>Explorer des de <a href=\"http:\/\/windows.microsoft.com\/es-es\/windows7\/how-to-manage-cookies-in-internet-explorer-9\">http:\/\/windows.microsoft.com\/es-es\/windows7\/how-to-manage-cookies-in-internet-explorer-9<\/a><\/p>\n\n\n\n<p>Safari des de <a href=\"http:\/\/support.apple.com\/kb\/ph5042\">http:\/\/support.apple.com\/kb\/ph5042<\/a><\/p>\n\n\n\n<p>Opera des de <a href=\"http:\/\/help.opera.com\/Windows\/11.50\/es-ES\/cookies.html\" target=\"_blank\" rel=\"noreferrer noopener\">http:\/\/help.opera.com\/Windows\/11.50\/es-ES\/cookies.html<\/a>&nbsp;<\/p>\n\n\n\n<p>Si ho desitges pots veure els v\u00eddeos desenvolupats per l&#8217;Ag\u00e8ncia Espanyola de Protecci\u00f3 de Dades amb la finalitat d&#8217;explicar com configurar les opcions de privacitat des de diferents plataformes i equips.<\/p>\n\n\n\n<p><a href=\"https:\/\/www.aepd.es\/videos\/index.html\">https:\/\/www.aepd.es\/videos\/index.html<\/a><\/p>\n\n\n\n<p><strong>4. Canvis en la Pol\u00edtica de Cookies<\/strong><\/p>\n\n\n\n<p>\u00c9s possible que actualitzem la Pol\u00edtica de Cookies del nostre Lloc web, per aix\u00f2 et recomanem revisar aquesta pol\u00edtica cada vegada que accedeixis al nostre Lloc web amb l&#8217;objectiu d&#8217;estar adequadament informat sobre com i per a qu\u00e8 usem les cookies.<\/p>\n\n\n\n<p>La Pol\u00edtica de Cookies es va actualitzar per \u00faltima vegada en data <strong>setembre &nbsp;de 2018<\/strong>.<\/p>\n\t\t\t\t\t\t\t\t<\/div>\n\t\t\t\t<\/div>\n\t\t\t\t\t<\/div>\n\t\t\t\t<\/div>\n\t\t\t\t<\/div>\n\t\t","protected":false},"excerpt":{"rendered":"<p>POL\u00cdTICA DE COOKIES El nostre lloc web&nbsp;https:\/\/bubaclub.com\/ (el \u201cLloc web\u201d) pot utilitzar una tecnologia denominada \u201ccookies\u201d amb la finalitat de poder recaptar informaci\u00f3 sobre l&#8217;\u00fas del Lloc web. T&#8217;informem que podr\u00edem utilitzar cookies amb la finalitat de facilitar la teva navegaci\u00f3 a trav\u00e9s del Lloc web, distingir-te d&#8217;altres usuaris, proporcionar-te una millor experi\u00e8ncia en l&#8217;\u00fas&#8230;<\/p>\n<div class=\"read-more-link-wrapper\"><a class=\"read-more-link\" href=\"https:\/\/bubaclub.com\/ca\/politica-de-cookies\/\">Leer m\u00e1s<i class=\"icon-next\"><\/i><\/a><\/div>\n","protected":false},"author":6,"featured_media":0,"parent":0,"menu_order":0,"comment_status":"closed","ping_status":"closed","template":"","meta":{"_uf_show_specific_survey":0,"_uf_disable_surveys":false,"footnotes":""},"class_list":["post-6208","page","type-page","status-publish","hentry"],"yoast_head":"<!-- This site is optimized with the Yoast SEO plugin v27.1.1 - https:\/\/yoast.com\/product\/yoast-seo-wordpress\/ -->\n<title>Pol\u00edtica de cookies - Buba Club<\/title>\n<meta name=\"robots\" content=\"index, follow, max-snippet:-1, max-image-preview:large, max-video-preview:-1\" \/>\n<link rel=\"canonical\" href=\"https:\/\/bubaclub.com\/ca\/politica-de-cookies\/\" \/>\n<meta property=\"og:locale\" content=\"ca_ES\" \/>\n<meta property=\"og:type\" content=\"article\" \/>\n<meta property=\"og:title\" content=\"Pol\u00edtica de cookies - Buba Club\" \/>\n<meta property=\"og:description\" content=\"POL\u00cdTICA DE COOKIES El nostre lloc web&nbsp;https:\/\/bubaclub.com\/ (el \u201cLloc web\u201d) pot utilitzar una tecnologia denominada \u201ccookies\u201d amb la finalitat de poder recaptar informaci\u00f3 sobre l&#8217;\u00fas del Lloc web. T&#8217;informem que podr\u00edem utilitzar cookies amb la finalitat de facilitar la teva navegaci\u00f3 a trav\u00e9s del Lloc web, distingir-te d&#8217;altres usuaris, proporcionar-te una millor experi\u00e8ncia en l&#8217;\u00fas...Leer m\u00e1s\" \/>\n<meta property=\"og:url\" content=\"https:\/\/bubaclub.com\/ca\/politica-de-cookies\/\" \/>\n<meta property=\"og:site_name\" content=\"Buba Club\" \/>\n<meta property=\"article:modified_time\" content=\"2024-12-09T12:51:17+00:00\" \/>\n<meta name=\"twitter:card\" content=\"summary_large_image\" \/>\n<meta name=\"twitter:label1\" content=\"Temps estimat de lectura\" \/>\n\t<meta name=\"twitter:data1\" content=\"7 minuts\" \/>\n<script type=\"application\/ld+json\" class=\"yoast-schema-graph\">{\"@context\":\"https:\/\/schema.org\",\"@graph\":[{\"@type\":\"WebPage\",\"@id\":\"https:\/\/bubaclub.com\/ca\/politica-de-cookies\/\",\"url\":\"https:\/\/bubaclub.com\/ca\/politica-de-cookies\/\",\"name\":\"Pol\u00edtica de cookies - Buba Club\",\"isPartOf\":{\"@id\":\"https:\/\/bubaclub.com\/es\/#website\"},\"datePublished\":\"2022-04-06T14:39:45+00:00\",\"dateModified\":\"2024-12-09T12:51:17+00:00\",\"breadcrumb\":{\"@id\":\"https:\/\/bubaclub.com\/ca\/politica-de-cookies\/#breadcrumb\"},\"inLanguage\":\"ca\",\"potentialAction\":[{\"@type\":\"ReadAction\",\"target\":[\"https:\/\/bubaclub.com\/ca\/politica-de-cookies\/\"]}]},{\"@type\":\"BreadcrumbList\",\"@id\":\"https:\/\/bubaclub.com\/ca\/politica-de-cookies\/#breadcrumb\",\"itemListElement\":[{\"@type\":\"ListItem\",\"position\":1,\"name\":\"Home\",\"item\":\"https:\/\/bubaclub.com\/ca\/\"},{\"@type\":\"ListItem\",\"position\":2,\"name\":\"Pol\u00edtica de cookies\"}]},{\"@type\":\"WebSite\",\"@id\":\"https:\/\/bubaclub.com\/es\/#website\",\"url\":\"https:\/\/bubaclub.com\/es\/\",\"name\":\"Buba Club\",\"description\":\"Buba Club\",\"publisher\":{\"@id\":\"https:\/\/bubaclub.com\/es\/#organization\"},\"potentialAction\":[{\"@type\":\"SearchAction\",\"target\":{\"@type\":\"EntryPoint\",\"urlTemplate\":\"https:\/\/bubaclub.com\/es\/?s={search_term_string}\"},\"query-input\":{\"@type\":\"PropertyValueSpecification\",\"valueRequired\":true,\"valueName\":\"search_term_string\"}}],\"inLanguage\":\"ca\"},{\"@type\":\"Organization\",\"@id\":\"https:\/\/bubaclub.com\/es\/#organization\",\"name\":\"Buba Club\",\"url\":\"https:\/\/bubaclub.com\/es\/\",\"logo\":{\"@type\":\"ImageObject\",\"inLanguage\":\"ca\",\"@id\":\"https:\/\/bubaclub.com\/es\/#\/schema\/logo\/image\/\",\"url\":\"https:\/\/bubaclub.com\/wp-content\/uploads\/2023\/12\/Buba_logo_Horizontal-nwew-.png\",\"contentUrl\":\"https:\/\/bubaclub.com\/wp-content\/uploads\/2023\/12\/Buba_logo_Horizontal-nwew-.png\",\"width\":1548,\"height\":633,\"caption\":\"Buba Club\"},\"image\":{\"@id\":\"https:\/\/bubaclub.com\/es\/#\/schema\/logo\/image\/\"}}]}<\/script>\n<!-- \/ Yoast SEO plugin. -->","yoast_head_json":{"title":"Pol\u00edtica de cookies - Buba Club","robots":{"index":"index","follow":"follow","max-snippet":"max-snippet:-1","max-image-preview":"max-image-preview:large","max-video-preview":"max-video-preview:-1"},"canonical":"https:\/\/bubaclub.com\/ca\/politica-de-cookies\/","og_locale":"ca_ES","og_type":"article","og_title":"Pol\u00edtica de cookies - Buba Club","og_description":"POL\u00cdTICA DE COOKIES El nostre lloc web&nbsp;https:\/\/bubaclub.com\/ (el \u201cLloc web\u201d) pot utilitzar una tecnologia denominada \u201ccookies\u201d amb la finalitat de poder recaptar informaci\u00f3 sobre l&#8217;\u00fas del Lloc web. T&#8217;informem que podr\u00edem utilitzar cookies amb la finalitat de facilitar la teva navegaci\u00f3 a trav\u00e9s del Lloc web, distingir-te d&#8217;altres usuaris, proporcionar-te una millor experi\u00e8ncia en l&#8217;\u00fas...Leer m\u00e1s","og_url":"https:\/\/bubaclub.com\/ca\/politica-de-cookies\/","og_site_name":"Buba Club","article_modified_time":"2024-12-09T12:51:17+00:00","twitter_card":"summary_large_image","twitter_misc":{"Temps estimat de lectura":"7 minuts"},"schema":{"@context":"https:\/\/schema.org","@graph":[{"@type":"WebPage","@id":"https:\/\/bubaclub.com\/ca\/politica-de-cookies\/","url":"https:\/\/bubaclub.com\/ca\/politica-de-cookies\/","name":"Pol\u00edtica de cookies - Buba Club","isPartOf":{"@id":"https:\/\/bubaclub.com\/es\/#website"},"datePublished":"2022-04-06T14:39:45+00:00","dateModified":"2024-12-09T12:51:17+00:00","breadcrumb":{"@id":"https:\/\/bubaclub.com\/ca\/politica-de-cookies\/#breadcrumb"},"inLanguage":"ca","potentialAction":[{"@type":"ReadAction","target":["https:\/\/bubaclub.com\/ca\/politica-de-cookies\/"]}]},{"@type":"BreadcrumbList","@id":"https:\/\/bubaclub.com\/ca\/politica-de-cookies\/#breadcrumb","itemListElement":[{"@type":"ListItem","position":1,"name":"Home","item":"https:\/\/bubaclub.com\/ca\/"},{"@type":"ListItem","position":2,"name":"Pol\u00edtica de cookies"}]},{"@type":"WebSite","@id":"https:\/\/bubaclub.com\/es\/#website","url":"https:\/\/bubaclub.com\/es\/","name":"Buba Club","description":"Buba Club","publisher":{"@id":"https:\/\/bubaclub.com\/es\/#organization"},"potentialAction":[{"@type":"SearchAction","target":{"@type":"EntryPoint","urlTemplate":"https:\/\/bubaclub.com\/es\/?s={search_term_string}"},"query-input":{"@type":"PropertyValueSpecification","valueRequired":true,"valueName":"search_term_string"}}],"inLanguage":"ca"},{"@type":"Organization","@id":"https:\/\/bubaclub.com\/es\/#organization","name":"Buba Club","url":"https:\/\/bubaclub.com\/es\/","logo":{"@type":"ImageObject","inLanguage":"ca","@id":"https:\/\/bubaclub.com\/es\/#\/schema\/logo\/image\/","url":"https:\/\/bubaclub.com\/wp-content\/uploads\/2023\/12\/Buba_logo_Horizontal-nwew-.png","contentUrl":"https:\/\/bubaclub.com\/wp-content\/uploads\/2023\/12\/Buba_logo_Horizontal-nwew-.png","width":1548,"height":633,"caption":"Buba Club"},"image":{"@id":"https:\/\/bubaclub.com\/es\/#\/schema\/logo\/image\/"}}]}},"_links":{"self":[{"href":"https:\/\/bubaclub.com\/ca\/wp-json\/wp\/v2\/pages\/6208","targetHints":{"allow":["GET"]}}],"collection":[{"href":"https:\/\/bubaclub.com\/ca\/wp-json\/wp\/v2\/pages"}],"about":[{"href":"https:\/\/bubaclub.com\/ca\/wp-json\/wp\/v2\/types\/page"}],"author":[{"embeddable":true,"href":"https:\/\/bubaclub.com\/ca\/wp-json\/wp\/v2\/users\/6"}],"replies":[{"embeddable":true,"href":"https:\/\/bubaclub.com\/ca\/wp-json\/wp\/v2\/comments?post=6208"}],"version-history":[{"count":7,"href":"https:\/\/bubaclub.com\/ca\/wp-json\/wp\/v2\/pages\/6208\/revisions"}],"predecessor-version":[{"id":6215,"href":"https:\/\/bubaclub.com\/ca\/wp-json\/wp\/v2\/pages\/6208\/revisions\/6215"}],"wp:attachment":[{"href":"https:\/\/bubaclub.com\/ca\/wp-json\/wp\/v2\/media?parent=6208"}],"curies":[{"name":"wp","href":"https:\/\/api.w.org\/{rel}","templated":true}]}}