{"id":6216,"date":"2022-04-06T14:42:35","date_gmt":"2022-04-06T14:42:35","guid":{"rendered":"https:\/\/bubaclub.com\/politica-de-privacitat\/"},"modified":"2024-12-09T12:51:43","modified_gmt":"2024-12-09T12:51:43","slug":"politica-de-privacitat","status":"publish","type":"page","link":"https:\/\/bubaclub.com\/ca\/politica-de-privacitat\/","title":{"rendered":"Pol\u00edtica de privacitat"},"content":{"rendered":"\t\t<div data-elementor-type=\"wp-page\" data-elementor-id=\"6216\" class=\"elementor elementor-6216 elementor-3751\" data-elementor-post-type=\"page\">\n\t\t\t\t<div class=\"elementor-element elementor-element-92387b1 e-flex e-con-boxed e-con e-parent\" data-id=\"92387b1\" data-element_type=\"container\" data-e-type=\"container\">\n\t\t\t\t\t<div class=\"e-con-inner\">\n\t\t\t\t<div class=\"elementor-element elementor-element-330414f elementor-widget elementor-widget-heading\" data-id=\"330414f\" data-element_type=\"widget\" data-e-type=\"widget\" data-widget_type=\"heading.default\">\n\t\t\t\t<div class=\"elementor-widget-container\">\n\t\t\t\t\t<h1 class=\"elementor-heading-title elementor-size-default\">POL\u00cdTICA DE PRIVACITAT<\/h1>\t\t\t\t<\/div>\n\t\t\t\t<\/div>\n\t\t\t\t\t<\/div>\n\t\t\t\t<\/div>\n\t\t<div class=\"elementor-element elementor-element-17b8179e e-flex e-con-boxed e-con e-parent\" data-id=\"17b8179e\" data-element_type=\"container\" data-e-type=\"container\">\n\t\t\t\t\t<div class=\"e-con-inner\">\n\t\t\t\t<div class=\"elementor-element elementor-element-1bec018c texto elementor-widget elementor-widget-text-editor\" data-id=\"1bec018c\" data-element_type=\"widget\" data-e-type=\"widget\" data-widget_type=\"text-editor.default\">\n\t\t\t\t<div class=\"elementor-widget-container\">\n\t\t\t\t\t\t\t\t\t<p><strong>1. Qui \u00e9s el Responsable del tractament de les teves dades?<\/strong><\/p>\n<p><\/p>\n<p><\/p>\n<p>El Responsable de les dades i titular de la p\u00e0gina web <a href=\"https:\/\/bubaclub.com\/ca\/\">https:\/\/bubaclub.com\/ <\/a>\u00e9s GIMN\u00c0S INDEPEND\u00c8NCIA S.L. (en endavant BUBA FITNES CLUB), societat mercantil amb domicili situat en C\/Girona 35-37, Badalona 08915, amb CIF B58030156 i inscrita en el Registre Mercantil de Barcelona.<\/p>\n<p><\/p>\n<p><\/p>\n<p>Tel\u00e8fon +34 933 99 83 04<\/p>\n<p><\/p>\n<p><\/p>\n<p>E mail: info@bubaclub.com<\/p>\n<p><\/p>\n<p><\/p>\n<p><strong>2. Amb quina Finalitat tractem les teves dades personals?<\/strong><\/p>\n<p><\/p>\n<p><\/p>\n<p>En BUBA FITNES CLUB tractem la informaci\u00f3 que ens facilites amb la finalitat de gestionar l&#8217;enviament de la informaci\u00f3 que ens sol\u00b7licites o facilitar-te ofertes de serveis segons la sol\u00b7licitud que ens faci arribar, aix\u00ed com gestionar interna i externament les teves activitats com a soci, aix\u00ed com el compliment de les obligacions legals.<\/p>\n<p><\/p>\n<p><\/p>\n<p>T&#8217;informem igualment, que per motius promocionals poden publicar-se, ena la nostra web o en xarxes socials fotografies o v\u00eddeos d&#8217;activitats realitzades dins del centre.<\/p>\n<p><\/p>\n<p><\/p>\n<p>Quant temps conservarem les teves dades?<\/p>\n<p><\/p>\n<p><\/p>\n<p>Les dades personals que ens proporcionis es conservaran mentre es mantingui la relaci\u00f3 i no ens sol\u00b7licitis la seva supressi\u00f3. En tot cas, es conservaran durant el temps necessari per a la prescripci\u00f3 de responsabilitats. <\/p>\n<p><\/p>\n<p><\/p>\n<p><strong>3. Quina \u00e9s la legitimaci\u00f3 per al tractament de les teves dades?<\/strong><\/p>\n<p><\/p>\n<p><\/p>\n<p>La base legal per al tractament de les seves dades \u00e9s el seu consentiment en facilitar-nos les seves dades, aix\u00ed com l&#8217;exist\u00e8ncia d&#8217;una relaci\u00f3 precontractual o contractual.<\/p>\n<p><\/p>\n<p><\/p>\n<p><strong>4. A quins destinataris es comunicaran les teves dades?<\/strong><\/p>\n<p><\/p>\n<p><\/p>\n<p>Les dades que ens facilitis seran incorporats a una base de dades pertanyent a BUBA FITNES CLUB i no seran cedits a tercers. No obstant aix\u00f2, pot ser necessari compartir les teves dades amb prove\u00efdors o professionals col\u00b7laboradors, els quals, en qualsevol cas, estan sotmesos a la corresponent obligaci\u00f3 de confidencialitat i deure de secret professional. <\/p>\n<p><\/p>\n<p><\/p>\n<p><strong>5. Quins s\u00f3n els teus drets quan ens facilites les teves dades?<\/strong><\/p>\n<p><\/p>\n<p><\/p>\n<p>Qualsevol persona t\u00e9 dret a obtenir confirmaci\u00f3 sobre si en BUBA FITNES CLUB estem tractant dades personals que els concerneixin, o no.<\/p>\n<p><\/p>\n<p><\/p>\n<p> Les persones interessades tenen dret a accedir a les seves dades personals, aix\u00ed com a sol\u00b7licitar la rectificaci\u00f3 de les dades inexactes o, si \u00e9s el cas, sol\u00b7licitar la seva supressi\u00f3 quan, entre altres motius, les dades ja no siguin necessaris per als fins que van ser recollits.<\/p>\n<p><\/p>\n<p><\/p>\n<p> En determinades circumst\u00e0ncies, els interessats podran sol\u00b7licitar la limitaci\u00f3 del tractament de les seves dades, i en aquest cas \u00fanicament els conservarem per a l&#8217;exercici o la defensa de reclamacions.<\/p>\n<p><\/p>\n<p><\/p>\n<p> En determinades circumst\u00e0ncies i per motius relacionats amb la seva situaci\u00f3 particular, els interessats podran oposar-se al tractament de les seves dades. BUBA FITNES CLUB deixar\u00e0 de tractar les dades, tret que sigui necessari per motius leg\u00edtims, imperiosos, o l&#8217;exercici o la defensa de possibles reclamacions. <\/p>\n<p><\/p>\n<p><\/p>\n<p>Per a m\u00e9s informaci\u00f3 i per a exercitar els seus drets, si us plau, dirigeixi&#8217;s a l&#8217;apartat <a href=\"https:\/\/bubaclub.com\/ca\/dades-personals\/\">Exerceix els teus Drets <\/a>d&#8217;aquesta mateixa web<\/p>\n<p><\/p>\n<p><\/p>\n<p><strong>6. LEGISLACI\u00d3<\/strong><\/p>\n<p><\/p>\n<p><\/p>\n<p>La present pol\u00edtica de privacitat es regeix en tots i cadascun dels seus extrems pel Reglament General de Protecci\u00f3 de dades de la Uni\u00f3 Europea i altra normativa relacionada.<\/p>\n<p><\/p>\n<p><\/p>\n<p><strong>7. Actualitzaci\u00f3<\/strong><\/p>\n<p><\/p>\n<p><\/p>\n<p>Aquesta pol\u00edtica de privacitat s&#8217;ha revisat per \u00faltima vegada al <strong>setembre de 2024<\/strong><\/p>\n<p><\/p>\t\t\t\t\t\t\t\t<\/div>\n\t\t\t\t<\/div>\n\t\t\t\t\t<\/div>\n\t\t\t\t<\/div>\n\t\t\t\t<\/div>\n\t\t","protected":false},"excerpt":{"rendered":"<p>POL\u00cdTICA DE PRIVACITAT 1. Qui \u00e9s el Responsable del tractament de les teves dades? El Responsable de les dades i titular de la p\u00e0gina web https:\/\/bubaclub.com\/ \u00e9s GIMN\u00c0S INDEPEND\u00c8NCIA S.L. (en endavant BUBA FITNES CLUB), societat mercantil amb domicili situat en C\/Girona 35-37, Badalona 08915, amb CIF B58030156 i inscrita en el Registre Mercantil de&#8230;<\/p>\n<div class=\"read-more-link-wrapper\"><a class=\"read-more-link\" href=\"https:\/\/bubaclub.com\/ca\/politica-de-privacitat\/\">Leer m\u00e1s<i class=\"icon-next\"><\/i><\/a><\/div>\n","protected":false},"author":6,"featured_media":0,"parent":0,"menu_order":0,"comment_status":"closed","ping_status":"closed","template":"","meta":{"_uf_show_specific_survey":0,"_uf_disable_surveys":false,"footnotes":""},"class_list":["post-6216","page","type-page","status-publish","hentry"],"yoast_head":"<!-- This site is optimized with the Yoast SEO plugin v27.1.1 - https:\/\/yoast.com\/product\/yoast-seo-wordpress\/ -->\n<title>Pol\u00edtica de privacitat - Buba Club<\/title>\n<meta name=\"robots\" content=\"index, follow, max-snippet:-1, max-image-preview:large, max-video-preview:-1\" \/>\n<link rel=\"canonical\" href=\"https:\/\/bubaclub.com\/ca\/politica-de-privacitat\/\" \/>\n<meta property=\"og:locale\" content=\"ca_ES\" \/>\n<meta property=\"og:type\" content=\"article\" \/>\n<meta property=\"og:title\" content=\"Pol\u00edtica de privacitat - Buba Club\" \/>\n<meta property=\"og:description\" content=\"POL\u00cdTICA DE PRIVACITAT 1. Qui \u00e9s el Responsable del tractament de les teves dades? El Responsable de les dades i titular de la p\u00e0gina web https:\/\/bubaclub.com\/ \u00e9s GIMN\u00c0S INDEPEND\u00c8NCIA S.L. (en endavant BUBA FITNES CLUB), societat mercantil amb domicili situat en C\/Girona 35-37, Badalona 08915, amb CIF B58030156 i inscrita en el Registre Mercantil de...Leer m\u00e1s\" \/>\n<meta property=\"og:url\" content=\"https:\/\/bubaclub.com\/ca\/politica-de-privacitat\/\" \/>\n<meta property=\"og:site_name\" content=\"Buba Club\" \/>\n<meta property=\"article:modified_time\" content=\"2024-12-09T12:51:43+00:00\" \/>\n<meta name=\"twitter:card\" content=\"summary_large_image\" \/>\n<meta name=\"twitter:label1\" content=\"Temps estimat de lectura\" \/>\n\t<meta name=\"twitter:data1\" content=\"3 minuts\" \/>\n<script type=\"application\/ld+json\" class=\"yoast-schema-graph\">{\"@context\":\"https:\/\/schema.org\",\"@graph\":[{\"@type\":\"WebPage\",\"@id\":\"https:\/\/bubaclub.com\/ca\/politica-de-privacitat\/\",\"url\":\"https:\/\/bubaclub.com\/ca\/politica-de-privacitat\/\",\"name\":\"Pol\u00edtica de privacitat - Buba Club\",\"isPartOf\":{\"@id\":\"https:\/\/bubaclub.com\/es\/#website\"},\"datePublished\":\"2022-04-06T14:42:35+00:00\",\"dateModified\":\"2024-12-09T12:51:43+00:00\",\"breadcrumb\":{\"@id\":\"https:\/\/bubaclub.com\/ca\/politica-de-privacitat\/#breadcrumb\"},\"inLanguage\":\"ca\",\"potentialAction\":[{\"@type\":\"ReadAction\",\"target\":[\"https:\/\/bubaclub.com\/ca\/politica-de-privacitat\/\"]}]},{\"@type\":\"BreadcrumbList\",\"@id\":\"https:\/\/bubaclub.com\/ca\/politica-de-privacitat\/#breadcrumb\",\"itemListElement\":[{\"@type\":\"ListItem\",\"position\":1,\"name\":\"Home\",\"item\":\"https:\/\/bubaclub.com\/ca\/home\/\"},{\"@type\":\"ListItem\",\"position\":2,\"name\":\"Pol\u00edtica de privacitat\"}]},{\"@type\":\"WebSite\",\"@id\":\"https:\/\/bubaclub.com\/es\/#website\",\"url\":\"https:\/\/bubaclub.com\/es\/\",\"name\":\"Buba Club\",\"description\":\"Buba Club\",\"publisher\":{\"@id\":\"https:\/\/bubaclub.com\/es\/#organization\"},\"potentialAction\":[{\"@type\":\"SearchAction\",\"target\":{\"@type\":\"EntryPoint\",\"urlTemplate\":\"https:\/\/bubaclub.com\/es\/?s={search_term_string}\"},\"query-input\":{\"@type\":\"PropertyValueSpecification\",\"valueRequired\":true,\"valueName\":\"search_term_string\"}}],\"inLanguage\":\"ca\"},{\"@type\":\"Organization\",\"@id\":\"https:\/\/bubaclub.com\/es\/#organization\",\"name\":\"Buba Club\",\"url\":\"https:\/\/bubaclub.com\/es\/\",\"logo\":{\"@type\":\"ImageObject\",\"inLanguage\":\"ca\",\"@id\":\"https:\/\/bubaclub.com\/es\/#\/schema\/logo\/image\/\",\"url\":\"https:\/\/bubaclub.com\/wp-content\/uploads\/2023\/12\/Buba_logo_Horizontal-nwew-.png\",\"contentUrl\":\"https:\/\/bubaclub.com\/wp-content\/uploads\/2023\/12\/Buba_logo_Horizontal-nwew-.png\",\"width\":1548,\"height\":633,\"caption\":\"Buba Club\"},\"image\":{\"@id\":\"https:\/\/bubaclub.com\/es\/#\/schema\/logo\/image\/\"}}]}<\/script>\n<!-- \/ Yoast SEO plugin. -->","yoast_head_json":{"title":"Pol\u00edtica de privacitat - Buba Club","robots":{"index":"index","follow":"follow","max-snippet":"max-snippet:-1","max-image-preview":"max-image-preview:large","max-video-preview":"max-video-preview:-1"},"canonical":"https:\/\/bubaclub.com\/ca\/politica-de-privacitat\/","og_locale":"ca_ES","og_type":"article","og_title":"Pol\u00edtica de privacitat - Buba Club","og_description":"POL\u00cdTICA DE PRIVACITAT 1. Qui \u00e9s el Responsable del tractament de les teves dades? El Responsable de les dades i titular de la p\u00e0gina web https:\/\/bubaclub.com\/ \u00e9s GIMN\u00c0S INDEPEND\u00c8NCIA S.L. (en endavant BUBA FITNES CLUB), societat mercantil amb domicili situat en C\/Girona 35-37, Badalona 08915, amb CIF B58030156 i inscrita en el Registre Mercantil de...Leer m\u00e1s","og_url":"https:\/\/bubaclub.com\/ca\/politica-de-privacitat\/","og_site_name":"Buba Club","article_modified_time":"2024-12-09T12:51:43+00:00","twitter_card":"summary_large_image","twitter_misc":{"Temps estimat de lectura":"3 minuts"},"schema":{"@context":"https:\/\/schema.org","@graph":[{"@type":"WebPage","@id":"https:\/\/bubaclub.com\/ca\/politica-de-privacitat\/","url":"https:\/\/bubaclub.com\/ca\/politica-de-privacitat\/","name":"Pol\u00edtica de privacitat - Buba Club","isPartOf":{"@id":"https:\/\/bubaclub.com\/es\/#website"},"datePublished":"2022-04-06T14:42:35+00:00","dateModified":"2024-12-09T12:51:43+00:00","breadcrumb":{"@id":"https:\/\/bubaclub.com\/ca\/politica-de-privacitat\/#breadcrumb"},"inLanguage":"ca","potentialAction":[{"@type":"ReadAction","target":["https:\/\/bubaclub.com\/ca\/politica-de-privacitat\/"]}]},{"@type":"BreadcrumbList","@id":"https:\/\/bubaclub.com\/ca\/politica-de-privacitat\/#breadcrumb","itemListElement":[{"@type":"ListItem","position":1,"name":"Home","item":"https:\/\/bubaclub.com\/ca\/home\/"},{"@type":"ListItem","position":2,"name":"Pol\u00edtica de privacitat"}]},{"@type":"WebSite","@id":"https:\/\/bubaclub.com\/es\/#website","url":"https:\/\/bubaclub.com\/es\/","name":"Buba Club","description":"Buba Club","publisher":{"@id":"https:\/\/bubaclub.com\/es\/#organization"},"potentialAction":[{"@type":"SearchAction","target":{"@type":"EntryPoint","urlTemplate":"https:\/\/bubaclub.com\/es\/?s={search_term_string}"},"query-input":{"@type":"PropertyValueSpecification","valueRequired":true,"valueName":"search_term_string"}}],"inLanguage":"ca"},{"@type":"Organization","@id":"https:\/\/bubaclub.com\/es\/#organization","name":"Buba Club","url":"https:\/\/bubaclub.com\/es\/","logo":{"@type":"ImageObject","inLanguage":"ca","@id":"https:\/\/bubaclub.com\/es\/#\/schema\/logo\/image\/","url":"https:\/\/bubaclub.com\/wp-content\/uploads\/2023\/12\/Buba_logo_Horizontal-nwew-.png","contentUrl":"https:\/\/bubaclub.com\/wp-content\/uploads\/2023\/12\/Buba_logo_Horizontal-nwew-.png","width":1548,"height":633,"caption":"Buba Club"},"image":{"@id":"https:\/\/bubaclub.com\/es\/#\/schema\/logo\/image\/"}}]}},"_links":{"self":[{"href":"https:\/\/bubaclub.com\/ca\/wp-json\/wp\/v2\/pages\/6216","targetHints":{"allow":["GET"]}}],"collection":[{"href":"https:\/\/bubaclub.com\/ca\/wp-json\/wp\/v2\/pages"}],"about":[{"href":"https:\/\/bubaclub.com\/ca\/wp-json\/wp\/v2\/types\/page"}],"author":[{"embeddable":true,"href":"https:\/\/bubaclub.com\/ca\/wp-json\/wp\/v2\/users\/6"}],"replies":[{"embeddable":true,"href":"https:\/\/bubaclub.com\/ca\/wp-json\/wp\/v2\/comments?post=6216"}],"version-history":[{"count":3,"href":"https:\/\/bubaclub.com\/ca\/wp-json\/wp\/v2\/pages\/6216\/revisions"}],"predecessor-version":[{"id":6219,"href":"https:\/\/bubaclub.com\/ca\/wp-json\/wp\/v2\/pages\/6216\/revisions\/6219"}],"wp:attachment":[{"href":"https:\/\/bubaclub.com\/ca\/wp-json\/wp\/v2\/media?parent=6216"}],"curies":[{"name":"wp","href":"https:\/\/api.w.org\/{rel}","templated":true}]}}